{"id":8760,"date":"2022-02-16T23:01:18","date_gmt":"2022-02-16T22:01:18","guid":{"rendered":"https:\/\/wegeblw.pl\/index.php\/produkt\/igly-do-pistoletu-eq-rozmiar-23-6-szt\/"},"modified":"2026-04-10T05:07:34","modified_gmt":"2026-04-10T03:07:34","slug":"igly-do-pistoletu-eq-rozmiar-23-6-szt","status":"publish","type":"product","link":"https:\/\/wegeblw.pl\/index.php\/produkt\/igly-do-pistoletu-eq-rozmiar-23-6-szt\/","title":{"rendered":"Ig\u0142y do pistoletu E&amp;Q, rozmiar 23, 6 szt"},"content":{"rendered":"<p>Okulary S\u0142oneczne Burberry<\/p>\n<p>Okulary przeciws\u0142oneczne damskie<\/p>\n<p>r\u00f3\u017cd\u017cka smaku, pacceri, brak jodu w organizmie, farby be\u017cowy blond, soda oczyszczona jak stosowa\u0107<\/p>\n<p>yyyyy<\/p>\n","protected":false},"excerpt":{"rendered":"<p>Okulary S\u0142oneczne Burberry Okulary przeciws\u0142oneczne damskie r\u00f3\u017cd\u017cka smaku, pacceri, brak jodu w organizmie, farby be\u017cowy blond, soda oczyszczona jak stosowa\u0107&hellip;<\/p>\n","protected":false},"featured_media":8761,"comment_status":"closed","ping_status":"open","template":"","meta":[],"product_cat":[162],"product_tag":[661,720,754],"class_list":["post-8760","product","type-product","status-publish","has-post-thumbnail","hentry","product_cat-wyposazenie-medyczne","product_tag-jak-ugotowac-komose-ryzowa","product_tag-komose","product_tag-zamienniki-miesa"],"_links":{"self":[{"href":"https:\/\/wegeblw.pl\/index.php\/wp-json\/wp\/v2\/product\/8760","targetHints":{"allow":["GET"]}}],"collection":[{"href":"https:\/\/wegeblw.pl\/index.php\/wp-json\/wp\/v2\/product"}],"about":[{"href":"https:\/\/wegeblw.pl\/index.php\/wp-json\/wp\/v2\/types\/product"}],"replies":[{"embeddable":true,"href":"https:\/\/wegeblw.pl\/index.php\/wp-json\/wp\/v2\/comments?post=8760"}],"wp:featuredmedia":[{"embeddable":true,"href":"https:\/\/wegeblw.pl\/index.php\/wp-json\/wp\/v2\/media\/8761"}],"wp:attachment":[{"href":"https:\/\/wegeblw.pl\/index.php\/wp-json\/wp\/v2\/media?parent=8760"}],"wp:term":[{"taxonomy":"product_cat","embeddable":true,"href":"https:\/\/wegeblw.pl\/index.php\/wp-json\/wp\/v2\/product_cat?post=8760"},{"taxonomy":"product_tag","embeddable":true,"href":"https:\/\/wegeblw.pl\/index.php\/wp-json\/wp\/v2\/product_tag?post=8760"}],"curies":[{"name":"wp","href":"https:\/\/api.w.org\/{rel}","templated":true}]}}