{"id":8762,"date":"2014-08-24T14:24:44","date_gmt":"2014-08-24T12:24:44","guid":{"rendered":"https:\/\/wegeblw.pl\/index.php\/produkt\/michalczykprokop-ksiazeczka-zdrowia-a6-530-5\/"},"modified":"2026-04-28T04:49:30","modified_gmt":"2026-04-28T02:49:30","slug":"michalczykprokop-ksiazeczka-zdrowia-a6-530-5","status":"publish","type":"product","link":"https:\/\/wegeblw.pl\/index.php\/produkt\/michalczykprokop-ksiazeczka-zdrowia-a6-530-5\/","title":{"rendered":"Michalczyk&amp;Prokop Ksi\u0105\u017ceczka zdrowia, A6 \/530-5\/"},"content":{"rendered":"<p>Oprawy Okularowe Burberry<\/p>\n<p>Okulary oprawki i szk\u0142a<\/p>\n<p>szare myd\u0142o, seler naciowy, plaskorka, algi do jedzenia, miodowa galaretka z zielona herbata my cafe, soda i ocet co powstaje, drzewo smoczej krwi, r\u00f3\u017cnica siarczan magnezu jednowodny a siedmiowodny, maca czerwona, vit c 1000 mg, witamina d3+k2mk7, nalesniki na sniadanie, koper w\u0142oski herbata, falafele z czym podawa\u0107, skyr co to jest, cynamon ro\u015blina, bio \u017cywno\u015b\u0107, m\u0105ka i woda ksi\u0105\u017cka<\/p>\n<p><a href=\"https:\/\/www.digitent.pl\/lezaki-reklamowe\">le\u017caki promocyjne<\/a><\/p>\n","protected":false},"excerpt":{"rendered":"<p>Oprawy Okularowe Burberry Okulary oprawki i szk\u0142a szare myd\u0142o, seler naciowy, plaskorka, algi do jedzenia, miodowa galaretka z zielona herbata&hellip;<\/p>\n","protected":false},"featured_media":8763,"comment_status":"closed","ping_status":"open","template":"","meta":[],"product_cat":[493],"product_tag":[864,788,664,759,781],"class_list":["post-8762","product","type-product","status-publish","has-post-thumbnail","hentry","product_cat-druki","product_tag-benjamissimo-happy-edition-curcuma-ginger-lemon","product_tag-beyond-meat-burger","product_tag-komoda-ryzowa","product_tag-kurkuma","product_tag-primabiotic-collagen"],"_links":{"self":[{"href":"https:\/\/wegeblw.pl\/index.php\/wp-json\/wp\/v2\/product\/8762","targetHints":{"allow":["GET"]}}],"collection":[{"href":"https:\/\/wegeblw.pl\/index.php\/wp-json\/wp\/v2\/product"}],"about":[{"href":"https:\/\/wegeblw.pl\/index.php\/wp-json\/wp\/v2\/types\/product"}],"replies":[{"embeddable":true,"href":"https:\/\/wegeblw.pl\/index.php\/wp-json\/wp\/v2\/comments?post=8762"}],"wp:featuredmedia":[{"embeddable":true,"href":"https:\/\/wegeblw.pl\/index.php\/wp-json\/wp\/v2\/media\/8763"}],"wp:attachment":[{"href":"https:\/\/wegeblw.pl\/index.php\/wp-json\/wp\/v2\/media?parent=8762"}],"wp:term":[{"taxonomy":"product_cat","embeddable":true,"href":"https:\/\/wegeblw.pl\/index.php\/wp-json\/wp\/v2\/product_cat?post=8762"},{"taxonomy":"product_tag","embeddable":true,"href":"https:\/\/wegeblw.pl\/index.php\/wp-json\/wp\/v2\/product_tag?post=8762"}],"curies":[{"name":"wp","href":"https:\/\/api.w.org\/{rel}","templated":true}]}}