{"id":8768,"date":"2018-01-19T14:50:48","date_gmt":"2018-01-19T13:50:48","guid":{"rendered":"https:\/\/wegeblw.pl\/index.php\/produkt\/rekawice-winylowe-bezpudrowe-rekawiczki-100szt-l\/"},"modified":"2026-04-07T14:58:10","modified_gmt":"2026-04-07T12:58:10","slug":"rekawice-winylowe-bezpudrowe-rekawiczki-100szt-l","status":"publish","type":"product","link":"https:\/\/wegeblw.pl\/index.php\/produkt\/rekawice-winylowe-bezpudrowe-rekawiczki-100szt-l\/","title":{"rendered":"R\u0119kawice Winylowe Bezpudrowe R\u0119kawiczki 100szt. L"},"content":{"rendered":"<p>Izolat CBD 30ml no.15 Eir Health ( 1500mg of CBD Extract)polskiego producenta Eir HealthIZOLAT CBD W FORMIE OLEJU ZAWIERAJ\u0104CY 0% THCNO.15 | 1500 MG \u015aREDNIE ST\u0118\u017bENIE CBDDobry wyb\u00f3r dla pocz\u0105tkuj\u0105cych i \u015brednio zaawansowanych u\u017cytkownik\u00f3w. Pojedyncza dawka ISO.15 to 1ml zawieraj\u0105cy 50mg CBD. Najcz\u0119\u015bciej wybierany przez osoby szukaj\u0105ce wspracia w przypadku lekkich lub \u015brednich problem\u00f3w ze stanami l\u0119kowymi, stresem, przewlek\u0142ym b\u00f3lem lub stanami zapalnymi oraz jako wsparcie regeneracji po ma\u0142o i \u015brednio intensywnych treningach.Wszystkie oleje firmy Eir Health s\u0105 produkowane w Polsce, konopie pochodz\u0105 z w\u0142asnych ekologicznych upraw. gotowy produkt badamy w laboratoriach SC Labs w Kalifornii.Od nasionka, a\u017c po ostateczny produkt w Twoich r\u0119kach, firma Eir Health kontroluje ca\u0142y proces produkcji ka\u017cdego olejku CBD ze swojej oferty. Bez nawoz\u00f3w, bez zb\u0119dnych dodatk\u00f3w w czasie produkcji. . Produkty Eir Health s\u0105 w pe\u0142ni legalne i zgodne z polskimi przepisami prawnymi.Esencja natury zawarta w butelceOleje Eir Health CBD powstaj\u0105 z organicznych upraw konopii zlokalizowanych w Polsce ( Wielkopolska). Do uprawy ro\u015blin nie u\u017cywamy ani pestycyd\u00f3w, ani \u015brodk\u00f3w chemicznych. Ka\u017cde pole podlega \u015bcis\u0142emu nadzorowi naszego departamentu kontroli, kt\u00f3ry decyduje kt\u00f3re ro\u015bliny zagwarantuj\u0105 nam najwy\u017cszej jako\u015bci produkt ko\u0144cowy.Izolaty Pure Iso to seria najwy\u017cszej jako\u015bci izolat\u00f3w CBD w formie oleju, z zerow\u0105 zawarto\u015bci\u0105 THC. Produkowana z naszych organicznych upraw konopi, seria Pure Iso to idealny wyb\u00f3r dla os\u00f3b, kt\u00f3re nie mog\u0105 lub nie chc\u0105 przyjmowa\u0107 nawet \u015bladowych ilo\u015bci THC. Izolat CBD b\u0119dzie tak\u017ce \u015bwietnym wyborem dla pacjent\u00f3w poszukuj\u0105cych precyzyjnych dawek medycznych lub zawodowych sportowc\u00f3w testowanych przez WADA.IZLOAT najwy\u017cszej jako\u015bci6 powod\u00f3w, dla kt\u00f3rych warto wybra\u0107 oleje CBD Eir Health:1. 100% ORGANICZNA KONOPIAOleje Eir Health CBD powstaj\u0105 z organicznych upraw konopii zlokalizowanych w Polsce i Chorwacji. Do uprawy ro\u015blin nie u\u017cywamy ani pestycyd\u00f3w, ani \u015brodk\u00f3w chemicznych. Nasiona pochodza od atestowanych przez Komisj\u0119 Unii Europejskiej sprzedawc\u00f3w, gwarantuj\u0105cych najwy\u017csz\u0105 jako\u015b\u0107 potwierdzon\u0105 przez EFSA (European Food Safety Authority).2.FORMU\u0141A STWORZONA PRZEZ FARMACEUT\u00d3WKa\u017cda seria produkt\u00f3w testowana jest wielokrotnie na ka\u017cdym etapie produkcji w celu zapewnienia najwy\u017cszego standardu produktu finalnego. Daje to pewno\u015b\u0107 odpowiedniej zawarto\u015bci kannabinoid\u00f3w i bezpiecze\u0144stwa olej\u00f3w Eir Health. Nasze procesy produkcji spe\u0142niaj\u0105 wszystkie wymogi GAP i GACP.3.TESTOWANE W NIEZALE\u017bNYCH LABORATORIACH W USA I EUWszystkie partie produkt\u00f3w Eir Health s\u0105 testowane i analizowane pod k\u0105tem w\u0142a\u015bciwej proporcji kannabinoid\u00f3w i adekwatno\u015bci mikrobiologicznej przez specjalistyczne laboratorium SC Labs z Kalifornii. SC Labs to eksperci w zakresie produkt\u00f3w konopnych, a z ich us\u0142ug korzystaj\u0105 czo\u0142owi \u015bwiatowi producenci.4.PE\u0141NE SPEKTRUM KANNABINOID\u00d3WProdukty zawieraj\u0105ce pe\u0142ne spektrum kannabinoid\u00f3w zawieraj\u0105 nie tylko CBD, ale tak\u017ce inne wa\u017cne kannabinoidy takie jak CBDa, CBC, CBG i niewielkie (legalne) ilo\u015bci THC. Jest to pe\u0142ny ekstrakt z ro\u015bliny, najbli\u017cszy jej naturalnej formie. Poza kannabinoidami znajdziemy w nim terpeny oraz inne oleje kt\u00f3re wsp\u00f3lnie oddzia\u0142uj\u0105 znacznie skuteczniej ni\u017c izolat. CBD5.100% WEGA\u0143SKIEOleje Eir Health CBD powstaj\u0105 na bazie konopii, nie zawieraj\u0105 wi\u0119c \u017cadnych sk\u0142adnik\u00f3w pochodzenia zwierz\u0119cego. Oleje CBD od Eir Health s\u0105 nie tylko wega\u0144skie, ale nie zawieraj\u0105 tak\u017ce \u017cadnych sztucznych dodatk\u00f3w, barwnik\u00f3w, metali ci\u0119\u017ckich, aromat\u00f3w ani konserwant\u00f3w.6.WYSOKIEJ JAKO\u015aCI EKSTRAKCJA CO2Nadkrytyczna ekstrakcja CO2 to najczystsza i najlepsza metoda ekstrakcji CBD, kt\u00f3ra dodatkowo gwarantuje zachowanie wielu cenny mikrosk\u0142adnik\u00f3w wyst\u0119puj\u0105cych w ro\u015blinie. Dzi\u0119ki zastosowaniu tej metody, unikneli\u015bmy wykorzystania w produkcji etanolu oraz innych rozpuszczalnik\u00f3w, cz\u0119sto wykorzystywanych przez innych producent\u00f3w.Izolaty Eir Health nie zawieraj\u0105:PARABEN\u00d3WSZTUCZNYCH DODATK\u00d3W SMAKOWYCHAROMAT\u00d3W I KONSERWANT\u00d3WTOKSYNMETALI CI\u0118\u017bKICHGLUTENU (naturalnie)ALERGEN\u00d3W<\/p>\n<p>Preparaty medycyny naturalnej<\/p>\n<p>zdrowe platki, super jedzenie, kotlet meksyka\u0144ski, lody bio, rodzaje ma\u0142\u017c, co zamiast skrobi kukurydzianej, woda z imbirem w proszku, pieprz mielony, a m\u0105ka, irenki ciastka, skutki picia kawy na pusty \u017co\u0142\u0105dek, jak pozby\u0107 si\u0119 wody w organizmie, czekolada 80 kakao, rzepakowy, herbata roibos, bulion w kostkach<\/p>\n<p>yyyyy<\/p>\n","protected":false},"excerpt":{"rendered":"<p>Izolat CBD 30ml no.15 Eir Health ( 1500mg of CBD Extract)polskiego producenta Eir HealthIZOLAT CBD W FORMIE OLEJU ZAWIERAJ\u0104CY 0%&hellip;<\/p>\n","protected":false},"featured_media":8769,"comment_status":"closed","ping_status":"open","template":"","meta":[],"product_cat":[162],"product_tag":[854,819,824,623,654],"class_list":["post-8768","product","type-product","status-publish","has-post-thumbnail","hentry","product_cat-wyposazenie-medyczne","product_tag-ecomil","product_tag-kosze-prezentowe","product_tag-miso-pasta","product_tag-mleko-roslinne","product_tag-plastik-w-oceanach"],"_links":{"self":[{"href":"https:\/\/wegeblw.pl\/index.php\/wp-json\/wp\/v2\/product\/8768","targetHints":{"allow":["GET"]}}],"collection":[{"href":"https:\/\/wegeblw.pl\/index.php\/wp-json\/wp\/v2\/product"}],"about":[{"href":"https:\/\/wegeblw.pl\/index.php\/wp-json\/wp\/v2\/types\/product"}],"replies":[{"embeddable":true,"href":"https:\/\/wegeblw.pl\/index.php\/wp-json\/wp\/v2\/comments?post=8768"}],"wp:featuredmedia":[{"embeddable":true,"href":"https:\/\/wegeblw.pl\/index.php\/wp-json\/wp\/v2\/media\/8769"}],"wp:attachment":[{"href":"https:\/\/wegeblw.pl\/index.php\/wp-json\/wp\/v2\/media?parent=8768"}],"wp:term":[{"taxonomy":"product_cat","embeddable":true,"href":"https:\/\/wegeblw.pl\/index.php\/wp-json\/wp\/v2\/product_cat?post=8768"},{"taxonomy":"product_tag","embeddable":true,"href":"https:\/\/wegeblw.pl\/index.php\/wp-json\/wp\/v2\/product_tag?post=8768"}],"curies":[{"name":"wp","href":"https:\/\/api.w.org\/{rel}","templated":true}]}}