{"id":8786,"date":"2013-04-10T17:46:22","date_gmt":"2013-04-10T15:46:22","guid":{"rendered":"https:\/\/wegeblw.pl\/index.php\/produkt\/boiron-sepia-officinalis-1-mk-4-g\/"},"modified":"2026-04-07T03:16:12","modified_gmt":"2026-04-07T01:16:12","slug":"boiron-sepia-officinalis-1-mk-4-g","status":"publish","type":"product","link":"https:\/\/wegeblw.pl\/index.php\/produkt\/boiron-sepia-officinalis-1-mk-4-g\/","title":{"rendered":"Boiron Sepia Officinalis 1 MK 4 g"},"content":{"rendered":"<p>Sok z brzozy marki Oleofarm otrzymywany jest wczesn\u0105 wiosn\u0105 z pni drzew brzozy i zbierany jest w okresie od pojawienia si\u0119 pierwszych p\u0105czk\u00f3w na drzewie do czasu rozwini\u0119cia si\u0119 li\u015bci. Charakteryzuje si\u0119 jasno s\u0142omkowym kolorem i neutralnym, delikatnym smakiem. Sok z brzozy stanowi doskona\u0142e uzupe\u0142nienie codziennej diety i mo\u017ce by\u0107 spo\u017cywany przez osoby w ka\u017cdym wieku, r\u00f3wnie\u017c dzieci. Warto go pi\u0107 zw\u0142aszcza w okresie jesienno-zimowym i w okresie przesilenia wiosennego, poniewa\u017c wzmacnia odporno\u015b\u0107 i wspomaga w walce z wirusami. W soku znajduje si\u0119 witamina C, flawonoidy o w\u0142a\u015bciwo\u015bciach przeciwutleniaj\u0105cych (tanina, kwas chlorogenowy), wap\u0144, magnez, s\u00f3d i potas.<\/p>\n<p>Napoje<\/p>\n<p>wega\u0144skie przek\u0105ski, proszek kakaowy, kwas r alfa liponowy, burger sojowy, made with love, pszenica ekspandowana biedronka, proherbis, rodzynki koryntki, hurtownia bakalii<\/p>\n<p>yyyyy<\/p>\n","protected":false},"excerpt":{"rendered":"<p>Sok z brzozy marki Oleofarm otrzymywany jest wczesn\u0105 wiosn\u0105 z pni drzew brzozy i zbierany jest w okresie od pojawienia&hellip;<\/p>\n","protected":false},"featured_media":8787,"comment_status":"closed","ping_status":"open","template":"","meta":[],"product_cat":[101],"product_tag":[679,873,654,663,828],"class_list":["post-8786","product","type-product","status-publish","has-post-thumbnail","hentry","product_cat-homeopatia","product_tag-dynia-hokkaido","product_tag-jak-przygotowac-komose-ryzowa","product_tag-plastik-w-oceanach","product_tag-sekacz-ciasto","product_tag-zakupy-z-dostawa-do-domu"],"_links":{"self":[{"href":"https:\/\/wegeblw.pl\/index.php\/wp-json\/wp\/v2\/product\/8786","targetHints":{"allow":["GET"]}}],"collection":[{"href":"https:\/\/wegeblw.pl\/index.php\/wp-json\/wp\/v2\/product"}],"about":[{"href":"https:\/\/wegeblw.pl\/index.php\/wp-json\/wp\/v2\/types\/product"}],"replies":[{"embeddable":true,"href":"https:\/\/wegeblw.pl\/index.php\/wp-json\/wp\/v2\/comments?post=8786"}],"wp:featuredmedia":[{"embeddable":true,"href":"https:\/\/wegeblw.pl\/index.php\/wp-json\/wp\/v2\/media\/8787"}],"wp:attachment":[{"href":"https:\/\/wegeblw.pl\/index.php\/wp-json\/wp\/v2\/media?parent=8786"}],"wp:term":[{"taxonomy":"product_cat","embeddable":true,"href":"https:\/\/wegeblw.pl\/index.php\/wp-json\/wp\/v2\/product_cat?post=8786"},{"taxonomy":"product_tag","embeddable":true,"href":"https:\/\/wegeblw.pl\/index.php\/wp-json\/wp\/v2\/product_tag?post=8786"}],"curies":[{"name":"wp","href":"https:\/\/api.w.org\/{rel}","templated":true}]}}