{"id":8816,"date":"2015-03-12T19:26:01","date_gmt":"2015-03-12T18:26:01","guid":{"rendered":"https:\/\/wegeblw.pl\/index.php\/produkt\/life-light-darm-vital-120-kaps\/"},"modified":"2026-04-07T04:50:00","modified_gmt":"2026-04-07T02:50:00","slug":"life-light-darm-vital-120-kaps","status":"publish","type":"product","link":"https:\/\/wegeblw.pl\/index.php\/produkt\/life-light-darm-vital-120-kaps\/","title":{"rendered":"Life Light Darm Vital 120 kaps"},"content":{"rendered":"<p>Zio\u0142o czystka zawiera polifenole, znane przeciwutleniacze.<\/p>\n<p>Zio\u0142a i herbaty lecznicze<\/p>\n<p>suszona miechunka, dobre mleko migda\u0142owe, bio-selen+cynk skutki uboczne, m\u0105ka \u017cytnia jasna, gotowanie quinoa, rumianke, cynk chelatowany, ostra przyprawa z papryki, srebro koloidalne tonik, racuchy kokosowe, 4her probioticme opinie, kozie, aloe holika holika spf, kurkuma w korzeniu, siarka w jedzeniu, mi\u00f3d z propolisem w\u0142a\u015bciwo\u015bci, co to sa rodzynki, guma guar czy ksantanowa, orzechy brazylijskie w ci\u0105\u017cy, przyprawa do roso\u0142u<\/p>\n<p>yyyyy<\/p>\n","protected":false},"excerpt":{"rendered":"<p>Zio\u0142o czystka zawiera polifenole, znane przeciwutleniacze. Zio\u0142a i herbaty lecznicze suszona miechunka, dobre mleko migda\u0142owe, bio-selen+cynk skutki uboczne, m\u0105ka \u017cytnia&hellip;<\/p>\n","protected":false},"featured_media":8817,"comment_status":"closed","ping_status":"open","template":"","meta":[],"product_cat":[20],"product_tag":[644,624,629,829,669],"class_list":["post-8816","product","type-product","status-publish","has-post-thumbnail","hentry","product_cat-preparaty-medycyny-naturalnej","product_tag-co-zamiast-jogurtu-naturalnego","product_tag-kombucha-sklep","product_tag-maka-z-ciecierzycy","product_tag-marchew-ekologiczna","product_tag-vigo-kombucha"],"_links":{"self":[{"href":"https:\/\/wegeblw.pl\/index.php\/wp-json\/wp\/v2\/product\/8816","targetHints":{"allow":["GET"]}}],"collection":[{"href":"https:\/\/wegeblw.pl\/index.php\/wp-json\/wp\/v2\/product"}],"about":[{"href":"https:\/\/wegeblw.pl\/index.php\/wp-json\/wp\/v2\/types\/product"}],"replies":[{"embeddable":true,"href":"https:\/\/wegeblw.pl\/index.php\/wp-json\/wp\/v2\/comments?post=8816"}],"wp:featuredmedia":[{"embeddable":true,"href":"https:\/\/wegeblw.pl\/index.php\/wp-json\/wp\/v2\/media\/8817"}],"wp:attachment":[{"href":"https:\/\/wegeblw.pl\/index.php\/wp-json\/wp\/v2\/media?parent=8816"}],"wp:term":[{"taxonomy":"product_cat","embeddable":true,"href":"https:\/\/wegeblw.pl\/index.php\/wp-json\/wp\/v2\/product_cat?post=8816"},{"taxonomy":"product_tag","embeddable":true,"href":"https:\/\/wegeblw.pl\/index.php\/wp-json\/wp\/v2\/product_tag?post=8816"}],"curies":[{"name":"wp","href":"https:\/\/api.w.org\/{rel}","templated":true}]}}