{"id":8822,"date":"2020-01-24T21:21:06","date_gmt":"2020-01-24T20:21:06","guid":{"rendered":"https:\/\/wegeblw.pl\/index.php\/produkt\/navigator-witamina-d3-10000iu-lanoliny-365-kaps\/"},"modified":"2026-04-09T23:54:59","modified_gmt":"2026-04-09T21:54:59","slug":"navigator-witamina-d3-10000iu-lanoliny-365-kaps","status":"publish","type":"product","link":"https:\/\/wegeblw.pl\/index.php\/produkt\/navigator-witamina-d3-10000iu-lanoliny-365-kaps\/","title":{"rendered":"Navigator Witamina D3 10000IU Lanoliny 365 kaps"},"content":{"rendered":"<p>Okulary S\u0142oneczne Burberry<\/p>\n<p>Okulary przeciws\u0142oneczne damskie<\/p>\n<p>tapoka, czosnek nied\u017awiedzi kiedy ro\u015bnie, placki dla cukrzyk\u00f3w, fasola mung cena, platki musli, kaczka polska, hunan, imbir na kaszel<\/p>\n<p>yyyyy<\/p>\n","protected":false},"excerpt":{"rendered":"<p>Okulary S\u0142oneczne Burberry Okulary przeciws\u0142oneczne damskie tapoka, czosnek nied\u017awiedzi kiedy ro\u015bnie, placki dla cukrzyk\u00f3w, fasola mung cena, platki musli, kaczka&hellip;<\/p>\n","protected":false},"featured_media":8823,"comment_status":"closed","ping_status":"open","template":"","meta":[],"product_cat":[18],"product_tag":[872,808,883,703,701,782,776],"class_list":["post-8822","product","type-product","status-publish","has-post-thumbnail","hentry","product_cat-mineraly-i-witaminy","product_tag-bis-ethylhexyloxyphenol-methoxyphenyl-triazine","product_tag-ciasto-sekacz","product_tag-ekologiczne-warzywa","product_tag-por","product_tag-produkty-klasztorne","product_tag-rekawiczki-nitrylowe-l","product_tag-zamiennik-miesa"],"_links":{"self":[{"href":"https:\/\/wegeblw.pl\/index.php\/wp-json\/wp\/v2\/product\/8822","targetHints":{"allow":["GET"]}}],"collection":[{"href":"https:\/\/wegeblw.pl\/index.php\/wp-json\/wp\/v2\/product"}],"about":[{"href":"https:\/\/wegeblw.pl\/index.php\/wp-json\/wp\/v2\/types\/product"}],"replies":[{"embeddable":true,"href":"https:\/\/wegeblw.pl\/index.php\/wp-json\/wp\/v2\/comments?post=8822"}],"wp:featuredmedia":[{"embeddable":true,"href":"https:\/\/wegeblw.pl\/index.php\/wp-json\/wp\/v2\/media\/8823"}],"wp:attachment":[{"href":"https:\/\/wegeblw.pl\/index.php\/wp-json\/wp\/v2\/media?parent=8822"}],"wp:term":[{"taxonomy":"product_cat","embeddable":true,"href":"https:\/\/wegeblw.pl\/index.php\/wp-json\/wp\/v2\/product_cat?post=8822"},{"taxonomy":"product_tag","embeddable":true,"href":"https:\/\/wegeblw.pl\/index.php\/wp-json\/wp\/v2\/product_tag?post=8822"}],"curies":[{"name":"wp","href":"https:\/\/api.w.org\/{rel}","templated":true}]}}