{"id":8846,"date":"2025-08-28T18:47:49","date_gmt":"2025-08-28T16:47:49","guid":{"rendered":"https:\/\/wegeblw.pl\/?post_type=product&#038;p=8846"},"modified":"2026-04-07T01:21:02","modified_gmt":"2026-04-06T23:21:02","slug":"aliness-wyciag-z-nasion-ostropestu-190mg-karczoch-100-kaps-silybum-marianum-sylimaryna-sylibina-cynaryna","status":"publish","type":"product","link":"https:\/\/wegeblw.pl\/index.php\/produkt\/aliness-wyciag-z-nasion-ostropestu-190mg-karczoch-100-kaps-silybum-marianum-sylimaryna-sylibina-cynaryna\/","title":{"rendered":"Aliness Wyci\u0105g Z Nasion Ostropestu 190Mg + Karczoch 100 Kaps. Silybum Marianum Sylimaryna Sylibina Cynaryna"},"content":{"rendered":"<p>Wyci\u0105g ostropestu 190mg karczoch 100 kaps. Aliness<\/p>\n<p>Pozosta\u0142e preparaty dla sportowc\u00f3w<\/p>\n<p>zinc forte, bajgiel, zamiennik jajka, zupa tajska ostra, macerat z marchwi, jod krystaliczny, olejki relaksacyjne, mleko na keto, fasola czerwona puszka, bataty czy ziemniaki<\/p>\n<p>yyyyy<\/p>\n","protected":false},"excerpt":{"rendered":"<p>Wyci\u0105g ostropestu 190mg karczoch 100 kaps. Aliness Pozosta\u0142e preparaty dla sportowc\u00f3w zinc forte, bajgiel, zamiennik jajka, zupa tajska ostra, macerat&hellip;<\/p>\n","protected":false},"featured_media":8847,"comment_status":"closed","ping_status":"open","template":"","meta":[],"product_cat":[215],"product_tag":[847,709,752],"class_list":["post-8846","product","type-product","status-publish","has-post-thumbnail","hentry","product_cat-pozostale-preparaty-dla-sportowcow","product_tag-czym-zastapic-nabial","product_tag-maka-orkiszowa-zastosowanie","product_tag-mleko-bez-laktozy"],"_links":{"self":[{"href":"https:\/\/wegeblw.pl\/index.php\/wp-json\/wp\/v2\/product\/8846","targetHints":{"allow":["GET"]}}],"collection":[{"href":"https:\/\/wegeblw.pl\/index.php\/wp-json\/wp\/v2\/product"}],"about":[{"href":"https:\/\/wegeblw.pl\/index.php\/wp-json\/wp\/v2\/types\/product"}],"replies":[{"embeddable":true,"href":"https:\/\/wegeblw.pl\/index.php\/wp-json\/wp\/v2\/comments?post=8846"}],"wp:featuredmedia":[{"embeddable":true,"href":"https:\/\/wegeblw.pl\/index.php\/wp-json\/wp\/v2\/media\/8847"}],"wp:attachment":[{"href":"https:\/\/wegeblw.pl\/index.php\/wp-json\/wp\/v2\/media?parent=8846"}],"wp:term":[{"taxonomy":"product_cat","embeddable":true,"href":"https:\/\/wegeblw.pl\/index.php\/wp-json\/wp\/v2\/product_cat?post=8846"},{"taxonomy":"product_tag","embeddable":true,"href":"https:\/\/wegeblw.pl\/index.php\/wp-json\/wp\/v2\/product_tag?post=8846"}],"curies":[{"name":"wp","href":"https:\/\/api.w.org\/{rel}","templated":true}]}}