{"id":8850,"date":"2015-04-18T18:04:17","date_gmt":"2015-04-18T16:04:17","guid":{"rendered":"https:\/\/wegeblw.pl\/index.php\/produkt\/boiron-abrotanum-9ch-4-g\/"},"modified":"2026-04-08T18:13:02","modified_gmt":"2026-04-08T16:13:02","slug":"boiron-abrotanum-9ch-4-g","status":"publish","type":"product","link":"https:\/\/wegeblw.pl\/index.php\/produkt\/boiron-abrotanum-9ch-4-g\/","title":{"rendered":"Boiron Abrotanum 9CH 4 g"},"content":{"rendered":"<p>Szczoteczka Dr Scott, kt\u00f3rej r\u0105czka zosta\u0142a wykonana w 100% z bambusa. Delikatne w\u0142osie medium zawiera proszek z w\u0119gla drzewnego. W\u0119giel drzewny posiada dzia\u0142anie antyseptyczne i antybakteryjne.<\/p>\n<p>Szczoteczki do z\u0119b\u00f3w<\/p>\n<p>maka zytnia pelnoziarnista, erytrytol 1000g, woda kokosowa przepis, czary pl ryby, gorzkie mleko cda, b6 b12, kawa z korzenia mniszka lekarskiego, omega me, budy\u0144 gda\u0144sk, sos samurai, ostropest pole, go\u017adziki, emulsja do twarzy, black cumin, czosnek nied\u017awiedzi kiedy ro\u015bnie, krzem produkty<\/p>\n<p>yyyyy<\/p>\n","protected":false},"excerpt":{"rendered":"<p>Szczoteczka Dr Scott, kt\u00f3rej r\u0105czka zosta\u0142a wykonana w 100% z bambusa. Delikatne w\u0142osie medium zawiera proszek z w\u0119gla drzewnego. W\u0119giel&hellip;<\/p>\n","protected":false},"featured_media":8851,"comment_status":"closed","ping_status":"open","template":"","meta":[],"product_cat":[101],"product_tag":[662,688,771,775,790],"class_list":["post-8850","product","type-product","status-publish","has-post-thumbnail","hentry","product_cat-homeopatia","product_tag-co-mozna-zrobic-z-kokosa","product_tag-farma-roztocza","product_tag-jak-jesc-granat","product_tag-kwasna-smietana","product_tag-majonez-vitapol-domowy"],"_links":{"self":[{"href":"https:\/\/wegeblw.pl\/index.php\/wp-json\/wp\/v2\/product\/8850","targetHints":{"allow":["GET"]}}],"collection":[{"href":"https:\/\/wegeblw.pl\/index.php\/wp-json\/wp\/v2\/product"}],"about":[{"href":"https:\/\/wegeblw.pl\/index.php\/wp-json\/wp\/v2\/types\/product"}],"replies":[{"embeddable":true,"href":"https:\/\/wegeblw.pl\/index.php\/wp-json\/wp\/v2\/comments?post=8850"}],"wp:featuredmedia":[{"embeddable":true,"href":"https:\/\/wegeblw.pl\/index.php\/wp-json\/wp\/v2\/media\/8851"}],"wp:attachment":[{"href":"https:\/\/wegeblw.pl\/index.php\/wp-json\/wp\/v2\/media?parent=8850"}],"wp:term":[{"taxonomy":"product_cat","embeddable":true,"href":"https:\/\/wegeblw.pl\/index.php\/wp-json\/wp\/v2\/product_cat?post=8850"},{"taxonomy":"product_tag","embeddable":true,"href":"https:\/\/wegeblw.pl\/index.php\/wp-json\/wp\/v2\/product_tag?post=8850"}],"curies":[{"name":"wp","href":"https:\/\/api.w.org\/{rel}","templated":true}]}}