{"id":8866,"date":"2018-06-06T01:22:25","date_gmt":"2018-06-05T23:22:25","guid":{"rendered":"https:\/\/wegeblw.pl\/index.php\/produkt\/boiron-caladium-seguinum-9ch-4-g\/"},"modified":"2026-04-07T01:14:54","modified_gmt":"2026-04-06T23:14:54","slug":"boiron-caladium-seguinum-9ch-4-g","status":"publish","type":"product","link":"https:\/\/wegeblw.pl\/index.php\/produkt\/boiron-caladium-seguinum-9ch-4-g\/","title":{"rendered":"Boiron Caladium Seguinum 9CH 4 g"},"content":{"rendered":"<p>Supermicro CSE-836A-R1200B 3U chassis<\/p>\n<p>Obudowy serwerowe<\/p>\n<p>kaszki helpa gdzie kupi\u0107 stacjonarnie, potas suplement, pasta tom yum przepis, krem przedtreningowy anka dziedzic opinie, ry\u017c risotto, siarka spo\u017cywcza, smoothie szpinak banan, zesp\u00f3\u0142 jelita przesi\u0105kliwego, olejek z glistnika, parmezan tarty, mleko kokosowe sklep, woda kokosowa carrefour, od czego sie tyje, syrop ze s\u0142odu j\u0119czmiennego na laktacje, kawa, makaron z ry\u017cu br\u0105zowego<\/p>\n<p>yyyyy<\/p>\n","protected":false},"excerpt":{"rendered":"<p>Supermicro CSE-836A-R1200B 3U chassis Obudowy serwerowe kaszki helpa gdzie kupi\u0107 stacjonarnie, potas suplement, pasta tom yum przepis, krem przedtreningowy anka&hellip;<\/p>\n","protected":false},"featured_media":8867,"comment_status":"closed","ping_status":"open","template":"","meta":[],"product_cat":[101],"product_tag":[834,766,815,735,755],"class_list":["post-8866","product","type-product","status-publish","has-post-thumbnail","hentry","product_cat-homeopatia","product_tag-biosaurus","product_tag-jablko-jonaprince","product_tag-margaryny-bez-oleju-palmowego","product_tag-na-dobranoc","product_tag-olej-ryzowy-do-smazenia"],"_links":{"self":[{"href":"https:\/\/wegeblw.pl\/index.php\/wp-json\/wp\/v2\/product\/8866","targetHints":{"allow":["GET"]}}],"collection":[{"href":"https:\/\/wegeblw.pl\/index.php\/wp-json\/wp\/v2\/product"}],"about":[{"href":"https:\/\/wegeblw.pl\/index.php\/wp-json\/wp\/v2\/types\/product"}],"replies":[{"embeddable":true,"href":"https:\/\/wegeblw.pl\/index.php\/wp-json\/wp\/v2\/comments?post=8866"}],"wp:featuredmedia":[{"embeddable":true,"href":"https:\/\/wegeblw.pl\/index.php\/wp-json\/wp\/v2\/media\/8867"}],"wp:attachment":[{"href":"https:\/\/wegeblw.pl\/index.php\/wp-json\/wp\/v2\/media?parent=8866"}],"wp:term":[{"taxonomy":"product_cat","embeddable":true,"href":"https:\/\/wegeblw.pl\/index.php\/wp-json\/wp\/v2\/product_cat?post=8866"},{"taxonomy":"product_tag","embeddable":true,"href":"https:\/\/wegeblw.pl\/index.php\/wp-json\/wp\/v2\/product_tag?post=8866"}],"curies":[{"name":"wp","href":"https:\/\/api.w.org\/{rel}","templated":true}]}}