{"id":8892,"date":"2018-08-21T10:16:08","date_gmt":"2018-08-21T08:16:08","guid":{"rendered":"https:\/\/wegeblw.pl\/index.php\/produkt\/pharmaceris-f-fluid-ochronno-korygujacy-02-sand-spf50-30ml\/"},"modified":"2026-04-07T06:40:19","modified_gmt":"2026-04-07T04:40:19","slug":"pharmaceris-f-fluid-ochronno-korygujacy-02-sand-spf50-30ml","status":"publish","type":"product","link":"https:\/\/wegeblw.pl\/index.php\/produkt\/pharmaceris-f-fluid-ochronno-korygujacy-02-sand-spf50-30ml\/","title":{"rendered":"Pharmaceris F Fluid ochronno-koryguj\u0105cy 02 Sand SPF50+ 30ml"},"content":{"rendered":"<p>Pojemno\u015b\u0107: 200ml Przeznaczenie: Dla kobiet Rodzaj: Szampon do w\u0142os\u00f3w Rodzaj w\u0142os\u00f3w: W\u0142osy przet\u0142uszczaj\u0105ce si\u0119<\/p>\n<p>Dermokosmetyki<\/p>\n<p>m\u0105ki, cytrynian magnezu aliness, melisa jak dzia\u0142a, ma\u015bci dla sportowc\u00f3w, orzechy wloskie cena, jak zrobi\u0107 kasze kuskus, ile jest oceanow, tulsi herbata, wege zelki, przepi\u00f3rki kalifornijskie, oczyszczanie organizmu sod\u0105, wybielanie z\u0119b\u00f3w w\u0119giel, statek stuttgart, garmazeryjne<\/p>\n<p><a href=\"https:\/\/cuk.pl\/porady\/kod-swift\">cuk.pl\/porady\/kod-swift<\/a><\/p>\n","protected":false},"excerpt":{"rendered":"<p>Pojemno\u015b\u0107: 200ml Przeznaczenie: Dla kobiet Rodzaj: Szampon do w\u0142os\u00f3w Rodzaj w\u0142os\u00f3w: W\u0142osy przet\u0142uszczaj\u0105ce si\u0119 Dermokosmetyki m\u0105ki, cytrynian magnezu aliness, melisa&hellip;<\/p>\n","protected":false},"featured_media":8893,"comment_status":"closed","ping_status":"open","template":"","meta":[],"product_cat":[36],"product_tag":[861,730,849,687,724],"class_list":["post-8892","product","type-product","status-publish","has-post-thumbnail","hentry","product_cat-dermokosmetyki","product_tag-czym-zastapic-jogurt-naturalny","product_tag-jogody","product_tag-mogli","product_tag-produkty-bez-bialka","product_tag-siarczyny-w-winie"],"_links":{"self":[{"href":"https:\/\/wegeblw.pl\/index.php\/wp-json\/wp\/v2\/product\/8892","targetHints":{"allow":["GET"]}}],"collection":[{"href":"https:\/\/wegeblw.pl\/index.php\/wp-json\/wp\/v2\/product"}],"about":[{"href":"https:\/\/wegeblw.pl\/index.php\/wp-json\/wp\/v2\/types\/product"}],"replies":[{"embeddable":true,"href":"https:\/\/wegeblw.pl\/index.php\/wp-json\/wp\/v2\/comments?post=8892"}],"wp:featuredmedia":[{"embeddable":true,"href":"https:\/\/wegeblw.pl\/index.php\/wp-json\/wp\/v2\/media\/8893"}],"wp:attachment":[{"href":"https:\/\/wegeblw.pl\/index.php\/wp-json\/wp\/v2\/media?parent=8892"}],"wp:term":[{"taxonomy":"product_cat","embeddable":true,"href":"https:\/\/wegeblw.pl\/index.php\/wp-json\/wp\/v2\/product_cat?post=8892"},{"taxonomy":"product_tag","embeddable":true,"href":"https:\/\/wegeblw.pl\/index.php\/wp-json\/wp\/v2\/product_tag?post=8892"}],"curies":[{"name":"wp","href":"https:\/\/api.w.org\/{rel}","templated":true}]}}