{"id":8896,"date":"2014-07-21T14:14:47","date_gmt":"2014-07-21T12:14:47","guid":{"rendered":"https:\/\/wegeblw.pl\/index.php\/produkt\/medso-multivit-complex-60tabl\/"},"modified":"2026-04-09T15:11:29","modified_gmt":"2026-04-09T13:11:29","slug":"medso-multivit-complex-60tabl","status":"publish","type":"product","link":"https:\/\/wegeblw.pl\/index.php\/produkt\/medso-multivit-complex-60tabl\/","title":{"rendered":"Medso Multivit Complex 60tabl."},"content":{"rendered":"<p>Kremy do twarzy<\/p>\n<p>dieta \u017co\u0142\u0105dkowa co mo\u017cna je\u015b\u0107, czosnek czarny, kuchnia w stylu meksyka\u0144skim, olej rafinowany a nierafinowany, adek aliness, moringa bio, czy mleko kokosowe mo\u017cna gotowa\u0107, healthlabs kod rabatowy, jak zrobi\u0107 kiszonki z warzyw, herbata z czerwonej koniczyny, m\u0105ka migda\u0142owa lidl cena, d3+k2mk7, lipid cell ceneo, parmezan ser, pra\u017cone ziarno kukurydzy, orzechy nerkowca wlasciwosci, ry\u017c z czym, zio\u0142a na sen i uspokojenie<\/p>\n<p><a href=\"https:\/\/lampystudio.pl\/p\/280\/34875\/nowoczesny-kinkiet-scienny-listwa-nowodvorski-7534-soft-led-white-90x6-grafit-kinkiety-nad-lustro-kinkiety-lampy-wewnetrzne.html\">https:\/\/lampystudio.pl\/p\/280\/34875\/nowoczesny-kinkiet-scienny-listwa-nowodvorski-7534-soft-led-white-90&#215;6-grafit-kinkiety-nad-lustro-kinkiety-lampy-wewnetrzne.html<\/a><\/p>\n","protected":false},"excerpt":{"rendered":"<p>Kremy do twarzy dieta \u017co\u0142\u0105dkowa co mo\u017cna je\u015b\u0107, czosnek czarny, kuchnia w stylu meksyka\u0144skim, olej rafinowany a nierafinowany, adek aliness,&hellip;<\/p>\n","protected":false},"featured_media":8897,"comment_status":"closed","ping_status":"open","template":"","meta":[],"product_cat":[18],"product_tag":[863,716,648,761],"class_list":["post-8896","product","type-product","status-publish","has-post-thumbnail","hentry","product_cat-mineraly-i-witaminy","product_tag-antidotum","product_tag-leckers","product_tag-maki-ekologiczne","product_tag-sklep-ze-zdrowa-zywnoscia-warszawa"],"_links":{"self":[{"href":"https:\/\/wegeblw.pl\/index.php\/wp-json\/wp\/v2\/product\/8896","targetHints":{"allow":["GET"]}}],"collection":[{"href":"https:\/\/wegeblw.pl\/index.php\/wp-json\/wp\/v2\/product"}],"about":[{"href":"https:\/\/wegeblw.pl\/index.php\/wp-json\/wp\/v2\/types\/product"}],"replies":[{"embeddable":true,"href":"https:\/\/wegeblw.pl\/index.php\/wp-json\/wp\/v2\/comments?post=8896"}],"wp:featuredmedia":[{"embeddable":true,"href":"https:\/\/wegeblw.pl\/index.php\/wp-json\/wp\/v2\/media\/8897"}],"wp:attachment":[{"href":"https:\/\/wegeblw.pl\/index.php\/wp-json\/wp\/v2\/media?parent=8896"}],"wp:term":[{"taxonomy":"product_cat","embeddable":true,"href":"https:\/\/wegeblw.pl\/index.php\/wp-json\/wp\/v2\/product_cat?post=8896"},{"taxonomy":"product_tag","embeddable":true,"href":"https:\/\/wegeblw.pl\/index.php\/wp-json\/wp\/v2\/product_tag?post=8896"}],"curies":[{"name":"wp","href":"https:\/\/api.w.org\/{rel}","templated":true}]}}