{"id":8906,"date":"2020-10-16T08:11:14","date_gmt":"2020-10-16T06:11:14","guid":{"rendered":"https:\/\/wegeblw.pl\/index.php\/produkt\/solgar-glukozamina-chondroityna-msm-z-estrem-x180\/"},"modified":"2026-04-07T06:39:51","modified_gmt":"2026-04-07T04:39:51","slug":"solgar-glukozamina-chondroityna-msm-z-estrem-x180","status":"publish","type":"product","link":"https:\/\/wegeblw.pl\/index.php\/produkt\/solgar-glukozamina-chondroityna-msm-z-estrem-x180\/","title":{"rendered":"Solgar, Glukozamina chondroityna Msm z Estrem x180"},"content":{"rendered":"<p>SK\u0141ADNIKIsuszone li\u015bcie Moringa* 100% (*certyfikowany sk\u0142adnik ekologiczny)SPOS\u00d3B PRZYGOTOWANIA1 \u0142y\u017ceczk\u0119 zala\u0107 fili\u017cank\u0105 gor\u0105cej wody i pozostawi\u0107 pod przykryciem do zaparzenia (10- 15 minut). INFORMACJA ALERGENNAMo\u017ce zawiera\u0107 gluten, orzechy, soj\u0119, seler i sezamZALECANE WARUNKI PRZECHOWYWANIAPrzechowywa\u0107 w suchym i ch\u0142odnym miejscu.Szybka realizacjaWiemy, jak wa\u017cne jest uzupe\u0142nianie domowej spi\u017carni na czas. Gdy zamawiasz produkty spo\u017cywcze, szybka dostawa jest szczeg\u00f3lnie wa\u017cna. By nic Ci\u0119 nie zaskoczy\u0142o \u2014 przy ka\u017cdym produkcie na stronie znajdziesz licznik, kt\u00f3ry podpowie Ci, kiedy nadamy przesy\u0142k\u0119. Zwykle wysy\u0142amy Twoje zakupy kolejnego dnia roboczego.Ekologiczne opakowanieDbanie o siebie i bliskich zawsze idzie w parze z trosk\u0105 o \u015brodowisko, w jakim \u017cyjemy. Po\u0142\u0105czenie obu tych rzeczy sprawia, \u017ce pakowanie zdrowych produkt\u00f3w w spos\u00f3b ekologiczny to dla nas oczywisto\u015b\u0107. Jednocze\u015bnie ka\u017cdy produkt zabezpieczamy tak, by dotar\u0142 do Ciebie w nienaruszonym stanie.Kontakt w dowolnej formieWiemy, \u017ce ka\u017cdy lubi inn\u0105 form\u0119 komunikacji ze swoj\u0105 mark\u0105. Dlatego jeste\u015bmy dost\u0119pni w sieci \u2014 mo\u017cesz wys\u0142a\u0107 maila, napisa\u0107 na czacie dost\u0119pnym na stronie lub odezwa\u0107 si\u0119 do nas przez aplikacj\u0119 Messenger. Ale to nie wszystko! Od 8:00 do 19:00 mo\u017cesz skontaktowa\u0107 si\u0119 z nami telefonicznie, a my udzielimy odpowiedzi na ka\u017cde pytanie!Wygodna dostawaUlubiony rodzaj dostawy nie wp\u0142ywa na harmonogram Twojego dnia. Odbierasz swoj\u0105 paczk\u0119, gdzie tylko chcesz. Przywitaj kuriera, listonosza lub wybierz najbli\u017cszy paczkomat i wpadnij posw\u00f3j ekologiczny koszyk w drodze do domu.Zam\u00f3wienie przez internet lub telefonZnany spos\u00f3b sk\u0142adania zam\u00f3wienia to wielka oszcz\u0119dno\u015b\u0107 czasu. Zamawiaj, jak chcesz. Wybierz produkty na stronie lub zadzwo\u0144 i porozmawiaj ze sprzedawc\u0105. W ka\u017cdej chwili mo\u017cesz si\u0119 z nami skonsultowa\u0107, by odkry\u0107 to, co najlepiej odpowiada na Twoje potrzeby.Certyfikaty BIOMasz pewno\u015b\u0107, co wybierasz. Nasze produkty posiadaj\u0105 certyfikaty AgroBIOtest oraz Ekogwarancj\u0119 PTRE.Szybka realizacjaWiemy, jak wa\u017cne jest uzupe\u0142nianie domowej spi\u017carni na czas. Gdy zamawiasz produkty spo\u017cywcze, szybka dostawa jest szczeg\u00f3lnie wa\u017cna. By nic Ci\u0119 nie zaskoczy\u0142o \u2014 przy ka\u017cdym produkcie na stronie znajdziesz licznik, kt\u00f3ry podpowie Ci, kiedy nadamy przesy\u0142k\u0119. Zwykle wysy\u0142amy Twoje zakupy kolejnego dnia roboczeEkologiczne opakowanieDbanie o siebie i bliskich zawsze idzie w parze z trosk\u0105 o \u015brodowisko, w jakim \u017cyjemy. Po\u0142\u0105czenie obu tych rzeczy sprawia, \u017ce pakowanie zdrowych produkt\u00f3w w spos\u00f3b ekologiczny to dla nas oczywisto\u015b\u0107. Jednocze\u015bnie ka\u017cdy produkt zabezpieczamy tak, by dotar\u0142 do Ciebie w nienaruszonym stanie.Kontakt w dowolnej formieWiemy, \u017ce ka\u017cdy lubi inn\u0105 form\u0119 komunikacji ze swoj\u0105 mark\u0105. Dlatego jeste\u015bmy dost\u0119pni w sieci\u2014 mo\u017cesz wys\u0142a\u0107 maila, napisa\u0107 na czacie dost\u0119pnym na stronie lub odezwa\u0107 si\u0119 do nas przez aplikacj\u0119 Messenger. Ale to nie wszystko! Od 8:00 do 19:00 mo\u017cesz skontaktowa\u0107 si\u0119 z nami telefonicznie, a my udzielimy odpowiedzi na ka\u017cde pytanie!Wygodna dostawaUlubiony rodzaj dostawy nie wp\u0142ywa na harmonogram Twojego dnia. Odbierasz swoj\u0105 paczk\u0119, gdzie tylko chcesz. Przywitaj kuriera, listonosza lub wybierz najbli\u017cszy paczkomat i wpadnij posw\u00f3j ekologiczny koszyk w drodze do domu.Zam\u00f3wienie przez internet lub telefonZnany spos\u00f3b sk\u0142adania zam\u00f3wienia to wielka oszcz\u0119dno\u015b\u0107 czasu. Zamawiaj, jak chcesz. Wybierz produkty na stronie lub zadzwo\u0144 i porozmawiaj ze sprzedawc\u0105. W ka\u017cdej chwili mo\u017cesz si\u0119 z nami skonsultowa\u0107, by odkry\u0107 to, co najlepiej odpowiada na Twoje potrzeby.Certyfikaty BIOMasz pewno\u015b\u0107, co wybierasz. Nasze produkty posiadaj\u0105 certyfikaty AgroBIOtest oraz Ekogwarancj\u0119 PTRE.<\/p>\n<p>Zdrowa \u017cywno\u015b\u0107<\/p>\n<p>witamina d3 + k2 mk7 najlepsza, kurkumina w\u0142a\u015bciwo\u015bci, ry\u017c basmati w\u0142a\u015bciwo\u015bci, lapacho czerwone, enerbio nap\u00f3j migda\u0142owy, pieczywo chrupkie czy jest zdrowe, k2mk7 swanson, jab\u0142ka do szarlotki, sol cena, kurkuma z piperyn\u0105, prince jab\u0142ko, \u0142uskacz do s\u0142onecznika, onlybio szampon do w\u0142os\u00f3w przet\u0142uszczaj\u0105cych si\u0119, nagietek do picia, elcysteina, makarony wroc\u0142aw, gazowane mleko, orzeszki pinii jak rosn\u0105, kaszki bio<\/p>\n<p>yyyyy<\/p>\n","protected":false},"excerpt":{"rendered":"<p>SK\u0141ADNIKIsuszone li\u015bcie Moringa* 100% (*certyfikowany sk\u0142adnik ekologiczny)SPOS\u00d3B PRZYGOTOWANIA1 \u0142y\u017ceczk\u0119 zala\u0107 fili\u017cank\u0105 gor\u0105cej wody i pozostawi\u0107 pod przykryciem do zaparzenia (10-&hellip;<\/p>\n","protected":false},"featured_media":8907,"comment_status":"closed","ping_status":"open","template":"","meta":[],"product_cat":[18],"product_tag":[847,688,703],"class_list":["post-8906","product","type-product","status-publish","has-post-thumbnail","hentry","product_cat-mineraly-i-witaminy","product_tag-czym-zastapic-nabial","product_tag-farma-roztocza","product_tag-por"],"_links":{"self":[{"href":"https:\/\/wegeblw.pl\/index.php\/wp-json\/wp\/v2\/product\/8906","targetHints":{"allow":["GET"]}}],"collection":[{"href":"https:\/\/wegeblw.pl\/index.php\/wp-json\/wp\/v2\/product"}],"about":[{"href":"https:\/\/wegeblw.pl\/index.php\/wp-json\/wp\/v2\/types\/product"}],"replies":[{"embeddable":true,"href":"https:\/\/wegeblw.pl\/index.php\/wp-json\/wp\/v2\/comments?post=8906"}],"wp:featuredmedia":[{"embeddable":true,"href":"https:\/\/wegeblw.pl\/index.php\/wp-json\/wp\/v2\/media\/8907"}],"wp:attachment":[{"href":"https:\/\/wegeblw.pl\/index.php\/wp-json\/wp\/v2\/media?parent=8906"}],"wp:term":[{"taxonomy":"product_cat","embeddable":true,"href":"https:\/\/wegeblw.pl\/index.php\/wp-json\/wp\/v2\/product_cat?post=8906"},{"taxonomy":"product_tag","embeddable":true,"href":"https:\/\/wegeblw.pl\/index.php\/wp-json\/wp\/v2\/product_tag?post=8906"}],"curies":[{"name":"wp","href":"https:\/\/api.w.org\/{rel}","templated":true}]}}