{"id":8914,"date":"2015-12-21T10:38:39","date_gmt":"2015-12-21T09:38:39","guid":{"rendered":"https:\/\/wegeblw.pl\/index.php\/produkt\/biolit-lisc-pokrzywy-ekstrakt-75ml\/"},"modified":"2026-04-07T04:32:17","modified_gmt":"2026-04-07T02:32:17","slug":"biolit-lisc-pokrzywy-ekstrakt-75ml","status":"publish","type":"product","link":"https:\/\/wegeblw.pl\/index.php\/produkt\/biolit-lisc-pokrzywy-ekstrakt-75ml\/","title":{"rendered":"Biolit Li\u015b\u0107 pokrzywy ekstrakt 75ml"},"content":{"rendered":"<p>Zdrowa \u017cywno\u015b\u0107<\/p>\n<p>r\u00f3\u017cd\u017cki smaku, prosty sklad, kurkuma ile dziennie, erytrol dla cukrzyka, rumianek przeciwwskazania, eco torba, maka jaglana gluten, czy sa\u0142ata lodowa jest zdrowa, ser parmezan<\/p>\n<p><a href=\"https:\/\/https:\/\/cditn.pl\/neurologopeda-gdynia\/\">logopeda gdynia<\/a><\/p>\n","protected":false},"excerpt":{"rendered":"<p>Zdrowa \u017cywno\u015b\u0107 r\u00f3\u017cd\u017cki smaku, prosty sklad, kurkuma ile dziennie, erytrol dla cukrzyka, rumianek przeciwwskazania, eco torba, maka jaglana gluten, czy&hellip;<\/p>\n","protected":false},"featured_media":8915,"comment_status":"closed","ping_status":"open","template":"","meta":[],"product_cat":[81],"product_tag":[861,736,747,686,743,837],"class_list":["post-8914","product","type-product","status-publish","has-post-thumbnail","hentry","product_cat-uklad-krazenia-i-serce","product_tag-czym-zastapic-jogurt-naturalny","product_tag-dojrzale-pl","product_tag-guma-guar-co-to","product_tag-sekacz-skad","product_tag-siemie-lniane","product_tag-soczewica-czerwona"],"_links":{"self":[{"href":"https:\/\/wegeblw.pl\/index.php\/wp-json\/wp\/v2\/product\/8914","targetHints":{"allow":["GET"]}}],"collection":[{"href":"https:\/\/wegeblw.pl\/index.php\/wp-json\/wp\/v2\/product"}],"about":[{"href":"https:\/\/wegeblw.pl\/index.php\/wp-json\/wp\/v2\/types\/product"}],"replies":[{"embeddable":true,"href":"https:\/\/wegeblw.pl\/index.php\/wp-json\/wp\/v2\/comments?post=8914"}],"wp:featuredmedia":[{"embeddable":true,"href":"https:\/\/wegeblw.pl\/index.php\/wp-json\/wp\/v2\/media\/8915"}],"wp:attachment":[{"href":"https:\/\/wegeblw.pl\/index.php\/wp-json\/wp\/v2\/media?parent=8914"}],"wp:term":[{"taxonomy":"product_cat","embeddable":true,"href":"https:\/\/wegeblw.pl\/index.php\/wp-json\/wp\/v2\/product_cat?post=8914"},{"taxonomy":"product_tag","embeddable":true,"href":"https:\/\/wegeblw.pl\/index.php\/wp-json\/wp\/v2\/product_tag?post=8914"}],"curies":[{"name":"wp","href":"https:\/\/api.w.org\/{rel}","templated":true}]}}