{"id":8922,"date":"2013-01-31T12:15:05","date_gmt":"2013-01-31T11:15:05","guid":{"rendered":"https:\/\/wegeblw.pl\/index.php\/produkt\/cardiovitum-plyn-1-l\/"},"modified":"2026-04-09T02:02:04","modified_gmt":"2026-04-09T00:02:04","slug":"cardiovitum-plyn-1-l","status":"publish","type":"product","link":"https:\/\/wegeblw.pl\/index.php\/produkt\/cardiovitum-plyn-1-l\/","title":{"rendered":"CARDIOVITUM p\u0142yn 1 L"},"content":{"rendered":"<p>Okulary przeciws\u0142oneczne , oprawy ralph lauren<\/p>\n<p>Okulary przeciws\u0142oneczne damskie<\/p>\n<p>nasiona babka p\u0142esznik, musli mixit, czy mi\u0119so z kr\u00f3lika jest bezpieczne, ciasteczka kokosowe bezglutenowe, keto batony<\/p>\n<p><a href=\"https:\/\/www.dom-lazienka.pl\/wanny-wolnostojace-cat-216\">wanny \u0142azienkowe wolnostoj\u0105ce<\/a><\/p>\n","protected":false},"excerpt":{"rendered":"<p>Okulary przeciws\u0142oneczne , oprawy ralph lauren Okulary przeciws\u0142oneczne damskie nasiona babka p\u0142esznik, musli mixit, czy mi\u0119so z kr\u00f3lika jest bezpieczne,&hellip;<\/p>\n","protected":false},"featured_media":8923,"comment_status":"closed","ping_status":"open","template":"","meta":[],"product_cat":[81],"product_tag":[794,844,702,884],"class_list":["post-8922","product","type-product","status-publish","has-post-thumbnail","hentry","product_cat-uklad-krazenia-i-serce","product_tag-awokado-hass","product_tag-eko-mieso","product_tag-przepis-na-sekacz","product_tag-zestaw-do-matchy"],"_links":{"self":[{"href":"https:\/\/wegeblw.pl\/index.php\/wp-json\/wp\/v2\/product\/8922","targetHints":{"allow":["GET"]}}],"collection":[{"href":"https:\/\/wegeblw.pl\/index.php\/wp-json\/wp\/v2\/product"}],"about":[{"href":"https:\/\/wegeblw.pl\/index.php\/wp-json\/wp\/v2\/types\/product"}],"replies":[{"embeddable":true,"href":"https:\/\/wegeblw.pl\/index.php\/wp-json\/wp\/v2\/comments?post=8922"}],"wp:featuredmedia":[{"embeddable":true,"href":"https:\/\/wegeblw.pl\/index.php\/wp-json\/wp\/v2\/media\/8923"}],"wp:attachment":[{"href":"https:\/\/wegeblw.pl\/index.php\/wp-json\/wp\/v2\/media?parent=8922"}],"wp:term":[{"taxonomy":"product_cat","embeddable":true,"href":"https:\/\/wegeblw.pl\/index.php\/wp-json\/wp\/v2\/product_cat?post=8922"},{"taxonomy":"product_tag","embeddable":true,"href":"https:\/\/wegeblw.pl\/index.php\/wp-json\/wp\/v2\/product_tag?post=8922"}],"curies":[{"name":"wp","href":"https:\/\/api.w.org\/{rel}","templated":true}]}}