{"id":8940,"date":"2023-08-17T22:43:57","date_gmt":"2023-08-17T20:43:57","guid":{"rendered":"https:\/\/wegeblw.pl\/?post_type=product&#038;p=8940"},"modified":"2026-04-10T04:45:41","modified_gmt":"2026-04-10T02:45:41","slug":"thioneuron-kwas-alfa-liponowy-600-mg-30-kaps","status":"publish","type":"product","link":"https:\/\/wegeblw.pl\/index.php\/produkt\/thioneuron-kwas-alfa-liponowy-600-mg-30-kaps\/","title":{"rendered":"Thioneuron kwas alfa-liponowy 600 mg 30 kaps."},"content":{"rendered":"<p>Nazwa: Nervosol KPosta\u0107: p\u0142yn doustnyDawka: -Opakowanie: 35 ml (butelka)Sk\u0142ad: 1 ml (970 mg) p\u0142ynu zawiera 1 ml wyci\u0105gu z\u0142o\u017conego (1:2) z Valeriana officinalis L. radix (korze\u0144 koz\u0142ka), Melissa officinalis L. herba (ziele melisy), Angelica archangelica L. radix (korze\u0144 arcydzi\u0119gla), Humulus lupulus L. flos (szyszka chmielu) , Lavandula angustifolia Miller, flos (5:5:4:3:3), ekstrahent: etanol 60% (V\/V). Zawarto\u015b\u0107 etanolu w produkcie 50%-57% (V\/V) 5 ml preparatu (1 \u0142y\u017ceczka) odpowiada dawce 0,375 g Lupuli flore i 0,625 g Valerianae radice .Wskazania: Tradycyjny produkt leczniczy ro\u015blinny s tosowany jako \u015brodek uspokajaj\u0105cy w \u0142agodnych stanach napi\u0119cia nerwowego.Przeciwwskazania: Nadwra\u017cliwo\u015b\u0107 na substancj\u0119 czynn\u0105 lub na kt\u00f3rykolwiek sk\u0142adnik produktu. Nie podawa\u0107 dzieciom poni\u017cej 12 lat.Dzia\u0142ania niepo\u017c\u0105dane: W Zg\u0142aszanie podejrzewanych dzia\u0142a\u0144 niepo\u017c\u0105danych Po dopuszczeniu produktu leczniczego do obrotu istotne jest zg\u0142aszanie podejrzewanych dzia\u0142a\u0144 niepo\u017c\u0105danych. Umo\u017cliwia to nieprzerwane monitorowanie stosunku korzy\u015bci do ryzyka stosowania produktu leczniczego. Osoby nale\u017c\u0105ce do fachowego personelu medycznego powinny zg\u0142asza\u0107 wszelkie podejrzewane dzia\u0142ania niepo\u017c\u0105dane bezpo\u015brednio do Departamentu Monitorowania Niepo\u017c\u0105danych Dzia\u0142a\u0144 Produkt\u00f3w Leczniczych Urz\u0119du Rejestracji Produkt\u00f3w Leczniczych, Wyrob\u00f3w Medycznych i Produkt\u00f3w Biob\u00f3jczych: Al. Jerozolimskie 181C, 02-222 Warszawa, tel.: +48 22 49-21-301, fax: +48 22 49-21-309, e-mail: ndl @urpl.gov.pl. Dzia\u0142ania niepo\u017c\u0105dane mo\u017cna zg\u0142asza\u0107 r\u00f3wnie\u017c podmiotowi odpowiedzialnemu.Dawkowanie: Produkt leczniczy do stosowania objawowego. Dawkowanie Tradycyjnie stosuje si\u0119 podany schemat stosowania: Doro\u015bli i m\u0142odzie\u017c powy\u017cej 12 lat: dawka jednorazowa 2-5 ml p\u0142ynu (co odpowiada 44-110 kropli lub oko\u0142o \u00bd -1 \u0142y\u017ceczki p\u0142ynu, ,) 1-3 razy na dob\u0119. Dzieci Nie stosowa\u0107 u dzieci poni\u017cej 12 lat Spos\u00f3b podawania Podanie doustne Czas stosowania Nie zaleca si\u0119 przyjmowania d\u0142u\u017cej ni\u017c 7 dni.Dawkowanie (doro\u015bli): Doro\u015bli i m\u0142odzie\u017c powy\u017cej 12 roku \u017cycia: stosowa\u0107 jednorazowo oko\u0142o 0,5-1 \u0142y\u017ceczki p\u0142ynu (44-110 kropli, co odpowiada 2-5 ml) 1-3 razy dziennie. Do stosowania objawowego. Nie zaleca si\u0119 przyjmowania d\u0142u\u017cszego ni\u017c 7 dni.Prowadzenie pojazd\u00f3w: Nie zaleca si\u0119 prowadzenia pojazd\u00f3w i obs\u0142ugiwania maszyn po przyj\u0119ciu leku. Lek upo\u015bledza zdolno\u015b\u0107 prowadzenia pojazd\u00f3w mechanicznych i obs\u0142ug\u0119 maszyn przez oko\u0142o 2 godziny. Po przyj\u0119ciu produktu alkohol mo\u017ce by\u0107 wykrywany przez przyrz\u0105dy do pomiaru alkoholu w wydychanym powietrzu przez oko\u0142o 30 minut.Przedawkowanie: Objawy przedawkowania zwi\u0105zane b\u0119d\u0105 g\u0142\u00f3wnie z zawarto\u015bci\u0105 etanolu. Ze wzgl\u0119du na zawarto\u015b\u0107 koz\u0142ka, produkt mo\u017ce wywo\u0142a\u0107 \u0142agodne objawy (zm\u0119czenie, skurcze brzucha, ucisk w klatce piersiowej, zawroty g\u0142owy, dr\u017cenie d\u0142oni, rozszerzenie \u017arenic), kt\u00f3re ust\u0119puj\u0105 w ci\u0105gu 24 godzin.Ci\u0105\u017ca: Ze wzgl\u0119du na zawarto\u015b\u0107 etanolu oraz brak danych potwierdzaj\u0105cych bezpiecze\u0144stwo nie zaleca si\u0119 stosowania produktu w okresie ci\u0105\u017cy i karmienia piersi\u0105. Brak danych na temat wp\u0142ywu na p\u0142odno\u015b\u0107.<\/p>\n<p>Uk\u0142ad nerwowy<\/p>\n<p>kminek dzia\u0142ania uboczne, mozzarella bez laktozy, na co czystek, dieta vega\u0144ska, czym zast\u0105pi\u0107 m\u0105k\u0119 ziemniaczan\u0105, diet noodles, os\u0142ona drzewek, olejek z glistnika jak stosowac, olej z czarnuszki jak podawa\u0107, gdzie kupi\u0107 sod\u0119 oczyszczon\u0105, kmin, zestaw herbat \u015bwi\u0105tecznych, olejki zapachowe<\/p>\n<p>yyyyy<\/p>\n","protected":false},"excerpt":{"rendered":"<p>Nazwa: Nervosol KPosta\u0107: p\u0142yn doustnyDawka: -Opakowanie: 35 ml (butelka)Sk\u0142ad: 1 ml (970 mg) p\u0142ynu zawiera 1 ml wyci\u0105gu z\u0142o\u017conego (1:2)&hellip;<\/p>\n","protected":false},"featured_media":8941,"comment_status":"closed","ping_status":"open","template":"","meta":[],"product_cat":[20],"product_tag":[661,855,797,866,622],"class_list":["post-8940","product","type-product","status-publish","has-post-thumbnail","hentry","product_cat-preparaty-medycyny-naturalnej","product_tag-jak-ugotowac-komose-ryzowa","product_tag-kozie-mleko","product_tag-organic-farma-zdrowia","product_tag-siemie-lniane-do-picia","product_tag-vege-mieso"],"_links":{"self":[{"href":"https:\/\/wegeblw.pl\/index.php\/wp-json\/wp\/v2\/product\/8940","targetHints":{"allow":["GET"]}}],"collection":[{"href":"https:\/\/wegeblw.pl\/index.php\/wp-json\/wp\/v2\/product"}],"about":[{"href":"https:\/\/wegeblw.pl\/index.php\/wp-json\/wp\/v2\/types\/product"}],"replies":[{"embeddable":true,"href":"https:\/\/wegeblw.pl\/index.php\/wp-json\/wp\/v2\/comments?post=8940"}],"wp:featuredmedia":[{"embeddable":true,"href":"https:\/\/wegeblw.pl\/index.php\/wp-json\/wp\/v2\/media\/8941"}],"wp:attachment":[{"href":"https:\/\/wegeblw.pl\/index.php\/wp-json\/wp\/v2\/media?parent=8940"}],"wp:term":[{"taxonomy":"product_cat","embeddable":true,"href":"https:\/\/wegeblw.pl\/index.php\/wp-json\/wp\/v2\/product_cat?post=8940"},{"taxonomy":"product_tag","embeddable":true,"href":"https:\/\/wegeblw.pl\/index.php\/wp-json\/wp\/v2\/product_tag?post=8940"}],"curies":[{"name":"wp","href":"https:\/\/api.w.org\/{rel}","templated":true}]}}