{"id":8956,"date":"2016-03-12T20:51:17","date_gmt":"2016-03-12T19:51:17","guid":{"rendered":"https:\/\/wegeblw.pl\/index.php\/produkt\/solgar-wapn-magnez-cynk-100-tabl\/"},"modified":"2026-04-07T02:53:45","modified_gmt":"2026-04-07T00:53:45","slug":"solgar-wapn-magnez-cynk-100-tabl","status":"publish","type":"product","link":"https:\/\/wegeblw.pl\/index.php\/produkt\/solgar-wapn-magnez-cynk-100-tabl\/","title":{"rendered":"Solgar Wap\u0144 Magnez + Cynk 100 tabl"},"content":{"rendered":"<p>POCI\u0104G ELEKTRYCZNY ZE \u015aWIAT\u0141EM, D\u0179WI\u0118KIEM I TORAMI<\/p>\n<p>Kolejki<\/p>\n<p>nalewka z propolisu na gronkowca, olej z dziurawca na w\u0142osy, rodzaje cynamonu, fede, komosa ryzowa gdzie kupic, gdzie kupi\u0107 kapary, \u017celazo cena, chronium, bia\u0142ka w diecie, p\u0142atki jaglane jak gotowa\u0107, zacierki bez jajka, czy warto pi\u0107 kolagen, e621 co to, serek violife<\/p>\n<p><a href=\"https:\/\/kamieniarski.net\/lampiony\/\">https:\/\/kamieniarski.net\/lampiony\/<\/a><\/p>\n","protected":false},"excerpt":{"rendered":"<p>POCI\u0104G ELEKTRYCZNY ZE \u015aWIAT\u0141EM, D\u0179WI\u0118KIEM I TORAMI Kolejki nalewka z propolisu na gronkowca, olej z dziurawca na w\u0142osy, rodzaje cynamonu,&hellip;<\/p>\n","protected":false},"featured_media":8957,"comment_status":"closed","ping_status":"open","template":"","meta":[],"product_cat":[18],"product_tag":[679,690,839,804],"class_list":["post-8956","product","type-product","status-publish","has-post-thumbnail","hentry","product_cat-mineraly-i-witaminy","product_tag-dynia-hokkaido","product_tag-maka-z-cieciorki","product_tag-mleko-niepasteryzowane","product_tag-quinoa-jak-gotowac"],"_links":{"self":[{"href":"https:\/\/wegeblw.pl\/index.php\/wp-json\/wp\/v2\/product\/8956","targetHints":{"allow":["GET"]}}],"collection":[{"href":"https:\/\/wegeblw.pl\/index.php\/wp-json\/wp\/v2\/product"}],"about":[{"href":"https:\/\/wegeblw.pl\/index.php\/wp-json\/wp\/v2\/types\/product"}],"replies":[{"embeddable":true,"href":"https:\/\/wegeblw.pl\/index.php\/wp-json\/wp\/v2\/comments?post=8956"}],"wp:featuredmedia":[{"embeddable":true,"href":"https:\/\/wegeblw.pl\/index.php\/wp-json\/wp\/v2\/media\/8957"}],"wp:attachment":[{"href":"https:\/\/wegeblw.pl\/index.php\/wp-json\/wp\/v2\/media?parent=8956"}],"wp:term":[{"taxonomy":"product_cat","embeddable":true,"href":"https:\/\/wegeblw.pl\/index.php\/wp-json\/wp\/v2\/product_cat?post=8956"},{"taxonomy":"product_tag","embeddable":true,"href":"https:\/\/wegeblw.pl\/index.php\/wp-json\/wp\/v2\/product_tag?post=8956"}],"curies":[{"name":"wp","href":"https:\/\/api.w.org\/{rel}","templated":true}]}}