{"id":8992,"date":"2017-04-13T05:11:50","date_gmt":"2017-04-13T03:11:50","guid":{"rendered":"https:\/\/wegeblw.pl\/index.php\/produkt\/rainforest-wax-do-wlosow-zniszczonych-250ml\/"},"modified":"2026-04-09T23:53:27","modified_gmt":"2026-04-09T21:53:27","slug":"rainforest-wax-do-wlosow-zniszczonych-250ml","status":"publish","type":"product","link":"https:\/\/wegeblw.pl\/index.php\/produkt\/rainforest-wax-do-wlosow-zniszczonych-250ml\/","title":{"rendered":"Rainforest Wax do w\u0142os\u00f3w zniszczonych 250ml"},"content":{"rendered":"<p>Oprawy okularowe Burberry<\/p>\n<p>Okulary oprawki i szk\u0142a<\/p>\n<p>daktyle a por\u00f3d, nale\u015bniki na mleku ry\u017cowym, chleb ryzowy, ziemniaki ekologiczne, s\u0142odki kr\u0105\u017cek, msm opinie forum<\/p>\n<p>yyyyy<\/p>\n","protected":false},"excerpt":{"rendered":"<p>Oprawy okularowe Burberry Okulary oprawki i szk\u0142a daktyle a por\u00f3d, nale\u015bniki na mleku ry\u017cowym, chleb ryzowy, ziemniaki ekologiczne, s\u0142odki kr\u0105\u017cek,&hellip;<\/p>\n","protected":false},"featured_media":8993,"comment_status":"closed","ping_status":"open","template":"","meta":[],"product_cat":[520],"product_tag":[852,682,781],"class_list":["post-8992","product","type-product","status-publish","has-post-thumbnail","hentry","product_cat-maski-do-wlosow","product_tag-fenkul","product_tag-food-organic-store","product_tag-primabiotic-collagen"],"_links":{"self":[{"href":"https:\/\/wegeblw.pl\/index.php\/wp-json\/wp\/v2\/product\/8992","targetHints":{"allow":["GET"]}}],"collection":[{"href":"https:\/\/wegeblw.pl\/index.php\/wp-json\/wp\/v2\/product"}],"about":[{"href":"https:\/\/wegeblw.pl\/index.php\/wp-json\/wp\/v2\/types\/product"}],"replies":[{"embeddable":true,"href":"https:\/\/wegeblw.pl\/index.php\/wp-json\/wp\/v2\/comments?post=8992"}],"wp:featuredmedia":[{"embeddable":true,"href":"https:\/\/wegeblw.pl\/index.php\/wp-json\/wp\/v2\/media\/8993"}],"wp:attachment":[{"href":"https:\/\/wegeblw.pl\/index.php\/wp-json\/wp\/v2\/media?parent=8992"}],"wp:term":[{"taxonomy":"product_cat","embeddable":true,"href":"https:\/\/wegeblw.pl\/index.php\/wp-json\/wp\/v2\/product_cat?post=8992"},{"taxonomy":"product_tag","embeddable":true,"href":"https:\/\/wegeblw.pl\/index.php\/wp-json\/wp\/v2\/product_tag?post=8992"}],"curies":[{"name":"wp","href":"https:\/\/api.w.org\/{rel}","templated":true}]}}