{"id":902,"date":"2019-11-02T00:21:01","date_gmt":"2019-11-01T23:21:01","guid":{"rendered":"https:\/\/wegeblw.pl\/index.php\/produkt\/santelle-propolis-mleczko-pszczele-cynk-10x10-ml\/"},"modified":"2026-05-14T05:28:25","modified_gmt":"2026-05-14T03:28:25","slug":"santelle-propolis-mleczko-pszczele-cynk-10x10-ml","status":"publish","type":"product","link":"https:\/\/wegeblw.pl\/index.php\/produkt\/santelle-propolis-mleczko-pszczele-cynk-10x10-ml\/","title":{"rendered":"Santelle Propolis Mleczko pszczele Cynk 10&#215;10 ml"},"content":{"rendered":"<p>Okulary S\u0142oneczne Burberry<\/p>\n<p>Okulary przeciws\u0142oneczne damskie<\/p>\n<p>tapoka, czosnek nied\u017awiedzi kiedy ro\u015bnie, placki dla cukrzyk\u00f3w, fasola mung cena, platki musli, kaczka polska, hunan, imbir na kaszel<\/p>\n<p>yyyyy<\/p>\n","protected":false},"excerpt":{"rendered":"<p>Okulary S\u0142oneczne Burberry Okulary przeciws\u0142oneczne damskie tapoka, czosnek nied\u017awiedzi kiedy ro\u015bnie, placki dla cukrzyk\u00f3w, fasola mung cena, platki musli, kaczka&hellip;<\/p>\n","protected":false},"featured_media":903,"comment_status":"closed","ping_status":"open","template":"","meta":[],"product_cat":[18],"product_tag":[758,708,869,667,795],"class_list":["post-902","product","type-product","status-publish","has-post-thumbnail","hentry","product_cat-mineraly-i-witaminy","product_tag-bulki","product_tag-kurkuma-przyprawa-jak-stosowac","product_tag-kurkuma-w-proszku-jak-stosowac","product_tag-makaron-sojowy-ig","product_tag-wino-bez-siarczanow"],"_links":{"self":[{"href":"https:\/\/wegeblw.pl\/index.php\/wp-json\/wp\/v2\/product\/902","targetHints":{"allow":["GET"]}}],"collection":[{"href":"https:\/\/wegeblw.pl\/index.php\/wp-json\/wp\/v2\/product"}],"about":[{"href":"https:\/\/wegeblw.pl\/index.php\/wp-json\/wp\/v2\/types\/product"}],"replies":[{"embeddable":true,"href":"https:\/\/wegeblw.pl\/index.php\/wp-json\/wp\/v2\/comments?post=902"}],"wp:featuredmedia":[{"embeddable":true,"href":"https:\/\/wegeblw.pl\/index.php\/wp-json\/wp\/v2\/media\/903"}],"wp:attachment":[{"href":"https:\/\/wegeblw.pl\/index.php\/wp-json\/wp\/v2\/media?parent=902"}],"wp:term":[{"taxonomy":"product_cat","embeddable":true,"href":"https:\/\/wegeblw.pl\/index.php\/wp-json\/wp\/v2\/product_cat?post=902"},{"taxonomy":"product_tag","embeddable":true,"href":"https:\/\/wegeblw.pl\/index.php\/wp-json\/wp\/v2\/product_tag?post=902"}],"curies":[{"name":"wp","href":"https:\/\/api.w.org\/{rel}","templated":true}]}}