{"id":9044,"date":"2022-02-18T04:11:03","date_gmt":"2022-02-18T03:11:03","guid":{"rendered":"https:\/\/wegeblw.pl\/index.php\/produkt\/glyskincare-hemp-seed-oil-maska-do-wlosow-z-organicznym-olejem-konopnym-300ml\/"},"modified":"2026-04-07T03:11:13","modified_gmt":"2026-04-07T01:11:13","slug":"glyskincare-hemp-seed-oil-maska-do-wlosow-z-organicznym-olejem-konopnym-300ml","status":"publish","type":"product","link":"https:\/\/wegeblw.pl\/index.php\/produkt\/glyskincare-hemp-seed-oil-maska-do-wlosow-z-organicznym-olejem-konopnym-300ml\/","title":{"rendered":"GlySkinCare Hemp Seed Oil maska do w\u0142os\u00f3w z organicznym olejem konopnym 300ml"},"content":{"rendered":"<p>Oprawa wykonana z tworzywa w kolorze szylkretowym. Zausznik w kolorze frontu posiada WYMIENNY FLEX.<\/p>\n<p>Okulary oprawki i szk\u0142a<\/p>\n<p>erytrytol w tabletkach, czy sok z kiszonej kapusty obni\u017ca poziom cukru, jak zrobi\u0107 przypraw\u0119 gyros, dobry kolagen, z natury, schar chleb, owoce liofilizowane dla niemowlaka, serrata, czy kasza jaglana jest bezglutenowa, gatunek kaszy, co to jest karob, lecytyna wzor, kalafior jakie ma witaminy, kocio\u0142ek wegetaria\u0144ski, beepack, w\u0119giel colfarm<\/p>\n<p>yyyyy<\/p>\n","protected":false},"excerpt":{"rendered":"<p>Oprawa wykonana z tworzywa w kolorze szylkretowym. Zausznik w kolorze frontu posiada WYMIENNY FLEX. Okulary oprawki i szk\u0142a erytrytol w&hellip;<\/p>\n","protected":false},"featured_media":9045,"comment_status":"closed","ping_status":"open","template":"","meta":[],"product_cat":[520],"product_tag":[852,746,626],"class_list":["post-9044","product","type-product","status-publish","has-post-thumbnail","hentry","product_cat-maski-do-wlosow","product_tag-fenkul","product_tag-majonez-byodo","product_tag-ogorki"],"_links":{"self":[{"href":"https:\/\/wegeblw.pl\/index.php\/wp-json\/wp\/v2\/product\/9044","targetHints":{"allow":["GET"]}}],"collection":[{"href":"https:\/\/wegeblw.pl\/index.php\/wp-json\/wp\/v2\/product"}],"about":[{"href":"https:\/\/wegeblw.pl\/index.php\/wp-json\/wp\/v2\/types\/product"}],"replies":[{"embeddable":true,"href":"https:\/\/wegeblw.pl\/index.php\/wp-json\/wp\/v2\/comments?post=9044"}],"wp:featuredmedia":[{"embeddable":true,"href":"https:\/\/wegeblw.pl\/index.php\/wp-json\/wp\/v2\/media\/9045"}],"wp:attachment":[{"href":"https:\/\/wegeblw.pl\/index.php\/wp-json\/wp\/v2\/media?parent=9044"}],"wp:term":[{"taxonomy":"product_cat","embeddable":true,"href":"https:\/\/wegeblw.pl\/index.php\/wp-json\/wp\/v2\/product_cat?post=9044"},{"taxonomy":"product_tag","embeddable":true,"href":"https:\/\/wegeblw.pl\/index.php\/wp-json\/wp\/v2\/product_tag?post=9044"}],"curies":[{"name":"wp","href":"https:\/\/api.w.org\/{rel}","templated":true}]}}