{"id":9048,"date":"2019-06-10T12:01:36","date_gmt":"2019-06-10T10:01:36","guid":{"rendered":"https:\/\/wegeblw.pl\/index.php\/produkt\/vichy-purifying-hand-gel-magistral-zel-do-mycia-rak-200-ml\/"},"modified":"2026-04-08T22:44:43","modified_gmt":"2026-04-08T20:44:43","slug":"vichy-purifying-hand-gel-magistral-zel-do-mycia-rak-200-ml","status":"publish","type":"product","link":"https:\/\/wegeblw.pl\/index.php\/produkt\/vichy-purifying-hand-gel-magistral-zel-do-mycia-rak-200-ml\/","title":{"rendered":"Vichy Purifying Hand Gel Magistral \u017cel do mycia r\u0105k 200 ml"},"content":{"rendered":"<p>Life Witamina C 500 mg do Ssania Preparat jest bardzo smacznym \u017ar\u00f3d\u0142em odpowiedniej dawki witaminy CWitamina C nale\u017cy do sk\u0142adnik\u00f3w egzogennych, a wi\u0119c takich kt\u00f3re nie s\u0105 wytwarzane przez organizm i nale\u017cy je dostarcza\u0107 wraz z po\u017cywieniem.Witamina C jest sk\u0142adnikiem, kt\u00f3ry bierze udzia\u0142 w syntezie kolagenu. Dzi\u0119ki niej tkanki chrz\u0119stne maj\u0105 prawid\u0142ow\u0105 struktur\u0119, co wp\u0142ywa na prawid\u0142owy stan sk\u00f3ry, z\u0119b\u00f3w, dzi\u0105se\u0142 oraz ko\u015bci. Witamina C wykazuje<\/p>\n<p>\u015arodki na przezi\u0119bienie<\/p>\n<p>herbavis, elderberry, bio naw\u00f3z do warzyw, olejki do ciasta, m\u0105ka z soczewicy, majonez byodo gdzie kupi\u0107, kalendarze adwentowe s\u0142odycze, biszkopty savoiardi, mango puree, s\u0142onecznik siew, przepisy bogate w \u017celazo dla dzieci, siemie lniane omega 3<\/p>\n<p>yyyyy<\/p>\n","protected":false},"excerpt":{"rendered":"<p>Life Witamina C 500 mg do Ssania Preparat jest bardzo smacznym \u017ar\u00f3d\u0142em odpowiedniej dawki witaminy CWitamina C nale\u017cy do sk\u0142adnik\u00f3w&hellip;<\/p>\n","protected":false},"featured_media":9049,"comment_status":"closed","ping_status":"open","template":"","meta":[],"product_cat":[36],"product_tag":[634,796,668,776],"class_list":["post-9048","product","type-product","status-publish","has-post-thumbnail","hentry","product_cat-dermokosmetyki","product_tag-amarantus","product_tag-pasta-misi","product_tag-wolowina-ekologiczna","product_tag-zamiennik-miesa"],"_links":{"self":[{"href":"https:\/\/wegeblw.pl\/index.php\/wp-json\/wp\/v2\/product\/9048","targetHints":{"allow":["GET"]}}],"collection":[{"href":"https:\/\/wegeblw.pl\/index.php\/wp-json\/wp\/v2\/product"}],"about":[{"href":"https:\/\/wegeblw.pl\/index.php\/wp-json\/wp\/v2\/types\/product"}],"replies":[{"embeddable":true,"href":"https:\/\/wegeblw.pl\/index.php\/wp-json\/wp\/v2\/comments?post=9048"}],"wp:featuredmedia":[{"embeddable":true,"href":"https:\/\/wegeblw.pl\/index.php\/wp-json\/wp\/v2\/media\/9049"}],"wp:attachment":[{"href":"https:\/\/wegeblw.pl\/index.php\/wp-json\/wp\/v2\/media?parent=9048"}],"wp:term":[{"taxonomy":"product_cat","embeddable":true,"href":"https:\/\/wegeblw.pl\/index.php\/wp-json\/wp\/v2\/product_cat?post=9048"},{"taxonomy":"product_tag","embeddable":true,"href":"https:\/\/wegeblw.pl\/index.php\/wp-json\/wp\/v2\/product_tag?post=9048"}],"curies":[{"name":"wp","href":"https:\/\/api.w.org\/{rel}","templated":true}]}}