{"id":9050,"date":"2023-05-05T00:57:52","date_gmt":"2023-05-04T22:57:52","guid":{"rendered":"https:\/\/wegeblw.pl\/?post_type=product&#038;p=9050"},"modified":"2026-04-08T19:15:20","modified_gmt":"2026-04-08T17:15:20","slug":"vichy-dercos-technique-oil-control-szampon-do-wlosow-200ml","status":"publish","type":"product","link":"https:\/\/wegeblw.pl\/index.php\/produkt\/vichy-dercos-technique-oil-control-szampon-do-wlosow-200ml\/","title":{"rendered":"Vichy Dercos Technique Oil Control Szampon Do W\u0142os\u00f3w 200Ml"},"content":{"rendered":"<p>Okulary S\u0142oneczne Burberry<\/p>\n<p>Okulary przeciws\u0142oneczne damskie<\/p>\n<p>tapoka, czosnek nied\u017awiedzi kiedy ro\u015bnie, placki dla cukrzyk\u00f3w, fasola mung cena, platki musli, kaczka polska, hunan, imbir na kaszel<\/p>\n<p>yyyyy<\/p>\n","protected":false},"excerpt":{"rendered":"<p>Okulary S\u0142oneczne Burberry Okulary przeciws\u0142oneczne damskie tapoka, czosnek nied\u017awiedzi kiedy ro\u015bnie, placki dla cukrzyk\u00f3w, fasola mung cena, platki musli, kaczka&hellip;<\/p>\n","protected":false},"featured_media":9051,"comment_status":"closed","ping_status":"open","template":"","meta":[],"product_cat":[36],"product_tag":[645,719,729,716,639,767],"class_list":["post-9050","product","type-product","status-publish","has-post-thumbnail","hentry","product_cat-dermokosmetyki","product_tag-fioletowe-bataty","product_tag-jaja-ekologiczne","product_tag-kurkuma-jak-stosowac","product_tag-leckers","product_tag-organic-farma","product_tag-quinoa-komosa-ryzowa"],"_links":{"self":[{"href":"https:\/\/wegeblw.pl\/index.php\/wp-json\/wp\/v2\/product\/9050","targetHints":{"allow":["GET"]}}],"collection":[{"href":"https:\/\/wegeblw.pl\/index.php\/wp-json\/wp\/v2\/product"}],"about":[{"href":"https:\/\/wegeblw.pl\/index.php\/wp-json\/wp\/v2\/types\/product"}],"replies":[{"embeddable":true,"href":"https:\/\/wegeblw.pl\/index.php\/wp-json\/wp\/v2\/comments?post=9050"}],"wp:featuredmedia":[{"embeddable":true,"href":"https:\/\/wegeblw.pl\/index.php\/wp-json\/wp\/v2\/media\/9051"}],"wp:attachment":[{"href":"https:\/\/wegeblw.pl\/index.php\/wp-json\/wp\/v2\/media?parent=9050"}],"wp:term":[{"taxonomy":"product_cat","embeddable":true,"href":"https:\/\/wegeblw.pl\/index.php\/wp-json\/wp\/v2\/product_cat?post=9050"},{"taxonomy":"product_tag","embeddable":true,"href":"https:\/\/wegeblw.pl\/index.php\/wp-json\/wp\/v2\/product_tag?post=9050"}],"curies":[{"name":"wp","href":"https:\/\/api.w.org\/{rel}","templated":true}]}}