{"id":9060,"date":"2015-10-18T10:51:39","date_gmt":"2015-10-18T08:51:39","guid":{"rendered":"https:\/\/wegeblw.pl\/index.php\/produkt\/jowae-odzywczy-balsam-do-ust-4g\/"},"modified":"2026-04-07T13:37:36","modified_gmt":"2026-04-07T11:37:36","slug":"jowae-odzywczy-balsam-do-ust-4g","status":"publish","type":"product","link":"https:\/\/wegeblw.pl\/index.php\/produkt\/jowae-odzywczy-balsam-do-ust-4g\/","title":{"rendered":"JOWAE OD\u017bYWCZY BALSAM DO UST 4g"},"content":{"rendered":"<p>Marc Jacobs  Ameryka\u0144ski projektant Marc Jacobs przemieni\u0142 swoje imi\u0119 w \u015bwiatow\u0105 ikon\u0119 poprzez zastrzyk ekscentryczno\u015bci w luksusowy, ustanawiaj\u0105cy trendy styl \u017cycia. Jacobs to najm\u0142odszy projektant, kt\u00f3ry kiedykolwiek otrzyma\u0142 presti\u017cow\u0105 nagrod\u0119 CDF Award, Oscara bran\u017cy modowej. Nakierowany na kobiety, kt\u00f3re chc\u0105 zadeklarowa\u0107 w\u0142asn\u0105 osobowo\u015b\u0107, okulary Marc Jacobs charakteryzuje nieskazitelna koncentracja na szczeg\u00f3\u0142ach, a tak\u017ce kszta\u0142ty retro. Dla kogo? Okulary przeciws\u0142oneczne Marc Jacobs MJ1061\/S FWM\/70 s\u0105 cz\u0119\u015bci\u0105 najnowszej kolekcji marki Marc Jacobs, kt\u00f3ra zosta\u0142a starannie przygotowana dla kobiet. Elegancki model z pe\u0142nymi oprawkami odzwierciedla najnowsze trendy w\u015br\u00f3d okular\u00f3w wsp\u00f3\u0142czesnych projektant\u00f3w, a jego flat top kszta\u0142t sprawia, \u017ce Marc Jacobs MJ1061\/S stanowi idealny wyb\u00f3r szczeg\u00f3lnie dla okr\u0105g\u0142ej twarzy. Materia\u0142y Materia\u0142 u\u017cyty do wytworzenia oprawek to wysokiej jako\u015bci wstrzykiwany octan celulozy. W por\u00f3wnaniu do tworzywa sztucznego, octan celulozy jest l\u017cejszy, bardziej elastyczny i 100% hipoalergiczny. Soczewki zaprojektowano tak, aby blokowa\u0142y 100% szkodliwego promieniowania UV. Darmowa dostawa Kup okulary Marc Jacobs MJ1061\/S FWM\/70 na eyerim ju\u017c teraz i skorzystaj z bezp\u0142atnej dostawy w oryginalnym opakowaniu ochronnym bezpo\u015brednio pod Twoje drzwi.<\/p>\n<p>Okulary przeciws\u0142oneczne damskie<\/p>\n<p>sza\u0142wia lekarska, co to jest siemi\u0119 lniane, trzepaczka do matchy, przetworzone, na co pomaga inhalacja z soli fizjologicznej, konfitura z platkow roz, sok z selera naciowego przeciwwskazania, salatka z quinoa, ziemniaczan\u0105, musli orzechowe, pieprz czarny mielony, sklep nasushi, aloes na atopowe zapalenie sk\u00f3ry, \u017cywor\u00f3dka na zmarszczki, w\u0142a\u015bciwo\u015bci cynamonu, l tryptophan swanson<\/p>\n<p>yyyyy<\/p>\n","protected":false},"excerpt":{"rendered":"<p>Marc Jacobs Ameryka\u0144ski projektant Marc Jacobs przemieni\u0142 swoje imi\u0119 w \u015bwiatow\u0105 ikon\u0119 poprzez zastrzyk ekscentryczno\u015bci w luksusowy, ustanawiaj\u0105cy trendy styl&hellip;<\/p>\n","protected":false},"featured_media":9061,"comment_status":"closed","ping_status":"open","template":"","meta":[],"product_cat":[75],"product_tag":[800,716,732,693,699],"class_list":["post-9060","product","type-product","status-publish","has-post-thumbnail","hentry","product_cat-pielegnacja-ust","product_tag-isolabio","product_tag-leckers","product_tag-produkty-bez-laktozy","product_tag-serek-kremowy","product_tag-sok-z-cytryn"],"_links":{"self":[{"href":"https:\/\/wegeblw.pl\/index.php\/wp-json\/wp\/v2\/product\/9060","targetHints":{"allow":["GET"]}}],"collection":[{"href":"https:\/\/wegeblw.pl\/index.php\/wp-json\/wp\/v2\/product"}],"about":[{"href":"https:\/\/wegeblw.pl\/index.php\/wp-json\/wp\/v2\/types\/product"}],"replies":[{"embeddable":true,"href":"https:\/\/wegeblw.pl\/index.php\/wp-json\/wp\/v2\/comments?post=9060"}],"wp:featuredmedia":[{"embeddable":true,"href":"https:\/\/wegeblw.pl\/index.php\/wp-json\/wp\/v2\/media\/9061"}],"wp:attachment":[{"href":"https:\/\/wegeblw.pl\/index.php\/wp-json\/wp\/v2\/media?parent=9060"}],"wp:term":[{"taxonomy":"product_cat","embeddable":true,"href":"https:\/\/wegeblw.pl\/index.php\/wp-json\/wp\/v2\/product_cat?post=9060"},{"taxonomy":"product_tag","embeddable":true,"href":"https:\/\/wegeblw.pl\/index.php\/wp-json\/wp\/v2\/product_tag?post=9060"}],"curies":[{"name":"wp","href":"https:\/\/api.w.org\/{rel}","templated":true}]}}