{"id":9114,"date":"2023-07-25T15:12:08","date_gmt":"2023-07-25T13:12:08","guid":{"rendered":"https:\/\/wegeblw.pl\/?post_type=product&#038;p=9114"},"modified":"2026-04-08T08:05:00","modified_gmt":"2026-04-08T06:05:00","slug":"dr-irena-eris-institute-solutions-neuro-filler-wygladzajacy-krem-ujedrniajacy-kontur-twarzy-spf-20-50ml","status":"publish","type":"product","link":"https:\/\/wegeblw.pl\/index.php\/produkt\/dr-irena-eris-institute-solutions-neuro-filler-wygladzajacy-krem-ujedrniajacy-kontur-twarzy-spf-20-50ml\/","title":{"rendered":"Dr Irena Eris Institute Solutions Neuro Filler Wyg\u0142adzaj\u0105cy Krem Uj\u0119drniaj\u0105cy Kontur Twarzy Spf 20 50Ml"},"content":{"rendered":"<p>Okulary S\u0142oneczne Burberry<\/p>\n<p>Okulary przeciws\u0142oneczne damskie<\/p>\n<p>tapoka, czosnek nied\u017awiedzi kiedy ro\u015bnie, placki dla cukrzyk\u00f3w, fasola mung cena, platki musli, kaczka polska, hunan, imbir na kaszel<\/p>\n<p><a href=\"https:\/\/cudimiod.pl\/catering-dietetyczny-lublin\" rel=\"nofollow\">https:\/\/cudimiod.pl\/catering-dietetyczny-lublin<\/a><\/p>\n","protected":false},"excerpt":{"rendered":"<p>Okulary S\u0142oneczne Burberry Okulary przeciws\u0142oneczne damskie tapoka, czosnek nied\u017awiedzi kiedy ro\u015bnie, placki dla cukrzyk\u00f3w, fasola mung cena, platki musli, kaczka&hellip;<\/p>\n","protected":false},"featured_media":9115,"comment_status":"closed","ping_status":"open","template":"","meta":[],"product_cat":[39],"product_tag":[876,763,879,769,623],"class_list":["post-9114","product","type-product","status-publish","has-post-thumbnail","hentry","product_cat-kremy-do-twarzy","product_tag-herbaty-bio","product_tag-jak-spozywac-kurkume-leczniczo","product_tag-makaron-konjak","product_tag-mieso-mielone-wege","product_tag-mleko-roslinne"],"_links":{"self":[{"href":"https:\/\/wegeblw.pl\/index.php\/wp-json\/wp\/v2\/product\/9114","targetHints":{"allow":["GET"]}}],"collection":[{"href":"https:\/\/wegeblw.pl\/index.php\/wp-json\/wp\/v2\/product"}],"about":[{"href":"https:\/\/wegeblw.pl\/index.php\/wp-json\/wp\/v2\/types\/product"}],"replies":[{"embeddable":true,"href":"https:\/\/wegeblw.pl\/index.php\/wp-json\/wp\/v2\/comments?post=9114"}],"wp:featuredmedia":[{"embeddable":true,"href":"https:\/\/wegeblw.pl\/index.php\/wp-json\/wp\/v2\/media\/9115"}],"wp:attachment":[{"href":"https:\/\/wegeblw.pl\/index.php\/wp-json\/wp\/v2\/media?parent=9114"}],"wp:term":[{"taxonomy":"product_cat","embeddable":true,"href":"https:\/\/wegeblw.pl\/index.php\/wp-json\/wp\/v2\/product_cat?post=9114"},{"taxonomy":"product_tag","embeddable":true,"href":"https:\/\/wegeblw.pl\/index.php\/wp-json\/wp\/v2\/product_tag?post=9114"}],"curies":[{"name":"wp","href":"https:\/\/api.w.org\/{rel}","templated":true}]}}