{"id":914,"date":"2012-10-10T00:26:23","date_gmt":"2012-10-09T22:26:23","guid":{"rendered":"https:\/\/wegeblw.pl\/index.php\/produkt\/noble-health-no-make-up-60kaps\/"},"modified":"2026-04-28T10:19:19","modified_gmt":"2026-04-28T08:19:19","slug":"noble-health-no-make-up-60kaps","status":"publish","type":"product","link":"https:\/\/wegeblw.pl\/index.php\/produkt\/noble-health-no-make-up-60kaps\/","title":{"rendered":"Noble Health No Make Up 60kaps"},"content":{"rendered":"<p>Eva Simple Szampon do w\u0142os\u00f3w z \u0142upie\u017cem z jemio\u0142\u0105 500mlSzampon polecany do piel\u0119gnacji w\u0142os\u00f3w z tendencj\u0105 do \u0142upie\u017cu. Zawiera wyci\u0105g z jemio\u0142y o dzia\u0142aniu oczyszczaj\u0105cym i antyseptycznym. Szampon zmniejsza sk\u0142onno\u015b\u0107 do \u0142upie\u017cu oraz \u0142agodzi jego objawy. Dodatkowo chroni naturaln\u0105 flor\u0119 bakteryjn\u0105 sk\u00f3ry g\u0142owy. W\u0142osy odzyskuj\u0105 blask, \u015bwie\u017co\u015b\u0107 i zdrowy wygl\u0105d bez \u0142upie\u017cu. Pojemno\u015b\u0107: 500ml<\/p>\n<p>Szampony do w\u0142os\u00f3w<\/p>\n<p>czy li\u015bcie rzodkiewki s\u0105 jadalne, najel, kolagen beauty me, ostrovit d3 k2, sok 2 litry, vianek od\u017cywczy \u017cel myj\u0105cy do twarzy, fasola haricot, zdrowe chrupki, li\u015bcie aloesu zastosowanie<\/p>\n<p><a href=\"https:\/\/www.rehabilitacja-beactive.pl\/\/cennik.html\">https:\/\/www.rehabilitacja-beactive.pl\/\/cennik.html<\/a><\/p>\n","protected":false},"excerpt":{"rendered":"<p>Eva Simple Szampon do w\u0142os\u00f3w z \u0142upie\u017cem z jemio\u0142\u0105 500mlSzampon polecany do piel\u0119gnacji w\u0142os\u00f3w z tendencj\u0105 do \u0142upie\u017cu. Zawiera wyci\u0105g&hellip;<\/p>\n","protected":false},"featured_media":915,"comment_status":"closed","ping_status":"open","template":"","meta":[],"product_cat":[26],"product_tag":[659,880,639,750,702,700],"class_list":["post-914","product","type-product","status-publish","has-post-thumbnail","hentry","product_cat-nutrikosmetyki","product_tag-jajka-marynowane-po-koreansku","product_tag-kotlet-weganski-linda-mccartney","product_tag-organic-farma","product_tag-pasta-tahini-do-czego","product_tag-przepis-na-sekacz","product_tag-przepis-na-sekacza"],"_links":{"self":[{"href":"https:\/\/wegeblw.pl\/index.php\/wp-json\/wp\/v2\/product\/914","targetHints":{"allow":["GET"]}}],"collection":[{"href":"https:\/\/wegeblw.pl\/index.php\/wp-json\/wp\/v2\/product"}],"about":[{"href":"https:\/\/wegeblw.pl\/index.php\/wp-json\/wp\/v2\/types\/product"}],"replies":[{"embeddable":true,"href":"https:\/\/wegeblw.pl\/index.php\/wp-json\/wp\/v2\/comments?post=914"}],"wp:featuredmedia":[{"embeddable":true,"href":"https:\/\/wegeblw.pl\/index.php\/wp-json\/wp\/v2\/media\/915"}],"wp:attachment":[{"href":"https:\/\/wegeblw.pl\/index.php\/wp-json\/wp\/v2\/media?parent=914"}],"wp:term":[{"taxonomy":"product_cat","embeddable":true,"href":"https:\/\/wegeblw.pl\/index.php\/wp-json\/wp\/v2\/product_cat?post=914"},{"taxonomy":"product_tag","embeddable":true,"href":"https:\/\/wegeblw.pl\/index.php\/wp-json\/wp\/v2\/product_tag?post=914"}],"curies":[{"name":"wp","href":"https:\/\/api.w.org\/{rel}","templated":true}]}}