{"id":9146,"date":"2012-10-13T06:29:25","date_gmt":"2012-10-13T04:29:25","guid":{"rendered":"https:\/\/wegeblw.pl\/index.php\/produkt\/sesderma-after-shave-balm-men-balsam-po-goleniu-100ml\/"},"modified":"2026-04-28T18:41:25","modified_gmt":"2026-04-28T16:41:25","slug":"sesderma-after-shave-balm-men-balsam-po-goleniu-100ml","status":"publish","type":"product","link":"https:\/\/wegeblw.pl\/index.php\/produkt\/sesderma-after-shave-balm-men-balsam-po-goleniu-100ml\/","title":{"rendered":"Sesderma After Shave Balm Men Balsam po goleniu 100ml"},"content":{"rendered":"<p>Suplement diety zawieraj\u0105cy magnez w postaci organicznej, kt\u00f3ra jest bardzo dobrze przyswajalna przez organizm ludzki, a tak\u017ce potas, witamin\u0119 B6 oraz witamin\u0119 E.<\/p>\n<p>Stawy mi\u0119\u015bnie i ko\u015bci<\/p>\n<p>konopi siewna, farma zdrowia, konjack, mied\u017a w tabletkach, askorbinianu sodu, s\u00f3l epsom 5 kg, r\u00f3wnowaga hormonalna, ketony egzogenne, yope p\u0142yn do \u0142azienki, p\u0142atki kukurydziane bez glutenu, hummus zdrowy, mi\u0119so dla wegetarian, maka sorgo, sk\u00f3ra cena, dieta ketogeniczna &#8212; przyk\u0142adowy jad\u0142ospis, anka dziedzic dieta, s\u00f3l kuchenna w\u0142a\u015bciwo\u015bci, ocet spirytusowy 5l, kailas krem opinie, \u017curawina suszona cena, zeolit medyczny cena<\/p>\n<p><a href=\"https:\/\/www.dom-lazienka.pl\">dom-lazienka.pl<\/a><\/p>\n","protected":false},"excerpt":{"rendered":"<p>Suplement diety zawieraj\u0105cy magnez w postaci organicznej, kt\u00f3ra jest bardzo dobrze przyswajalna przez organizm ludzki, a tak\u017ce potas, witamin\u0119 B6&hellip;<\/p>\n","protected":false},"featured_media":9147,"comment_status":"closed","ping_status":"open","template":"","meta":[],"product_cat":[36],"product_tag":[841,758,620,775],"class_list":["post-9146","product","type-product","status-publish","has-post-thumbnail","hentry","product_cat-dermokosmetyki","product_tag-biolab-shop","product_tag-bulki","product_tag-kielbasa-wiejska","product_tag-kwasna-smietana"],"_links":{"self":[{"href":"https:\/\/wegeblw.pl\/index.php\/wp-json\/wp\/v2\/product\/9146","targetHints":{"allow":["GET"]}}],"collection":[{"href":"https:\/\/wegeblw.pl\/index.php\/wp-json\/wp\/v2\/product"}],"about":[{"href":"https:\/\/wegeblw.pl\/index.php\/wp-json\/wp\/v2\/types\/product"}],"replies":[{"embeddable":true,"href":"https:\/\/wegeblw.pl\/index.php\/wp-json\/wp\/v2\/comments?post=9146"}],"wp:featuredmedia":[{"embeddable":true,"href":"https:\/\/wegeblw.pl\/index.php\/wp-json\/wp\/v2\/media\/9147"}],"wp:attachment":[{"href":"https:\/\/wegeblw.pl\/index.php\/wp-json\/wp\/v2\/media?parent=9146"}],"wp:term":[{"taxonomy":"product_cat","embeddable":true,"href":"https:\/\/wegeblw.pl\/index.php\/wp-json\/wp\/v2\/product_cat?post=9146"},{"taxonomy":"product_tag","embeddable":true,"href":"https:\/\/wegeblw.pl\/index.php\/wp-json\/wp\/v2\/product_tag?post=9146"}],"curies":[{"name":"wp","href":"https:\/\/api.w.org\/{rel}","templated":true}]}}