{"id":916,"date":"2020-02-29T10:25:52","date_gmt":"2020-02-29T09:25:52","guid":{"rendered":"https:\/\/wegeblw.pl\/index.php\/produkt\/alg-pharma-bioflawo-c-sr-60kaps\/"},"modified":"2026-04-07T07:53:42","modified_gmt":"2026-04-07T05:53:42","slug":"alg-pharma-bioflawo-c-sr-60kaps","status":"publish","type":"product","link":"https:\/\/wegeblw.pl\/index.php\/produkt\/alg-pharma-bioflawo-c-sr-60kaps\/","title":{"rendered":"Alg Pharma Bioflawo C SR, 60kaps."},"content":{"rendered":"<p>Oprawy okularowe Burberry<\/p>\n<p>Okulary oprawki i szk\u0142a<\/p>\n<p>daktyle a por\u00f3d, nale\u015bniki na mleku ry\u017cowym, chleb ryzowy, ziemniaki ekologiczne, s\u0142odki kr\u0105\u017cek, msm opinie forum<\/p>\n<p>yyyyy<\/p>\n","protected":false},"excerpt":{"rendered":"<p>Oprawy okularowe Burberry Okulary oprawki i szk\u0142a daktyle a por\u00f3d, nale\u015bniki na mleku ry\u017cowym, chleb ryzowy, ziemniaki ekologiczne, s\u0142odki kr\u0105\u017cek,&hellip;<\/p>\n","protected":false},"featured_media":917,"comment_status":"closed","ping_status":"open","template":"","meta":[],"product_cat":[18],"product_tag":[852,722,685,756,745],"class_list":["post-916","product","type-product","status-publish","has-post-thumbnail","hentry","product_cat-mineraly-i-witaminy","product_tag-fenkul","product_tag-kurkuma-ile-dziennie","product_tag-sekacz-skad-pochodzi","product_tag-sklep-ekologiczny-warszawa","product_tag-swieze-mleko"],"_links":{"self":[{"href":"https:\/\/wegeblw.pl\/index.php\/wp-json\/wp\/v2\/product\/916","targetHints":{"allow":["GET"]}}],"collection":[{"href":"https:\/\/wegeblw.pl\/index.php\/wp-json\/wp\/v2\/product"}],"about":[{"href":"https:\/\/wegeblw.pl\/index.php\/wp-json\/wp\/v2\/types\/product"}],"replies":[{"embeddable":true,"href":"https:\/\/wegeblw.pl\/index.php\/wp-json\/wp\/v2\/comments?post=916"}],"wp:featuredmedia":[{"embeddable":true,"href":"https:\/\/wegeblw.pl\/index.php\/wp-json\/wp\/v2\/media\/917"}],"wp:attachment":[{"href":"https:\/\/wegeblw.pl\/index.php\/wp-json\/wp\/v2\/media?parent=916"}],"wp:term":[{"taxonomy":"product_cat","embeddable":true,"href":"https:\/\/wegeblw.pl\/index.php\/wp-json\/wp\/v2\/product_cat?post=916"},{"taxonomy":"product_tag","embeddable":true,"href":"https:\/\/wegeblw.pl\/index.php\/wp-json\/wp\/v2\/product_tag?post=916"}],"curies":[{"name":"wp","href":"https:\/\/api.w.org\/{rel}","templated":true}]}}