{"id":9170,"date":"2025-01-14T08:49:57","date_gmt":"2025-01-14T07:49:57","guid":{"rendered":"https:\/\/wegeblw.pl\/?post_type=product&#038;p=9170"},"modified":"2026-04-08T08:10:54","modified_gmt":"2026-04-08T06:10:54","slug":"alica24-body-bez-rekawow-dlugie-nogawki-b34","status":"publish","type":"product","link":"https:\/\/wegeblw.pl\/index.php\/produkt\/alica24-body-bez-rekawow-dlugie-nogawki-b34\/","title":{"rendered":"Alica24 Body Bez R\u0119kaw\u00f3w D\u0142ugie Nogawki (B34)"},"content":{"rendered":"<p>Chcia\u0142by\u015b mie\u0107 w swoim domu najlepsze produkty do piel\u0119gnacji urody, najlepszego gatunku i w najlepszych cenach? W takim razie nie mo\u017cesz pozosta\u0107 bez \u017bel Redukuj\u0105cy Ultra Intensivo Somatoline (2 pcs)!P\u0142e\u0107: KobietaZawiera: \u017bel Redukuj\u0105cy 400 mlEksfoliator i zmi\u0119kczacz 350 g&#8230;<\/p>\n<p>Nutrikosmetyki<\/p>\n<p>bio body, inhalator do nosa w sztyfcie, bakteria narine, cytrynka kwiat, na co jest woda z brzozy, mozzarella z mleka bawolego, woda borjomi przeciwwskazania, woda z cytryna na odchudzanie, cukierki any\u017cowe gdzie kupi\u0107, bia\u0142a rzepa, cukier 10 kg, pph, ile gotowa\u0107 ry\u017c br\u0105zowy, picie wody z sod\u0105 oczyszczon\u0105, jakie zio\u0142a na sen<\/p>\n<p>yyyyy<\/p>\n","protected":false},"excerpt":{"rendered":"<p>Chcia\u0142by\u015b mie\u0107 w swoim domu najlepsze produkty do piel\u0119gnacji urody, najlepszego gatunku i w najlepszych cenach? W takim razie nie&hellip;<\/p>\n","protected":false},"featured_media":9171,"comment_status":"closed","ping_status":"open","template":"","meta":[],"product_cat":[463],"product_tag":[744,739,628,623,750,878],"class_list":["post-9170","product","type-product","status-publish","has-post-thumbnail","hentry","product_cat-higiena-osob-starszych-i-niepelnosprawnych","product_tag-haagen-dazs","product_tag-makaron-sojowy-indeks-glikemiczny","product_tag-mieso-roslinne","product_tag-mleko-roslinne","product_tag-pasta-tahini-do-czego","product_tag-tahini-do-czego"],"_links":{"self":[{"href":"https:\/\/wegeblw.pl\/index.php\/wp-json\/wp\/v2\/product\/9170","targetHints":{"allow":["GET"]}}],"collection":[{"href":"https:\/\/wegeblw.pl\/index.php\/wp-json\/wp\/v2\/product"}],"about":[{"href":"https:\/\/wegeblw.pl\/index.php\/wp-json\/wp\/v2\/types\/product"}],"replies":[{"embeddable":true,"href":"https:\/\/wegeblw.pl\/index.php\/wp-json\/wp\/v2\/comments?post=9170"}],"wp:featuredmedia":[{"embeddable":true,"href":"https:\/\/wegeblw.pl\/index.php\/wp-json\/wp\/v2\/media\/9171"}],"wp:attachment":[{"href":"https:\/\/wegeblw.pl\/index.php\/wp-json\/wp\/v2\/media?parent=9170"}],"wp:term":[{"taxonomy":"product_cat","embeddable":true,"href":"https:\/\/wegeblw.pl\/index.php\/wp-json\/wp\/v2\/product_cat?post=9170"},{"taxonomy":"product_tag","embeddable":true,"href":"https:\/\/wegeblw.pl\/index.php\/wp-json\/wp\/v2\/product_tag?post=9170"}],"curies":[{"name":"wp","href":"https:\/\/api.w.org\/{rel}","templated":true}]}}