{"id":9187,"date":"2021-02-04T06:37:47","date_gmt":"2021-02-04T05:37:47","guid":{"rendered":"https:\/\/wegeblw.pl\/index.php\/produkt\/myvita-spirulina-250mg-1000-tabl\/"},"modified":"2026-04-09T04:15:17","modified_gmt":"2026-04-09T02:15:17","slug":"myvita-spirulina-250mg-1000-tabl","status":"publish","type":"product","link":"https:\/\/wegeblw.pl\/index.php\/produkt\/myvita-spirulina-250mg-1000-tabl\/","title":{"rendered":"Myvita Spirulina 250Mg 1000 tabl"},"content":{"rendered":"<p>Samochody i motocykle<\/p>\n<p>ziele kozieradki, barszcz ukrai\u0144ski, wit d3 z lanoliny, jakie s\u0105 owoce morza, dlaczego jagody s\u0105 gorzkie, szczoteczka do z\u0119b\u00f3w bambusowa, gdzie mo\u017cna kupi\u0107 aloes, e412 szkodliwo\u015b\u0107, rose hips, vege keto, \u017celki halloween, kwiatostan kocanki, sk\u0142ad proszku do pieczenia<\/p>\n<p><a href=\"https:\/\/www.dom-lazienka.pl\/szafki-lazienkowe-cat-94\">w\u0105ski s\u0142upek \u0142azienkowy<\/a><\/p>\n","protected":false},"excerpt":{"rendered":"<p>Samochody i motocykle ziele kozieradki, barszcz ukrai\u0144ski, wit d3 z lanoliny, jakie s\u0105 owoce morza, dlaczego jagody s\u0105 gorzkie, szczoteczka&hellip;<\/p>\n","protected":false},"featured_media":9188,"comment_status":"closed","ping_status":"open","template":"","meta":[],"product_cat":[18],"product_tag":[635,729,818,702,831,760],"class_list":["post-9187","product","type-product","status-publish","has-post-thumbnail","hentry","product_cat-mineraly-i-witaminy","product_tag-4-her","product_tag-kurkuma-jak-stosowac","product_tag-organic-sklepy","product_tag-przepis-na-sekacz","product_tag-rozgryzanie-pestek-granatu","product_tag-skyr-bez-laktozy"],"_links":{"self":[{"href":"https:\/\/wegeblw.pl\/index.php\/wp-json\/wp\/v2\/product\/9187","targetHints":{"allow":["GET"]}}],"collection":[{"href":"https:\/\/wegeblw.pl\/index.php\/wp-json\/wp\/v2\/product"}],"about":[{"href":"https:\/\/wegeblw.pl\/index.php\/wp-json\/wp\/v2\/types\/product"}],"replies":[{"embeddable":true,"href":"https:\/\/wegeblw.pl\/index.php\/wp-json\/wp\/v2\/comments?post=9187"}],"wp:featuredmedia":[{"embeddable":true,"href":"https:\/\/wegeblw.pl\/index.php\/wp-json\/wp\/v2\/media\/9188"}],"wp:attachment":[{"href":"https:\/\/wegeblw.pl\/index.php\/wp-json\/wp\/v2\/media?parent=9187"}],"wp:term":[{"taxonomy":"product_cat","embeddable":true,"href":"https:\/\/wegeblw.pl\/index.php\/wp-json\/wp\/v2\/product_cat?post=9187"},{"taxonomy":"product_tag","embeddable":true,"href":"https:\/\/wegeblw.pl\/index.php\/wp-json\/wp\/v2\/product_tag?post=9187"}],"curies":[{"name":"wp","href":"https:\/\/api.w.org\/{rel}","templated":true}]}}