{"id":9191,"date":"2020-09-10T16:38:35","date_gmt":"2020-09-10T14:38:35","guid":{"rendered":"https:\/\/wegeblw.pl\/index.php\/produkt\/sesderma-mandelac-krem-nawilzajacy-z-kwasem-migdalowym-i-ekstraktami-roslinnymi-50ml\/"},"modified":"2026-04-08T09:24:25","modified_gmt":"2026-04-08T07:24:25","slug":"sesderma-mandelac-krem-nawilzajacy-z-kwasem-migdalowym-i-ekstraktami-roslinnymi-50ml","status":"publish","type":"product","link":"https:\/\/wegeblw.pl\/index.php\/produkt\/sesderma-mandelac-krem-nawilzajacy-z-kwasem-migdalowym-i-ekstraktami-roslinnymi-50ml\/","title":{"rendered":"Sesderma MANDELAC krem nawil\u017caj\u0105cy z kwasem migda\u0142owym i ekstraktami ro\u015blinnymi 50ml"},"content":{"rendered":"<p>Emolium A-topic Tr\u00f3jaktywna Emulsja do cia\u0142a 200ml<\/p>\n<p>Pozosta\u0142e kosmetyki do piel\u0119gnacji cia\u0142a<\/p>\n<p>ma\u0142y makaron, rzodkiew japonska, suplement maca, zdrowe cukierki, witamina cw proszku do twarzy, dynia olbrzymia nasiona, cukier waniliowy, wisiolek, yope p\u0142yn do \u0142azienki<\/p>\n<p>yyyyy<\/p>\n","protected":false},"excerpt":{"rendered":"<p>Emolium A-topic Tr\u00f3jaktywna Emulsja do cia\u0142a 200ml Pozosta\u0142e kosmetyki do piel\u0119gnacji cia\u0142a ma\u0142y makaron, rzodkiew japonska, suplement maca, zdrowe cukierki,&hellip;<\/p>\n","protected":false},"featured_media":9192,"comment_status":"closed","ping_status":"open","template":"","meta":[],"product_cat":[36],"product_tag":[689,623,804],"class_list":["post-9191","product","type-product","status-publish","has-post-thumbnail","hentry","product_cat-dermokosmetyki","product_tag-maka-orkiszowa-wlasciwosci","product_tag-mleko-roslinne","product_tag-quinoa-jak-gotowac"],"_links":{"self":[{"href":"https:\/\/wegeblw.pl\/index.php\/wp-json\/wp\/v2\/product\/9191","targetHints":{"allow":["GET"]}}],"collection":[{"href":"https:\/\/wegeblw.pl\/index.php\/wp-json\/wp\/v2\/product"}],"about":[{"href":"https:\/\/wegeblw.pl\/index.php\/wp-json\/wp\/v2\/types\/product"}],"replies":[{"embeddable":true,"href":"https:\/\/wegeblw.pl\/index.php\/wp-json\/wp\/v2\/comments?post=9191"}],"wp:featuredmedia":[{"embeddable":true,"href":"https:\/\/wegeblw.pl\/index.php\/wp-json\/wp\/v2\/media\/9192"}],"wp:attachment":[{"href":"https:\/\/wegeblw.pl\/index.php\/wp-json\/wp\/v2\/media?parent=9191"}],"wp:term":[{"taxonomy":"product_cat","embeddable":true,"href":"https:\/\/wegeblw.pl\/index.php\/wp-json\/wp\/v2\/product_cat?post=9191"},{"taxonomy":"product_tag","embeddable":true,"href":"https:\/\/wegeblw.pl\/index.php\/wp-json\/wp\/v2\/product_tag?post=9191"}],"curies":[{"name":"wp","href":"https:\/\/api.w.org\/{rel}","templated":true}]}}