{"id":92,"date":"2023-07-08T14:17:58","date_gmt":"2023-07-08T12:17:58","guid":{"rendered":"https:\/\/wegeblw.pl\/?post_type=product&#038;p=92"},"modified":"2026-04-09T07:22:37","modified_gmt":"2026-04-09T05:22:37","slug":"boson-test-antygenowy-covid-19-delta-omikron-250szt","status":"publish","type":"product","link":"https:\/\/wegeblw.pl\/index.php\/produkt\/boson-test-antygenowy-covid-19-delta-omikron-250szt\/","title":{"rendered":"Boson Test Antygenowy Covid-19 Delta Omikron 250Szt."},"content":{"rendered":"<p>Life Fumo15 DEN &#8211; klasyczne rajstopy Rajstopy klasyczne, z klinem. Dzi\u0119ki du\u017cej zawarto\u015bci elastycznych w\u0142\u00f3kien Lycra, rajstopy dobrze przylegaj\u0105 do cia\u0142a podkre\u015blaj\u0105c kszta\u0142t n\u00f3g i po\u015bladk\u00f3w, dzi\u0119ki czemu czujesz si\u0119 w nich komfortowo.<\/p>\n<p>Rajstopy<\/p>\n<p>oliwa t\u0142oczona na zimno, basmati, zio\u0142a sklep internetowy, miodowe platki, rizen, taralli, gotowy bulion warzywny, ser feta elios, jakie s\u0142odycze dla cukrzyk\u00f3w, sklep ze zdrow\u0105 \u017cywno\u015bci\u0105 \u0142\u00f3d\u017a, kalorii banan, olej z czarnuszki gdzie kupic, sok z kiszonego selera w\u0142a\u015bciwo\u015bci, margaryna bez oleju palmowego, olejek odstraszajacy komary<\/p>\n<p>yyyyy<\/p>\n","protected":false},"excerpt":{"rendered":"<p>Life Fumo15 DEN &#8211; klasyczne rajstopy Rajstopy klasyczne, z klinem. Dzi\u0119ki du\u017cej zawarto\u015bci elastycznych w\u0142\u00f3kien Lycra, rajstopy dobrze przylegaj\u0105 do&hellip;<\/p>\n","protected":false},"featured_media":93,"comment_status":"closed","ping_status":"open","template":"","meta":[],"product_cat":[21],"product_tag":[636,677,730],"class_list":["post-92","product","type-product","status-publish","has-post-thumbnail","hentry","product_cat-testy-ciazowe-i-diagnostyczne","product_tag-farma-zdrowia","product_tag-health-labs","product_tag-jogody"],"_links":{"self":[{"href":"https:\/\/wegeblw.pl\/index.php\/wp-json\/wp\/v2\/product\/92","targetHints":{"allow":["GET"]}}],"collection":[{"href":"https:\/\/wegeblw.pl\/index.php\/wp-json\/wp\/v2\/product"}],"about":[{"href":"https:\/\/wegeblw.pl\/index.php\/wp-json\/wp\/v2\/types\/product"}],"replies":[{"embeddable":true,"href":"https:\/\/wegeblw.pl\/index.php\/wp-json\/wp\/v2\/comments?post=92"}],"wp:featuredmedia":[{"embeddable":true,"href":"https:\/\/wegeblw.pl\/index.php\/wp-json\/wp\/v2\/media\/93"}],"wp:attachment":[{"href":"https:\/\/wegeblw.pl\/index.php\/wp-json\/wp\/v2\/media?parent=92"}],"wp:term":[{"taxonomy":"product_cat","embeddable":true,"href":"https:\/\/wegeblw.pl\/index.php\/wp-json\/wp\/v2\/product_cat?post=92"},{"taxonomy":"product_tag","embeddable":true,"href":"https:\/\/wegeblw.pl\/index.php\/wp-json\/wp\/v2\/product_tag?post=92"}],"curies":[{"name":"wp","href":"https:\/\/api.w.org\/{rel}","templated":true}]}}