{"id":9209,"date":"2023-08-21T22:19:12","date_gmt":"2023-08-21T20:19:12","guid":{"rendered":"https:\/\/wegeblw.pl\/?post_type=product&#038;p=9209"},"modified":"2026-04-08T02:24:16","modified_gmt":"2026-04-08T00:24:16","slug":"labodiet-rutinea-c-60-tabl","status":"publish","type":"product","link":"https:\/\/wegeblw.pl\/index.php\/produkt\/labodiet-rutinea-c-60-tabl\/","title":{"rendered":"Labodiet Rutinea C 60 tabl."},"content":{"rendered":"<p>Wyci\u0105g ostropestu 190mg karczoch 100 kaps. Aliness<\/p>\n<p>Pozosta\u0142e preparaty dla sportowc\u00f3w<\/p>\n<p>zinc forte, bajgiel, zamiennik jajka, zupa tajska ostra, macerat z marchwi, jod krystaliczny, olejki relaksacyjne, mleko na keto, fasola czerwona puszka, bataty czy ziemniaki<\/p>\n<p>yyyyy<\/p>\n","protected":false},"excerpt":{"rendered":"<p>Wyci\u0105g ostropestu 190mg karczoch 100 kaps. Aliness Pozosta\u0142e preparaty dla sportowc\u00f3w zinc forte, bajgiel, zamiennik jajka, zupa tajska ostra, macerat&hellip;<\/p>\n","protected":false},"featured_media":9210,"comment_status":"closed","ping_status":"open","template":"","meta":[],"product_cat":[18],"product_tag":[625,628,728],"class_list":["post-9209","product","type-product","status-publish","has-post-thumbnail","hentry","product_cat-mineraly-i-witaminy","product_tag-granat-jak-jesc","product_tag-mieso-roslinne","product_tag-roslinne-mieso"],"_links":{"self":[{"href":"https:\/\/wegeblw.pl\/index.php\/wp-json\/wp\/v2\/product\/9209","targetHints":{"allow":["GET"]}}],"collection":[{"href":"https:\/\/wegeblw.pl\/index.php\/wp-json\/wp\/v2\/product"}],"about":[{"href":"https:\/\/wegeblw.pl\/index.php\/wp-json\/wp\/v2\/types\/product"}],"replies":[{"embeddable":true,"href":"https:\/\/wegeblw.pl\/index.php\/wp-json\/wp\/v2\/comments?post=9209"}],"wp:featuredmedia":[{"embeddable":true,"href":"https:\/\/wegeblw.pl\/index.php\/wp-json\/wp\/v2\/media\/9210"}],"wp:attachment":[{"href":"https:\/\/wegeblw.pl\/index.php\/wp-json\/wp\/v2\/media?parent=9209"}],"wp:term":[{"taxonomy":"product_cat","embeddable":true,"href":"https:\/\/wegeblw.pl\/index.php\/wp-json\/wp\/v2\/product_cat?post=9209"},{"taxonomy":"product_tag","embeddable":true,"href":"https:\/\/wegeblw.pl\/index.php\/wp-json\/wp\/v2\/product_tag?post=9209"}],"curies":[{"name":"wp","href":"https:\/\/api.w.org\/{rel}","templated":true}]}}