{"id":9211,"date":"2024-05-10T04:45:04","date_gmt":"2024-05-10T02:45:04","guid":{"rendered":"https:\/\/wegeblw.pl\/?post_type=product&#038;p=9211"},"modified":"2026-04-07T03:20:19","modified_gmt":"2026-04-07T01:20:19","slug":"sesderma-samay-kontur-oczu-krem-15ml","status":"publish","type":"product","link":"https:\/\/wegeblw.pl\/index.php\/produkt\/sesderma-samay-kontur-oczu-krem-15ml\/","title":{"rendered":"Sesderma Samay Kontur Oczu Krem 15ml"},"content":{"rendered":"<p>Niezwykle inteligentne, profesjonalne oprogramowanie OCR do tworzenia edytowalnych i przeszukiwalnych plik\u00f3w elektronicznych z zeskanowanych dokument\u00f3w papierowych, plik\u00f3w PDF i zdj\u0119\u0107 z aparatu cyfrowego. ABBYY FineReader 12 daje u\u017cytkownikowi mo\u017cliwo\u015b\u0107 uwolnienia danych zawartych w dokumentach i obrazach, poprzez przekszta\u0142cenie ich w dost\u0119pne i zdatne do u\u017cytku informacje.Dzi\u0119ki kolejnym generacjom zastosowanych w nim technologii rozpoznawania tekstu na zdj\u0119ciach cyfrowych oraz ADRT, aplikacja wykracza poza ograniczenia tradycyjnych program\u00f3w do rozpoznawania znak\u00f3w. Nie tylko rozpoznaje poszczeg\u00f3lne strony, ale r\u00f3wnie\u017c przetwarza z\u0142o\u017cone, wielostronicowe dokumenty, odtwarzaj\u0105c ich pierwotn\u0105 struktur\u0119. Oferuje ponadto mo\u017cliwo\u015b\u0107 przetwarzania obraz\u00f3w pochodz\u0105cych z aparatu wbudowanego w telefon kom\u00f3rkowy.EDYCJA I PONOWNE WYKORZYSTYWANIE TEKSTU POCHODZ\u0104CEGO Z PLIK\u00d3W PDF ORAZ ZESKANOWANYCH LUB PAPIEROWYCH DOKUMENT\u00d3WEdytuj dokumenty papierowe i pliki zawieraj\u0105ce tylko obraz wykorzystuj\u0105c oferowane przez program ABBYY FineReader mo\u017cliwo\u015bci dok\u0142adnego odtwarzania dokument\u00f3w (nawet tych o z\u0142o\u017conej strukturze oraz formatowaniu) podczas ich przekszta\u0142cania na pliki edytowalne.PRZEKSZTA\u0141CANIE DOKUMENT\u00d3W Z NIESPOTYKAN\u0104 DOT\u0104D DOK\u0141ADNO\u015aCI\u0104Korzystaj z mo\u017cliwo\u015bci \u0142atwego edytowania dokument\u00f3w biznesowych (takich jak umowy, cenniki i listy) stosuj\u0105c ulepszone funkcje odwzorowywania styl\u00f3w i uk\u0142adu, a tak\u017ce usprawnione wykrywanie tabel.PRZYTACZANIE DOWOLNYCH FRAGMENT\u00d3W DOKUMENT\u00d3WKopiuj tekst, tabele lub obrazy z zeskanowanych dokument\u00f3w i plik\u00f3w PDF zawieraj\u0105cych tylko obraz &#8211; wystarczy klikn\u0105\u0107!TWORZENIE PRZESZUKIWALNYCH PLIK\u00f3W PDF NA POTRZEBY ARCHIWIZACJIPrzekszta\u0142\u0107 papierow\u0105 dokumentacj\u0119 na \u0142atwo dost\u0119pne dane cyfrowe, kt\u00f3re mo\u017cna szybko przeszukiwa\u0107. Nowe technologie precyzyjnego skanowania i wybielania t\u0142a powoduj\u0105, \u017ce przeszukiwalne pliki PDF s\u0105 klarowne i wyra\u017ane.PRZECHOWYWANIE DANYCH W CHMURZEZapisuj przekszta\u0142cone dokumenty w wybranej chmurze (Google Drive, Dropbox, SkyDrive itp.) lub w us\u0142udze Microsoft SharePoint Online, bezpo\u015brednio z programu ABBYY FineReader.REJESTROWANIE DOKUMENT\u00d3W &#8222;W BIEGU&#8221;Je\u015bli nie masz pod r\u0119k\u0105 skanera, rejestruj dokumenty za pomoc\u0105 aparatu, smartfonu lub tabletu. ABBYY FineReader oferuje szerok\u0105 gam\u0119 nowych oraz usprawnionych funkcji polepszania obrazu, dzi\u0119ki kt\u00f3rym nawet niskiej jako\u015bci obrazy idealnie nadaj\u0105 si\u0119 do dok\u0142adnego rozpoznawania i przekszta\u0142cania na pliki edytowalne.Czas trwania (licencji \/ subskrypcji): Licencja wieczysta Informacje dodatkowe: Nowo\u015bci w ABBYY FineReader 12:- B\u0142yskawiczne otwieranie dokument\u00f3w (nowo\u015b\u0107!) &#8211; Ogl\u0105daj strony, przesuwaj je, edytuj obszary, podczas gdy dokument jest wci\u0105\u017c przetwarzany- Przetwarzanie w tle (nowo\u015b\u0107!)- Szybkie wydobycie cytat\u00f3w (nowo\u015b\u0107!)- Konwersja tabel &#8211; poprawiona o 40%- Poprawa jako\u015bci obrazu dla lepszego wygl\u0105du kopii archiwalnych:- PreciseScan dla skanowanych PDF\u00f3w (nowo\u015b\u0107!)- Oczyszcza i wyg\u0142adza zeskanowany tekst- Wybielenie t\u0142a dla starych dokument\u00f3w (po\u017c\u00f3\u0142k\u0142e, poszarza\u0142e \u2013 nowo\u015b\u0107!)- Usuwanie kolorowych znak\u00f3w i piecz\u0105tek (nowo\u015b\u0107!)- Automatyczne wielostronicowe przetwarzanie (nowo\u015b\u0107!)- Wykrywa i przetwarza do kraw\u0119dzi strony- \u0141atwiejsze wysy\u0142anie i pobieranie z Chmury (nowo\u015b\u0107!):- Google Drive, Dropbox, SkyDrive, itp.- Nowoczesny, u\u0142atwiaj\u0105cy prac\u0119 interfejs wzorowany na Windows 8:- QuickTasks na ekranie startowym Win8- Wzorce dotykowe do przewijania i powi\u0119kszaniaPodwy\u017cszona wydajno\u015b\u0107: &#8211; Do 15% szybsza konwersja- Wielostronicowe dokumenty otwierane s\u0105 ponad 10 razy szybciejPoprawione odtwarzanie uk\u0142adu: &#8211; Do 40% lepsza konwersja tabel- Do 30% lepsze odtworzenie graf\u00f3w i wykres\u00f3wNajlepsze rozpoznawanie w wielu j\u0119zykach: &#8211; Poprawiona o 15% dok\u0142adno\u015b\u0107 dla arabskiego- Poprawiony o 10% hebrajski- Nowo\u015b\u0107 &#8211; rosyjski z akcentami, wsparcie s\u0142ownikowe dla dodatkowych 3 j\u0119zyk\u00f3w, poprawione dla jednego &#8211; portugalskiego (brazylijskiego)- W sumie &#8211; 190 wspieranych j\u0119zyk\u00f3w \/ 48 ze wsparciem s\u0142ownikowym Licencja: Komercyjna Liczba stanowisk \/ jednostek: 1 No\u015bnik (filmy, gry, oprogramowanie): DVD Pozosta\u0142e parametry: Formaty wyj\u015bciowe:DOC, DOCX, XLS, XLSX, PPTX, RTF, PDF, PDF\/A, HTML, CSV, TXT, ODT, EPUB, FB2,DjVu, BMP, TIFF, PCX, DCX, JPEG, JPEG 2000, JBIG2, PNG Rodzaj (oprogramowanie): Biurowe Wersja: Box Wersja j\u0119zykowa (oprogramowanie): Polska Wymagania sprz\u0119towe: &#8211; Komputer z procesorem o cz\u0119stotliwo\u015bci 1 GHz lub wy\u017cszej.- System operacyjny: Microsoft Windows 8\/8.1, Windows 7, Windows Vista, Windows XP, Windows Server 2012\/2012 R2, 2008\/2008 R2, 2003.- Pami\u0119\u0107: 1GB RAM- Wolna przestrze\u0144 na dysku twardym: 1,5 GB- Po\u0142aczenie z internetem w celu aktywacji programuWymagania dotycz\u0105ce aparatu cyfrowego- Matryca o rozdzielczo\u015bci 2 megapikseli (rekomendowane 5 megapikseli), obiektyw ze zmienn\u0105 ogniskow\u0105<\/p>\n<p>Pozosta\u0142e oprogramowanie<\/p>\n<p>yerba mate naczynia, mro\u017cenie koperku, czosnek nied\u017awiedzi kiszony, p\u0142atki \u015bniadaniowe miodowe, olej \u017cywokost z gojnikiem, sklepy ekologiczne krak\u00f3w, siemi\u0119 lniane na stawy, seler naciowy bio, kwas askorbinowy do basenu, sernik z mlekiem kokosowym<\/p>\n<p>yyyyy<\/p>\n","protected":false},"excerpt":{"rendered":"<p>Niezwykle inteligentne, profesjonalne oprogramowanie OCR do tworzenia edytowalnych i przeszukiwalnych plik\u00f3w elektronicznych z zeskanowanych dokument\u00f3w papierowych, plik\u00f3w PDF i zdj\u0119\u0107&hellip;<\/p>\n","protected":false},"featured_media":9212,"comment_status":"closed","ping_status":"open","template":"","meta":[],"product_cat":[36],"product_tag":[690,765,738,707],"class_list":["post-9211","product","type-product","status-publish","has-post-thumbnail","hentry","product_cat-dermokosmetyki","product_tag-maka-z-cieciorki","product_tag-makaron-bez-kalorii","product_tag-mieso-bio","product_tag-wege-mieso"],"_links":{"self":[{"href":"https:\/\/wegeblw.pl\/index.php\/wp-json\/wp\/v2\/product\/9211","targetHints":{"allow":["GET"]}}],"collection":[{"href":"https:\/\/wegeblw.pl\/index.php\/wp-json\/wp\/v2\/product"}],"about":[{"href":"https:\/\/wegeblw.pl\/index.php\/wp-json\/wp\/v2\/types\/product"}],"replies":[{"embeddable":true,"href":"https:\/\/wegeblw.pl\/index.php\/wp-json\/wp\/v2\/comments?post=9211"}],"wp:featuredmedia":[{"embeddable":true,"href":"https:\/\/wegeblw.pl\/index.php\/wp-json\/wp\/v2\/media\/9212"}],"wp:attachment":[{"href":"https:\/\/wegeblw.pl\/index.php\/wp-json\/wp\/v2\/media?parent=9211"}],"wp:term":[{"taxonomy":"product_cat","embeddable":true,"href":"https:\/\/wegeblw.pl\/index.php\/wp-json\/wp\/v2\/product_cat?post=9211"},{"taxonomy":"product_tag","embeddable":true,"href":"https:\/\/wegeblw.pl\/index.php\/wp-json\/wp\/v2\/product_tag?post=9211"}],"curies":[{"name":"wp","href":"https:\/\/api.w.org\/{rel}","templated":true}]}}