{"id":9219,"date":"2021-02-26T05:18:11","date_gmt":"2021-02-26T04:18:11","guid":{"rendered":"https:\/\/wegeblw.pl\/index.php\/produkt\/boiron-naphtalinum-30ch-granulki-4g\/"},"modified":"2026-04-08T02:15:49","modified_gmt":"2026-04-08T00:15:49","slug":"boiron-naphtalinum-30ch-granulki-4g","status":"publish","type":"product","link":"https:\/\/wegeblw.pl\/index.php\/produkt\/boiron-naphtalinum-30ch-granulki-4g\/","title":{"rendered":"Boiron Naphtalinum 30Ch Granulki 4G"},"content":{"rendered":"<p>POCI\u0104G ELEKTRYCZNY ZE \u015aWIAT\u0141EM, D\u0179WI\u0118KIEM I TORAMI<\/p>\n<p>Kolejki<\/p>\n<p>nalewka z propolisu na gronkowca, olej z dziurawca na w\u0142osy, rodzaje cynamonu, fede, komosa ryzowa gdzie kupic, gdzie kupi\u0107 kapary, \u017celazo cena, chronium, bia\u0142ka w diecie, p\u0142atki jaglane jak gotowa\u0107, zacierki bez jajka, czy warto pi\u0107 kolagen, e621 co to, serek violife<\/p>\n<p>yyyyy<\/p>\n","protected":false},"excerpt":{"rendered":"<p>POCI\u0104G ELEKTRYCZNY ZE \u015aWIAT\u0141EM, D\u0179WI\u0118KIEM I TORAMI Kolejki nalewka z propolisu na gronkowca, olej z dziurawca na w\u0142osy, rodzaje cynamonu,&hellip;<\/p>\n","protected":false},"featured_media":9220,"comment_status":"closed","ping_status":"open","template":"","meta":[],"product_cat":[101],"product_tag":[777,638,726,772],"class_list":["post-9219","product","type-product","status-publish","has-post-thumbnail","hentry","product_cat-homeopatia","product_tag-mieso-wege","product_tag-onlybio-odzywka","product_tag-organic","product_tag-ser-owczy"],"_links":{"self":[{"href":"https:\/\/wegeblw.pl\/index.php\/wp-json\/wp\/v2\/product\/9219","targetHints":{"allow":["GET"]}}],"collection":[{"href":"https:\/\/wegeblw.pl\/index.php\/wp-json\/wp\/v2\/product"}],"about":[{"href":"https:\/\/wegeblw.pl\/index.php\/wp-json\/wp\/v2\/types\/product"}],"replies":[{"embeddable":true,"href":"https:\/\/wegeblw.pl\/index.php\/wp-json\/wp\/v2\/comments?post=9219"}],"wp:featuredmedia":[{"embeddable":true,"href":"https:\/\/wegeblw.pl\/index.php\/wp-json\/wp\/v2\/media\/9220"}],"wp:attachment":[{"href":"https:\/\/wegeblw.pl\/index.php\/wp-json\/wp\/v2\/media?parent=9219"}],"wp:term":[{"taxonomy":"product_cat","embeddable":true,"href":"https:\/\/wegeblw.pl\/index.php\/wp-json\/wp\/v2\/product_cat?post=9219"},{"taxonomy":"product_tag","embeddable":true,"href":"https:\/\/wegeblw.pl\/index.php\/wp-json\/wp\/v2\/product_tag?post=9219"}],"curies":[{"name":"wp","href":"https:\/\/api.w.org\/{rel}","templated":true}]}}