{"id":9221,"date":"2016-05-11T06:55:37","date_gmt":"2016-05-11T04:55:37","guid":{"rendered":"https:\/\/wegeblw.pl\/index.php\/produkt\/boiron-dioscorea-villosa-30ch-4-g\/"},"modified":"2026-04-07T04:32:10","modified_gmt":"2026-04-07T02:32:10","slug":"boiron-dioscorea-villosa-30ch-4-g","status":"publish","type":"product","link":"https:\/\/wegeblw.pl\/index.php\/produkt\/boiron-dioscorea-villosa-30ch-4-g\/","title":{"rendered":"Boiron Dioscorea Villosa 30CH 4 g"},"content":{"rendered":"<p>POCI\u0104G ELEKTRYCZNY ZE \u015aWIAT\u0141EM, D\u0179WI\u0118KIEM I TORAMI<\/p>\n<p>Kolejki<\/p>\n<p>nalewka z propolisu na gronkowca, olej z dziurawca na w\u0142osy, rodzaje cynamonu, fede, komosa ryzowa gdzie kupic, gdzie kupi\u0107 kapary, \u017celazo cena, chronium, bia\u0142ka w diecie, p\u0142atki jaglane jak gotowa\u0107, zacierki bez jajka, czy warto pi\u0107 kolagen, e621 co to, serek violife<\/p>\n<p><a href=\"https:\/\/www.rehabilitacja-beactive.pl\/\/zdrowa-joga.html\">https:\/\/www.rehabilitacja-beactive.pl\/\/zdrowa-joga.html<\/a><\/p>\n","protected":false},"excerpt":{"rendered":"<p>POCI\u0104G ELEKTRYCZNY ZE \u015aWIAT\u0141EM, D\u0179WI\u0118KIEM I TORAMI Kolejki nalewka z propolisu na gronkowca, olej z dziurawca na w\u0142osy, rodzaje cynamonu,&hellip;<\/p>\n","protected":false},"featured_media":9222,"comment_status":"closed","ping_status":"open","template":"","meta":[],"product_cat":[101],"product_tag":[778,808,731,818,881],"class_list":["post-9221","product","type-product","status-publish","has-post-thumbnail","hentry","product_cat-homeopatia","product_tag-burak","product_tag-ciasto-sekacz","product_tag-margaryna-bez-oleju-palmowego","product_tag-organic-sklepy","product_tag-sok-z-brzozy-cena"],"_links":{"self":[{"href":"https:\/\/wegeblw.pl\/index.php\/wp-json\/wp\/v2\/product\/9221","targetHints":{"allow":["GET"]}}],"collection":[{"href":"https:\/\/wegeblw.pl\/index.php\/wp-json\/wp\/v2\/product"}],"about":[{"href":"https:\/\/wegeblw.pl\/index.php\/wp-json\/wp\/v2\/types\/product"}],"replies":[{"embeddable":true,"href":"https:\/\/wegeblw.pl\/index.php\/wp-json\/wp\/v2\/comments?post=9221"}],"wp:featuredmedia":[{"embeddable":true,"href":"https:\/\/wegeblw.pl\/index.php\/wp-json\/wp\/v2\/media\/9222"}],"wp:attachment":[{"href":"https:\/\/wegeblw.pl\/index.php\/wp-json\/wp\/v2\/media?parent=9221"}],"wp:term":[{"taxonomy":"product_cat","embeddable":true,"href":"https:\/\/wegeblw.pl\/index.php\/wp-json\/wp\/v2\/product_cat?post=9221"},{"taxonomy":"product_tag","embeddable":true,"href":"https:\/\/wegeblw.pl\/index.php\/wp-json\/wp\/v2\/product_tag?post=9221"}],"curies":[{"name":"wp","href":"https:\/\/api.w.org\/{rel}","templated":true}]}}