{"id":9227,"date":"2023-01-13T15:12:31","date_gmt":"2023-01-13T14:12:31","guid":{"rendered":"https:\/\/wegeblw.pl\/?post_type=product&#038;p=9227"},"modified":"2026-04-08T08:04:50","modified_gmt":"2026-04-08T06:04:50","slug":"lab-one-honey-balm-maslo-do-ciala-z-ekstraktem-z-miodu-i-gardenii-500ml","status":"publish","type":"product","link":"https:\/\/wegeblw.pl\/index.php\/produkt\/lab-one-honey-balm-maslo-do-ciala-z-ekstraktem-z-miodu-i-gardenii-500ml\/","title":{"rendered":"Lab One Honey Balm Mas\u0142o do cia\u0142a z ekstraktem z miodu i gardenii 500ml"},"content":{"rendered":"<p>Silmed Kokoro Aspirator do nosa z filtrami od 1. dnia \u017cyciaWskazania:Aspirator do nosa Silmed Kokoro to urz\u0105dzenie przeznaczone do usuwania z nosa wydzieliny kataralnej u dzieci i niemowl\u0105t od 1 dnia \u017cycia. W\u0142a\u015bciwo\u015bci:Wyr\u00f3b medyczny Silmed Kokoro pozwala na dok\u0142adne i bezpieczne oczyszczenie noska z zalegaj\u0105cej w nim wydzieliny kataralnej, przywracaj\u0105c komfort oddychania ma\u0142ym dzieciom. Urz\u0105dzenie zosta\u0142o wykonane z wysokiej jako\u015bci tworzyw i mo\u017ce by\u0107 stosowany tak cz\u0119sto, jak zachodzi potrzeba. Aspirator posiada jednorazowy filtr, kt\u00f3ry zatrzymuje odci\u0105gany katar i zapewnia higien\u0119 wykonywanego zabiegu.Zawarto\u015b\u0107 opakowania: Kompletne urz\u0105dzenie z ustnikiem, ko\u0144c\u00f3wk\u0105 do nosa i w\u0119\u017cykiem \u2013 1 sztuka Zapasowe ko\u0144c\u00f3wki do nosa z filtrem absorbuj\u0105cym \u2013 2 sztuki Plastikowe opakowanie \u2013 1 sztuka Instrukcja u\u017cycia \u2013 1 sztuka Stosowanie:Umyj r\u0119ce. Wyjmij z opakowania z\u0142o\u017cony aspirator. U\u0142\u00f3\u017c dziecko w pozycji le\u017c\u0105cej. Delikatnie przy\u0142\u00f3\u017c ko\u0144c\u00f3wk\u0119 aspiratora do otworu nosowego dziecka, jednocze\u015bnie przytrzymuj\u0105c g\u0142\u00f3wk\u0119, by u\u0142atwi\u0107 mu oddychanie w trakcie zasysana wydzieliny. Ustami wyci\u0105gnij powietrze przez w\u0142o\u017cony do nich ustnik.W razie potrzeby czynno\u015b\u0107 nale\u017cy powt\u00f3rzy\u0107.Opakowanie:1 sztuka<\/p>\n<p>Aspiratory i gruszki do nosa<\/p>\n<p>dieta antyoksydacyjna jad\u0142ospis, karmelowa czekolada, jak zbada\u0107 poziom boru w organizmie, mokka kawa, witaminy \u017celki dla dzieci od 2 lat, drzewo granatu w polsce, witamina pp preparaty, lekkostrawne warzywa<\/p>\n<p>yyyyy<\/p>\n","protected":false},"excerpt":{"rendered":"<p>Silmed Kokoro Aspirator do nosa z filtrami od 1. dnia \u017cyciaWskazania:Aspirator do nosa Silmed Kokoro to urz\u0105dzenie przeznaczone do usuwania&hellip;<\/p>\n","protected":false},"featured_media":9228,"comment_status":"closed","ping_status":"open","template":"","meta":[],"product_cat":[331],"product_tag":[645,738,777],"class_list":["post-9227","product","type-product","status-publish","has-post-thumbnail","hentry","product_cat-balsamy-i-mleczka-do-ciala","product_tag-fioletowe-bataty","product_tag-mieso-bio","product_tag-mieso-wege"],"_links":{"self":[{"href":"https:\/\/wegeblw.pl\/index.php\/wp-json\/wp\/v2\/product\/9227","targetHints":{"allow":["GET"]}}],"collection":[{"href":"https:\/\/wegeblw.pl\/index.php\/wp-json\/wp\/v2\/product"}],"about":[{"href":"https:\/\/wegeblw.pl\/index.php\/wp-json\/wp\/v2\/types\/product"}],"replies":[{"embeddable":true,"href":"https:\/\/wegeblw.pl\/index.php\/wp-json\/wp\/v2\/comments?post=9227"}],"wp:featuredmedia":[{"embeddable":true,"href":"https:\/\/wegeblw.pl\/index.php\/wp-json\/wp\/v2\/media\/9228"}],"wp:attachment":[{"href":"https:\/\/wegeblw.pl\/index.php\/wp-json\/wp\/v2\/media?parent=9227"}],"wp:term":[{"taxonomy":"product_cat","embeddable":true,"href":"https:\/\/wegeblw.pl\/index.php\/wp-json\/wp\/v2\/product_cat?post=9227"},{"taxonomy":"product_tag","embeddable":true,"href":"https:\/\/wegeblw.pl\/index.php\/wp-json\/wp\/v2\/product_tag?post=9227"}],"curies":[{"name":"wp","href":"https:\/\/api.w.org\/{rel}","templated":true}]}}