{"id":9229,"date":"2024-06-18T16:44:43","date_gmt":"2024-06-18T14:44:43","guid":{"rendered":"https:\/\/wegeblw.pl\/?post_type=product&#038;p=9229"},"modified":"2026-04-07T03:17:55","modified_gmt":"2026-04-07T01:17:55","slug":"lab-one-n1-butyric-acid-wspomaga-prace-przewodu-pokarmowego-60kaps-weganskich","status":"publish","type":"product","link":"https:\/\/wegeblw.pl\/index.php\/produkt\/lab-one-n1-butyric-acid-wspomaga-prace-przewodu-pokarmowego-60kaps-weganskich\/","title":{"rendered":"Lab One N1 Butyric Acid Wspomaga Prac\u0119 Przewodu Pokarmowego 60kaps. Wega\u0144skich"},"content":{"rendered":"<p>BISZOLIN to produkt otrzymywany z biszofitu naturalnego posiadaj\u0105cy wszystkie jego w\u0142a\u015bciwo\u015bci. Biszofit sformowa\u0142 si\u0119 kilkaset milion\u00f3w lat temu w skutek wyparowania ekologicznie czystej wody Morza Prehistorycznego i jest naturalnym koncentratem wszystkich mikroelement\u00f3w w niej rozpuszczonych.<\/p>\n<p>Preparaty medycyny naturalnej<\/p>\n<p>dobra kaloria batony, ostrovit fat burner, orzechy wlasciwosci, ciemny makaron, miod.manuka, maka sojowa, sklep naturalny, p\u0142yn lugola cena, orge, uzdrawianie tarczycy wed\u0142ug boskiego lekarza<\/p>\n<p>yyyyy<\/p>\n","protected":false},"excerpt":{"rendered":"<p>BISZOLIN to produkt otrzymywany z biszofitu naturalnego posiadaj\u0105cy wszystkie jego w\u0142a\u015bciwo\u015bci. Biszofit sformowa\u0142 si\u0119 kilkaset milion\u00f3w lat temu w skutek&hellip;<\/p>\n","protected":false},"featured_media":9230,"comment_status":"closed","ping_status":"open","template":"","meta":[],"product_cat":[43],"product_tag":[847,839,735,796],"class_list":["post-9229","product","type-product","status-publish","has-post-thumbnail","hentry","product_cat-uklad-pokarmowy-i-trawienie","product_tag-czym-zastapic-nabial","product_tag-mleko-niepasteryzowane","product_tag-na-dobranoc","product_tag-pasta-misi"],"_links":{"self":[{"href":"https:\/\/wegeblw.pl\/index.php\/wp-json\/wp\/v2\/product\/9229","targetHints":{"allow":["GET"]}}],"collection":[{"href":"https:\/\/wegeblw.pl\/index.php\/wp-json\/wp\/v2\/product"}],"about":[{"href":"https:\/\/wegeblw.pl\/index.php\/wp-json\/wp\/v2\/types\/product"}],"replies":[{"embeddable":true,"href":"https:\/\/wegeblw.pl\/index.php\/wp-json\/wp\/v2\/comments?post=9229"}],"wp:featuredmedia":[{"embeddable":true,"href":"https:\/\/wegeblw.pl\/index.php\/wp-json\/wp\/v2\/media\/9230"}],"wp:attachment":[{"href":"https:\/\/wegeblw.pl\/index.php\/wp-json\/wp\/v2\/media?parent=9229"}],"wp:term":[{"taxonomy":"product_cat","embeddable":true,"href":"https:\/\/wegeblw.pl\/index.php\/wp-json\/wp\/v2\/product_cat?post=9229"},{"taxonomy":"product_tag","embeddable":true,"href":"https:\/\/wegeblw.pl\/index.php\/wp-json\/wp\/v2\/product_tag?post=9229"}],"curies":[{"name":"wp","href":"https:\/\/api.w.org\/{rel}","templated":true}]}}