{"id":928,"date":"2013-09-20T03:17:41","date_gmt":"2013-09-20T01:17:41","guid":{"rendered":"https:\/\/wegeblw.pl\/index.php\/produkt\/solgar-folic-acid-kwas-foliowy-400-mcg-100-table\/"},"modified":"2026-04-08T16:08:07","modified_gmt":"2026-04-08T14:08:07","slug":"solgar-folic-acid-kwas-foliowy-400-mcg-100-table","status":"publish","type":"product","link":"https:\/\/wegeblw.pl\/index.php\/produkt\/solgar-folic-acid-kwas-foliowy-400-mcg-100-table\/","title":{"rendered":"Solgar Folic Acid Kwas Foliowy 400 mcg 100 table"},"content":{"rendered":"<p>WYMIARY szeroko\u015b\u0107 szk\u0142a 51 mm53 mm szeroko\u015b\u0107 mostka 18 mm d\u0142ugo\u015b\u0107 zausznika 145 mm Model: Ray-Ban RX 6375 2981Kolor oprawek: niebieskiMateria\u0142 oprawy: plastikoweRodzaj: unisexGwarancja: 24 miesi\u0105ce Ray-Ban jest producentem wysokiej klasy okular\u00f3w przeciws\u0142onecznych, jak r\u00f3wnie\u017c opraw do okular\u00f3w korekcyjnych. Okulary Ray-Ban to jedna z najpopularniejszych marek na \u015bwiecie, to legendarny styl, autentyczno\u015b\u0107, ponadczasowo\u015b\u0107 oraz wyj\u0105tkowa technologia. Okulary marki Ray-Ban s\u0105 niezwykle popularne w\u015br\u00f3d wielu gwiazd filmu, rocka i show-biznesu. Mo\u017cna je dostrzec w najs\u0142ynniejszych produkcjach, m.in. : \u201e\u015aniadanie u Tiffanyego&#8221;, \u201e Blues Brothers&#8221;, \u201e Top Gun&#8221; czy \u201eLas Vegas Parano&#8221;. Wszystkie okulary obj\u0119te s\u0105 24 miesi\u0119czn\u0105 gwarancj\u0105 producenta.<\/p>\n<p>Okulary oprawki i szk\u0142a<\/p>\n<p>chasteberry, \u0142y\u017cka do lodow, house of asia, kawa inka sk\u0142ad, kaszanka wegetaria\u0144ska, nasiona chia do czego, maka owsiana bez glutenu, m\u0105ka \u0142ubinowa, miechunka jadalna, ma\u0142y blender, olejek z drzewa herbacianego cena, pieczywo bezglutenowe gdzie kupi\u0107, ni\u0107, palma saba\u0142owa dawkowanie, ciasto z karobem<\/p>\n<p><a href=\"https:\/\/eneroo.pl\/strop-drewniany-czy-warto\">drewniany strop belkowy<\/a><\/p>\n","protected":false},"excerpt":{"rendered":"<p>WYMIARY szeroko\u015b\u0107 szk\u0142a 51 mm53 mm szeroko\u015b\u0107 mostka 18 mm d\u0142ugo\u015b\u0107 zausznika 145 mm Model: Ray-Ban RX 6375 2981Kolor oprawek:&hellip;<\/p>\n","protected":false},"featured_media":929,"comment_status":"closed","ping_status":"open","template":"","meta":[],"product_cat":[81],"product_tag":[722,738,740],"class_list":["post-928","product","type-product","status-publish","has-post-thumbnail","hentry","product_cat-uklad-krazenia-i-serce","product_tag-kurkuma-ile-dziennie","product_tag-mieso-bio","product_tag-siemie-lniane-na-co"],"_links":{"self":[{"href":"https:\/\/wegeblw.pl\/index.php\/wp-json\/wp\/v2\/product\/928","targetHints":{"allow":["GET"]}}],"collection":[{"href":"https:\/\/wegeblw.pl\/index.php\/wp-json\/wp\/v2\/product"}],"about":[{"href":"https:\/\/wegeblw.pl\/index.php\/wp-json\/wp\/v2\/types\/product"}],"replies":[{"embeddable":true,"href":"https:\/\/wegeblw.pl\/index.php\/wp-json\/wp\/v2\/comments?post=928"}],"wp:featuredmedia":[{"embeddable":true,"href":"https:\/\/wegeblw.pl\/index.php\/wp-json\/wp\/v2\/media\/929"}],"wp:attachment":[{"href":"https:\/\/wegeblw.pl\/index.php\/wp-json\/wp\/v2\/media?parent=928"}],"wp:term":[{"taxonomy":"product_cat","embeddable":true,"href":"https:\/\/wegeblw.pl\/index.php\/wp-json\/wp\/v2\/product_cat?post=928"},{"taxonomy":"product_tag","embeddable":true,"href":"https:\/\/wegeblw.pl\/index.php\/wp-json\/wp\/v2\/product_tag?post=928"}],"curies":[{"name":"wp","href":"https:\/\/api.w.org\/{rel}","templated":true}]}}