{"id":9291,"date":"2015-01-08T07:29:51","date_gmt":"2015-01-08T06:29:51","guid":{"rendered":"https:\/\/wegeblw.pl\/index.php\/produkt\/dve-linii-olej-kamienny-biale-mumio-naturalny-adaptogen-3g\/"},"modified":"2026-04-19T14:36:31","modified_gmt":"2026-04-19T12:36:31","slug":"dve-linii-olej-kamienny-biale-mumio-naturalny-adaptogen-3g","status":"publish","type":"product","link":"https:\/\/wegeblw.pl\/index.php\/produkt\/dve-linii-olej-kamienny-biale-mumio-naturalny-adaptogen-3g\/","title":{"rendered":"Dve Linii Olej Kamienny Bia\u0142e Mumio Naturalny Adaptogen 3g"},"content":{"rendered":"<p>ETUI FUTERA\u0141 NA DZIECI\u0118CEOKULARY SC-10A<\/p>\n<p>Akcesoria do okular\u00f3w<\/p>\n<p>l theanina, sheik bananowy, chleb na proszku do pieczenia, b 50, ketchup premium, m\u0105ka razowa cena, galart, chleb orkiszowy na zakwasie<\/p>\n<p>yyyyy<\/p>\n","protected":false},"excerpt":{"rendered":"<p>ETUI FUTERA\u0141 NA DZIECI\u0118CEOKULARY SC-10A Akcesoria do okular\u00f3w l theanina, sheik bananowy, chleb na proszku do pieczenia, b 50, ketchup&hellip;<\/p>\n","protected":false},"featured_media":9292,"comment_status":"closed","ping_status":"open","template":"","meta":[],"product_cat":[20],"product_tag":[731,646,699],"class_list":["post-9291","product","type-product","status-publish","has-post-thumbnail","hentry","product_cat-preparaty-medycyny-naturalnej","product_tag-margaryna-bez-oleju-palmowego","product_tag-slodycze-weganskie","product_tag-sok-z-cytryn"],"_links":{"self":[{"href":"https:\/\/wegeblw.pl\/index.php\/wp-json\/wp\/v2\/product\/9291","targetHints":{"allow":["GET"]}}],"collection":[{"href":"https:\/\/wegeblw.pl\/index.php\/wp-json\/wp\/v2\/product"}],"about":[{"href":"https:\/\/wegeblw.pl\/index.php\/wp-json\/wp\/v2\/types\/product"}],"replies":[{"embeddable":true,"href":"https:\/\/wegeblw.pl\/index.php\/wp-json\/wp\/v2\/comments?post=9291"}],"wp:featuredmedia":[{"embeddable":true,"href":"https:\/\/wegeblw.pl\/index.php\/wp-json\/wp\/v2\/media\/9292"}],"wp:attachment":[{"href":"https:\/\/wegeblw.pl\/index.php\/wp-json\/wp\/v2\/media?parent=9291"}],"wp:term":[{"taxonomy":"product_cat","embeddable":true,"href":"https:\/\/wegeblw.pl\/index.php\/wp-json\/wp\/v2\/product_cat?post=9291"},{"taxonomy":"product_tag","embeddable":true,"href":"https:\/\/wegeblw.pl\/index.php\/wp-json\/wp\/v2\/product_tag?post=9291"}],"curies":[{"name":"wp","href":"https:\/\/api.w.org\/{rel}","templated":true}]}}