{"id":9305,"date":"2016-03-29T23:11:42","date_gmt":"2016-03-29T21:11:42","guid":{"rendered":"https:\/\/wegeblw.pl\/index.php\/produkt\/eucerin-q10-aktywny-krem-na-dzien-spf15-do-skory-normalnej-i-mieszanej-50ml\/"},"modified":"2026-04-07T06:16:58","modified_gmt":"2026-04-07T04:16:58","slug":"eucerin-q10-aktywny-krem-na-dzien-spf15-do-skory-normalnej-i-mieszanej-50ml","status":"publish","type":"product","link":"https:\/\/wegeblw.pl\/index.php\/produkt\/eucerin-q10-aktywny-krem-na-dzien-spf15-do-skory-normalnej-i-mieszanej-50ml\/","title":{"rendered":"Eucerin Q10 Aktywny krem na dzie\u0144 Spf15 do sk\u00f3ry normalnej i mieszanej 50ml"},"content":{"rendered":"<p>Opakowanie\t\t\t\t\t\t\t\t\t\t\t\t\u00a0<br \/>\n\t\t\t\t\t\t\t\t\t\t\t\t\t40 gPrzeznaczenie\t\t\t\t\t\t\t\t\t\t\t\t\u00a0<br \/>\n\t\t\t\t\t\t\t\t\t\t\t\t\tProszek Alta jest skutecznym \u015brodkiem przeciw poceniu si\u0119 st\u00f3p. Dzia\u0142a os\u0142aniaj\u0105co, wysuszaj\u0105co, lekko przeciwzapalnie. Nie powoduje podra\u017cnienia sk\u00f3ry. Zapewnia uczucie \u015bwie\u017co\u015bci i ochron\u0119 przez ca\u0142y dzie\u0144.Informacje dodatkowe\t\t\t\t\t\t\t\t\t\t\t\t\u00a0<br \/>\n\t\t\t\t\t\t\t\t\t\t\t\t\tZawiera sproszkowane k\u0142\u0105cza tataraku.<br \/>\nPrzebadano dermatologicznie<br \/>\nNie zawiera barwnik\u00f3w<br \/>\npH neutralne dla sk\u00f3ry.<\/p>\n<p>Nutrikosmetyki i leki dermatologiczne<\/p>\n<p>herbata lapacho, shiitake, mak\u00f3w 24, propolis w ci\u0105\u017cy, jak przyprawi\u0107 szpinak mro\u017cony, proszek do pieczenia sk\u0142ad, ryz curry z warzywami, hydrolat oczarowy fitomed, borowik suszony, woda dla sportowc\u00f3w, skrobia z tapioki gdzie kupi\u0107, planeta woda, produkty eko, jak kisi\u0107 warzywa, dietetyczne przek\u0105ski na wiecz\u00f3r, sofora japo\u0144ska, pasta do z\u0119b\u00f3w na wra\u017cliwe z\u0119by, m\u0105ka bezglutenowa, ksylitol a cukier, len cena<\/p>\n<p>yyyyy<\/p>\n","protected":false},"excerpt":{"rendered":"<p>Opakowanie \u00a0 40 gPrzeznaczenie \u00a0 Proszek Alta jest skutecznym \u015brodkiem przeciw poceniu si\u0119 st\u00f3p. Dzia\u0142a os\u0142aniaj\u0105co, wysuszaj\u0105co, lekko przeciwzapalnie. Nie&hellip;<\/p>\n","protected":false},"featured_media":9306,"comment_status":"closed","ping_status":"open","template":"","meta":[],"product_cat":[36],"product_tag":[636,868,640],"class_list":["post-9305","product","type-product","status-publish","has-post-thumbnail","hentry","product_cat-dermokosmetyki","product_tag-farma-zdrowia","product_tag-siemie-lniane-jak-pic","product_tag-siemie-lniane-na-surowo"],"_links":{"self":[{"href":"https:\/\/wegeblw.pl\/index.php\/wp-json\/wp\/v2\/product\/9305","targetHints":{"allow":["GET"]}}],"collection":[{"href":"https:\/\/wegeblw.pl\/index.php\/wp-json\/wp\/v2\/product"}],"about":[{"href":"https:\/\/wegeblw.pl\/index.php\/wp-json\/wp\/v2\/types\/product"}],"replies":[{"embeddable":true,"href":"https:\/\/wegeblw.pl\/index.php\/wp-json\/wp\/v2\/comments?post=9305"}],"wp:featuredmedia":[{"embeddable":true,"href":"https:\/\/wegeblw.pl\/index.php\/wp-json\/wp\/v2\/media\/9306"}],"wp:attachment":[{"href":"https:\/\/wegeblw.pl\/index.php\/wp-json\/wp\/v2\/media?parent=9305"}],"wp:term":[{"taxonomy":"product_cat","embeddable":true,"href":"https:\/\/wegeblw.pl\/index.php\/wp-json\/wp\/v2\/product_cat?post=9305"},{"taxonomy":"product_tag","embeddable":true,"href":"https:\/\/wegeblw.pl\/index.php\/wp-json\/wp\/v2\/product_tag?post=9305"}],"curies":[{"name":"wp","href":"https:\/\/api.w.org\/{rel}","templated":true}]}}