{"id":9307,"date":"2018-12-26T23:07:32","date_gmt":"2018-12-26T22:07:32","guid":{"rendered":"https:\/\/wegeblw.pl\/index.php\/produkt\/and-ua-1020-cisnieniomierz-automatyczny-naramienny-1-szt\/"},"modified":"2026-04-07T06:40:05","modified_gmt":"2026-04-07T04:40:05","slug":"and-ua-1020-cisnieniomierz-automatyczny-naramienny-1-szt","status":"publish","type":"product","link":"https:\/\/wegeblw.pl\/index.php\/produkt\/and-ua-1020-cisnieniomierz-automatyczny-naramienny-1-szt\/","title":{"rendered":"AND UA-1020 Ci\u015bnieniomierz automatyczny naramienny 1 szt"},"content":{"rendered":"<p>Krem do piel\u0119gnacji tatua\u017cu z olejem konopnym 50 ml Krem do codziennej piel\u0119gnacji zagojonego tatua\u017cu intensywnie nawil\u017ca i od\u017cywia sk\u00f3r\u0119. Pozastosowaniu kolory tatua\u017cu, wydaj\u0105 si\u0119 \u017cywsze i bardziej intensywne. Krem chroni tatua\u017cprzed blakni\u0119ciem oraz promieniami UV. Systematycznie stosowany pobudza kolory nawetwieloletnich, cz\u0119sto wyblak\u0142ych tatua\u017cy. Krem szybko si\u0119 wch\u0142ania, nie brudzi ubra\u0144, mo\u017cnago stosowa\u0107 na wygojony tatua\u017c ju\u017c po ok. 2-3 tygodniach.Sk\u0142adniki aktywne:\u2022 Olej konopny dzia\u0142a przeciwb\u00f3lowo i powoduje brak uczucia \u015bci\u0105gni\u0119cia sk\u00f3ry;\u2022 Mas\u0142o Shea nawil\u017ca i regeneruje, przyspiesza proces gojenia;\u2022 Olej sojowy nada sk\u00f3rze mi\u0119kko\u015bci i g\u0142adko\u015bci;\u2022 Panthenol dzia\u0142a przeciwzapalnie, przyspiesza proces regeneracji nask\u00f3rka;\u2022 Aloe vera przyspiesza gojenie si\u0119 ran i podra\u017cnie\u0144, \u0142agodzi podra\u017cnienia, pieczenie i \u015bwi\u0105d sk\u00f3ry;\u2022 Witamina E przy\u015bpiesza regeneracj\u0119 tkanek.Pojemno\u015b\u0107: 50 mlProducent: India Cosmetics<\/p>\n<p>Preparaty medycyny naturalnej<\/p>\n<p>kaszka dla dziecka, kasza z samopszy, korze\u0144 pokrzywy przeciwwskazania, tabletki do zmywarki &#8211; 500 szt<\/p>\n<p>yyyyy<\/p>\n","protected":false},"excerpt":{"rendered":"<p>Krem do piel\u0119gnacji tatua\u017cu z olejem konopnym 50 ml Krem do codziennej piel\u0119gnacji zagojonego tatua\u017cu intensywnie nawil\u017ca i od\u017cywia sk\u00f3r\u0119.&hellip;<\/p>\n","protected":false},"featured_media":9308,"comment_status":"closed","ping_status":"open","template":"","meta":[],"product_cat":[22],"product_tag":[662,840,699,683],"class_list":["post-9307","product","type-product","status-publish","has-post-thumbnail","hentry","product_cat-cisnieniomierze-i-akcesoria","product_tag-co-mozna-zrobic-z-kokosa","product_tag-collagen-gold","product_tag-sok-z-cytryn","product_tag-ziola-regenerujace-nadnercza"],"_links":{"self":[{"href":"https:\/\/wegeblw.pl\/index.php\/wp-json\/wp\/v2\/product\/9307","targetHints":{"allow":["GET"]}}],"collection":[{"href":"https:\/\/wegeblw.pl\/index.php\/wp-json\/wp\/v2\/product"}],"about":[{"href":"https:\/\/wegeblw.pl\/index.php\/wp-json\/wp\/v2\/types\/product"}],"replies":[{"embeddable":true,"href":"https:\/\/wegeblw.pl\/index.php\/wp-json\/wp\/v2\/comments?post=9307"}],"wp:featuredmedia":[{"embeddable":true,"href":"https:\/\/wegeblw.pl\/index.php\/wp-json\/wp\/v2\/media\/9308"}],"wp:attachment":[{"href":"https:\/\/wegeblw.pl\/index.php\/wp-json\/wp\/v2\/media?parent=9307"}],"wp:term":[{"taxonomy":"product_cat","embeddable":true,"href":"https:\/\/wegeblw.pl\/index.php\/wp-json\/wp\/v2\/product_cat?post=9307"},{"taxonomy":"product_tag","embeddable":true,"href":"https:\/\/wegeblw.pl\/index.php\/wp-json\/wp\/v2\/product_tag?post=9307"}],"curies":[{"name":"wp","href":"https:\/\/api.w.org\/{rel}","templated":true}]}}