{"id":9335,"date":"2025-05-09T07:32:33","date_gmt":"2025-05-09T05:32:33","guid":{"rendered":"https:\/\/wegeblw.pl\/?post_type=product&#038;p=9335"},"modified":"2026-04-07T01:24:43","modified_gmt":"2026-04-06T23:24:43","slug":"josera-catelux-10kg","status":"publish","type":"product","link":"https:\/\/wegeblw.pl\/index.php\/produkt\/josera-catelux-10kg\/","title":{"rendered":"Josera Catelux 10Kg"},"content":{"rendered":"<p>Oprawy okularowe Rodenstock<\/p>\n<p>Okulary oprawki i szk\u0142a<\/p>\n<p>kurkuma w proszku, olejek z oregano 100 procent, owoce z witamina d, torras, zbo\u017ca ekspandowane lidl, cholina i inozytol, masa\u017c krocza, m\u0105ka orkiszowa bezglutenowa, ocet d\u0119bowy, sarrasin, nasiona chia w\u0142a\u015bciwo\u015bci odchudzaj\u0105ce, chow mein makaron<\/p>\n<p><a href=\"https:\/\/doktor-porady.pl\/\">https:\/\/doktor-porady.pl\/<\/a><\/p>\n","protected":false},"excerpt":{"rendered":"<p>Oprawy okularowe Rodenstock Okulary oprawki i szk\u0142a kurkuma w proszku, olejek z oregano 100 procent, owoce z witamina d, torras,&hellip;<\/p>\n","protected":false},"featured_media":9336,"comment_status":"closed","ping_status":"open","template":"","meta":[],"product_cat":[46],"product_tag":[764,637,773,804,772],"class_list":["post-9335","product","type-product","status-publish","has-post-thumbnail","hentry","product_cat-karmy-dla-kotow","product_tag-jogurty-bez-mleka","product_tag-miso-paste","product_tag-organic-sklep","product_tag-quinoa-jak-gotowac","product_tag-ser-owczy"],"_links":{"self":[{"href":"https:\/\/wegeblw.pl\/index.php\/wp-json\/wp\/v2\/product\/9335","targetHints":{"allow":["GET"]}}],"collection":[{"href":"https:\/\/wegeblw.pl\/index.php\/wp-json\/wp\/v2\/product"}],"about":[{"href":"https:\/\/wegeblw.pl\/index.php\/wp-json\/wp\/v2\/types\/product"}],"replies":[{"embeddable":true,"href":"https:\/\/wegeblw.pl\/index.php\/wp-json\/wp\/v2\/comments?post=9335"}],"wp:featuredmedia":[{"embeddable":true,"href":"https:\/\/wegeblw.pl\/index.php\/wp-json\/wp\/v2\/media\/9336"}],"wp:attachment":[{"href":"https:\/\/wegeblw.pl\/index.php\/wp-json\/wp\/v2\/media?parent=9335"}],"wp:term":[{"taxonomy":"product_cat","embeddable":true,"href":"https:\/\/wegeblw.pl\/index.php\/wp-json\/wp\/v2\/product_cat?post=9335"},{"taxonomy":"product_tag","embeddable":true,"href":"https:\/\/wegeblw.pl\/index.php\/wp-json\/wp\/v2\/product_tag?post=9335"}],"curies":[{"name":"wp","href":"https:\/\/api.w.org\/{rel}","templated":true}]}}