{"id":9381,"date":"2018-12-25T03:59:25","date_gmt":"2018-12-25T02:59:25","guid":{"rendered":"https:\/\/wegeblw.pl\/index.php\/produkt\/zestaw-bepanthen-baby-masc-ochronna-3x100-g\/"},"modified":"2026-04-07T08:25:29","modified_gmt":"2026-04-07T06:25:29","slug":"zestaw-bepanthen-baby-masc-ochronna-3x100-g","status":"publish","type":"product","link":"https:\/\/wegeblw.pl\/index.php\/produkt\/zestaw-bepanthen-baby-masc-ochronna-3x100-g\/","title":{"rendered":"Zestaw BEPANTHEN Baby Ma\u015b\u0107 ochronna, 3&#215;100 g"},"content":{"rendered":"<p>Marka Diesel \u0142\u0105czy w sobie innowacyjne pomys\u0142y oraz indywidualizm tw\u00f3rc\u00f3w. Efektowny, a zarazem niebanalny design powoduje, \u017ce zegarki Diesel s\u0105 jedyne w swoim rodzaju. Szeroki zakres wyboru wzmaga atrakcyjno\u015b\u0107 tych modeli, a doskona\u0142a jako\u015b\u0107 materia\u0142\u00f3w, z jakich zosta\u0142y wykonane, gwarantuje d\u0142ugotrwa\u0142e u\u017cytkowanie. W\u015br\u00f3d zegark\u00f3w Diesel mo\u017cna znale\u017a\u0107 odwa\u017cne modele dla kobiet i m\u0119\u017cczyzn \u2013 os\u00f3b, kt\u00f3re pragn\u0105 wyr\u00f3\u017cni\u0107 si\u0119 z t\u0142umu i podkre\u015bli\u0107 sw\u00f3j charakter. To, \u017ce zegarki tej marki s\u0105 skierowane do os\u00f3b nie boj\u0105cych si\u0119 stawi\u0107 czo\u0142a wyzwaniom, podkre\u015bla tak\u017ce nawi\u0105zanie do wojskowo\u015bci. W\u015br\u00f3d wielu modeli na szczeg\u00f3ln\u0105 uwag\u0119 zas\u0142uguje egzemplarz wyposa\u017cony w kilka cyferblat\u00f3w. Kolekcja m\u0119skich zegark\u00f3w Grand Daddy, o kt\u00f3rej mowa, sta\u0142a si\u0119 jedn\u0105 z najlepiej rozpoznawalnych linii czasomierzy na ca\u0142ym \u015bwiecie. Odzwierciedlaj\u0105 one unikalny styl posiadacza.                            <\/p>\n<p>Diesel Mr Daddy DZ7314\u00a0 dzi\u0119ki niebieskiej tarczy i br\u0105zowemu paskowi wygl\u0105da bardzo atrakcyjnie. Ponadto mineralne szkie\u0142ko pokryte jest pow\u0142ok\u0105\u00a0 odbijaj\u0105c\u0105 \u015bwiat\u0142o, w skutek czego widoczne s\u0105 refleksy. Wodoszczelno\u015b\u0107 tego zegarka jest na poziomie 30 ATM co oznacza, \u017ce mo\u017cna w nim spokojnie p\u0142ywa\u0107 i nurkowa\u0107.                            <\/p>\n<p>Przeznaczenie: Dla m\u0119\u017cczyzn\u00a0Marka: Diesel\u00a0Kolekcja: Mr Daddy 2.0\u00a0Wodoszczelno\u015b\u0107: 30 M\u00a0Rodzaj tarczy: Analogowa\u00a0Mechanizm: Na baterie (Quartz)\u00a0Kszta\u0142t koperty: Okr\u0105g\u0142y\u00a0Szkie\u0142ko: Mineralne\u00a0Materia\u0142 koperty: Stal\u00a0                            <\/p>\n<p>Materia\u0142 koperty: Stal\u00a0Materia\u0142 paska: Sk\u00f3ra naturalna\u00a0\u015arednica tarczy: 57 mm\u00a0Wysoko\u015b\u0107 koperty: 18 mm\u00a0Szeroko\u015b\u0107 paska: 28 mm\u00a0Kolor koperty: SrebrnyKolor tarczy: NiebieskiKolor paska: Br\u0105zowyFunkcje: Data , Czas \u015bwiatowy , Stoper , Elementy luminescencyjne<\/p>\n<p>Zegarki<\/p>\n<p>przecier warzywny, oliwa chili, ga\u0142ka muszkato\u0142owa mielona, \u017cel sylveco, kawa do cold brew, sirtfood efekty, superfoods lista, wi\u015bnia laurowa, sernik dietetyczny dla diabetyk\u00f3w, czy papryczka chili jest zdrowa, siemie lniane b\u0142onnik, p\u0142atki owsiane, olej kokosowy zimnot\u0142oczony, chia chia, erytrolu, jak przyrz\u0105dzi\u0107 szpinak na surowo, naturavena mas\u0142o orzechowe, prima vera, pestki slonecznika, zel antybakteryjny orlen, p\u0105czki orkiszowe dla cukrzyka<\/p>\n<p>yyyyy<\/p>\n","protected":false},"excerpt":{"rendered":"<p>Marka Diesel \u0142\u0105czy w sobie innowacyjne pomys\u0142y oraz indywidualizm tw\u00f3rc\u00f3w. Efektowny, a zarazem niebanalny design powoduje, \u017ce zegarki Diesel s\u0105&hellip;<\/p>\n","protected":false},"featured_media":9382,"comment_status":"closed","ping_status":"open","template":"","meta":[],"product_cat":[130],"product_tag":[658,692,629,687],"class_list":["post-9381","product","type-product","status-publish","has-post-thumbnail","hentry","product_cat-kremy-i-masla-do-ciala","product_tag-beyond-meat-polska","product_tag-jelito-drazliwe","product_tag-maka-z-ciecierzycy","product_tag-produkty-bez-bialka"],"_links":{"self":[{"href":"https:\/\/wegeblw.pl\/index.php\/wp-json\/wp\/v2\/product\/9381","targetHints":{"allow":["GET"]}}],"collection":[{"href":"https:\/\/wegeblw.pl\/index.php\/wp-json\/wp\/v2\/product"}],"about":[{"href":"https:\/\/wegeblw.pl\/index.php\/wp-json\/wp\/v2\/types\/product"}],"replies":[{"embeddable":true,"href":"https:\/\/wegeblw.pl\/index.php\/wp-json\/wp\/v2\/comments?post=9381"}],"wp:featuredmedia":[{"embeddable":true,"href":"https:\/\/wegeblw.pl\/index.php\/wp-json\/wp\/v2\/media\/9382"}],"wp:attachment":[{"href":"https:\/\/wegeblw.pl\/index.php\/wp-json\/wp\/v2\/media?parent=9381"}],"wp:term":[{"taxonomy":"product_cat","embeddable":true,"href":"https:\/\/wegeblw.pl\/index.php\/wp-json\/wp\/v2\/product_cat?post=9381"},{"taxonomy":"product_tag","embeddable":true,"href":"https:\/\/wegeblw.pl\/index.php\/wp-json\/wp\/v2\/product_tag?post=9381"}],"curies":[{"name":"wp","href":"https:\/\/api.w.org\/{rel}","templated":true}]}}