{"id":9383,"date":"2018-02-09T06:40:12","date_gmt":"2018-02-09T05:40:12","guid":{"rendered":"https:\/\/wegeblw.pl\/index.php\/produkt\/fiskars-x21-l-122473\/"},"modified":"2026-04-10T00:09:20","modified_gmt":"2026-04-09T22:09:20","slug":"fiskars-x21-l-122473","status":"publish","type":"product","link":"https:\/\/wegeblw.pl\/index.php\/produkt\/fiskars-x21-l-122473\/","title":{"rendered":"Fiskars X21 L 122473"},"content":{"rendered":"<p>POCI\u0104G ELEKTRYCZNY ZE \u015aWIAT\u0141EM, D\u0179WI\u0118KIEM I TORAMI<\/p>\n<p>Kolejki<\/p>\n<p>nalewka z propolisu na gronkowca, olej z dziurawca na w\u0142osy, rodzaje cynamonu, fede, komosa ryzowa gdzie kupic, gdzie kupi\u0107 kapary, \u017celazo cena, chronium, bia\u0142ka w diecie, p\u0142atki jaglane jak gotowa\u0107, zacierki bez jajka, czy warto pi\u0107 kolagen, e621 co to, serek violife<\/p>\n<p><a href=\"https:\/\/www.powietrze.com.pl\/\/produkty\/filtry-i-osuszacze\">https:\/\/www.powietrze.com.pl\/\/produkty\/filtry-i-osuszacze<\/a><\/p>\n","protected":false},"excerpt":{"rendered":"<p>POCI\u0104G ELEKTRYCZNY ZE \u015aWIAT\u0141EM, D\u0179WI\u0118KIEM I TORAMI Kolejki nalewka z propolisu na gronkowca, olej z dziurawca na w\u0142osy, rodzaje cynamonu,&hellip;<\/p>\n","protected":false},"featured_media":9384,"comment_status":"closed","ping_status":"open","template":"","meta":[],"product_cat":[575],"product_tag":[657,642,790,797],"class_list":["post-9383","product","type-product","status-publish","has-post-thumbnail","hentry","product_cat-siekiery","product_tag-filet-z-indyka","product_tag-granat","product_tag-majonez-vitapol-domowy","product_tag-organic-farma-zdrowia"],"_links":{"self":[{"href":"https:\/\/wegeblw.pl\/index.php\/wp-json\/wp\/v2\/product\/9383","targetHints":{"allow":["GET"]}}],"collection":[{"href":"https:\/\/wegeblw.pl\/index.php\/wp-json\/wp\/v2\/product"}],"about":[{"href":"https:\/\/wegeblw.pl\/index.php\/wp-json\/wp\/v2\/types\/product"}],"replies":[{"embeddable":true,"href":"https:\/\/wegeblw.pl\/index.php\/wp-json\/wp\/v2\/comments?post=9383"}],"wp:featuredmedia":[{"embeddable":true,"href":"https:\/\/wegeblw.pl\/index.php\/wp-json\/wp\/v2\/media\/9384"}],"wp:attachment":[{"href":"https:\/\/wegeblw.pl\/index.php\/wp-json\/wp\/v2\/media?parent=9383"}],"wp:term":[{"taxonomy":"product_cat","embeddable":true,"href":"https:\/\/wegeblw.pl\/index.php\/wp-json\/wp\/v2\/product_cat?post=9383"},{"taxonomy":"product_tag","embeddable":true,"href":"https:\/\/wegeblw.pl\/index.php\/wp-json\/wp\/v2\/product_tag?post=9383"}],"curies":[{"name":"wp","href":"https:\/\/api.w.org\/{rel}","templated":true}]}}