{"id":939,"date":"2024-12-24T06:33:23","date_gmt":"2024-12-24T05:33:23","guid":{"rendered":"https:\/\/wegeblw.pl\/?post_type=product&#038;p=939"},"modified":"2026-04-08T07:54:50","modified_gmt":"2026-04-08T05:54:50","slug":"pharmovit-gymnema-sylvestre-36mg-90-caps","status":"publish","type":"product","link":"https:\/\/wegeblw.pl\/index.php\/produkt\/pharmovit-gymnema-sylvestre-36mg-90-caps\/","title":{"rendered":"Pharmovit Gymnema Sylvestre 36Mg 90 Caps"},"content":{"rendered":"<p>Astaksantyna w suplemencie diety ECHT VITAL pozyskiwana jest zielonych alg Haematococcus Pluvialis o zawarto\u015bci karotenoid\u00f3w 95 %. Pochodzi z nowoczesnej farmy glon\u00f3w w Izraelu, zapewniaj\u0105cej najwy\u017csz\u0105 jako\u015b\u0107 produktu.Sk\u0142adniki:Oliwa z oliwek, witamina E (D-alfa-tokoferol), astaksantyna; kapsu\u0142ka \u017celowa: z \u017celatyny wo\u0142owej.1 kapsu\u0142ka zawiera 4 mg naturalnej astaksantyny.warto\u015bci od\u017cywcze w 100 g (w 2 kapsu\u0142kach)warto\u015b\u0107 energetyczna 3130 kJ\/ 745 kcal (26,2 kJ\/ 6,2) kcalt\u0142uszcz 64,9 g (554 mg)- nasycone kwasy t\u0142uszczowe 8,2 g (70 mg)w\u0119glowodany 8,7 g (74 mg)w tym cukier 0,0 g (0,0 g)bia\u0142ko 22,0 g (188,0 mg)s\u00f3l 0,0 g (0,0 mg)Astaksantyna 1,0 g (8 mg)Witamina E 3,5 g (29,8 mg)* (248% RWS)<\/p>\n<p>\u015arodki na przezi\u0119bienie<\/p>\n<p>napoj kokosowe biedronka, swanson cordyceps, domowe sposoby na biegunke m\u0105ka ziemniaczana, cappuccino kawa, ditetyk, mini mazurek, guarana do picia<\/p>\n<p>yyyyy<\/p>\n","protected":false},"excerpt":{"rendered":"<p>Astaksantyna w suplemencie diety ECHT VITAL pozyskiwana jest zielonych alg Haematococcus Pluvialis o zawarto\u015bci karotenoid\u00f3w 95 %. Pochodzi z nowoczesnej&hellip;<\/p>\n","protected":false},"featured_media":940,"comment_status":"closed","ping_status":"open","template":"","meta":[],"product_cat":[43],"product_tag":[723,628,637,640,678],"class_list":["post-939","product","type-product","status-publish","has-post-thumbnail","hentry","product_cat-uklad-pokarmowy-i-trawienie","product_tag-guar","product_tag-mieso-roslinne","product_tag-miso-paste","product_tag-siemie-lniane-na-surowo","product_tag-springrolls"],"_links":{"self":[{"href":"https:\/\/wegeblw.pl\/index.php\/wp-json\/wp\/v2\/product\/939","targetHints":{"allow":["GET"]}}],"collection":[{"href":"https:\/\/wegeblw.pl\/index.php\/wp-json\/wp\/v2\/product"}],"about":[{"href":"https:\/\/wegeblw.pl\/index.php\/wp-json\/wp\/v2\/types\/product"}],"replies":[{"embeddable":true,"href":"https:\/\/wegeblw.pl\/index.php\/wp-json\/wp\/v2\/comments?post=939"}],"wp:featuredmedia":[{"embeddable":true,"href":"https:\/\/wegeblw.pl\/index.php\/wp-json\/wp\/v2\/media\/940"}],"wp:attachment":[{"href":"https:\/\/wegeblw.pl\/index.php\/wp-json\/wp\/v2\/media?parent=939"}],"wp:term":[{"taxonomy":"product_cat","embeddable":true,"href":"https:\/\/wegeblw.pl\/index.php\/wp-json\/wp\/v2\/product_cat?post=939"},{"taxonomy":"product_tag","embeddable":true,"href":"https:\/\/wegeblw.pl\/index.php\/wp-json\/wp\/v2\/product_tag?post=939"}],"curies":[{"name":"wp","href":"https:\/\/api.w.org\/{rel}","templated":true}]}}