{"id":9395,"date":"2016-04-18T00:02:14","date_gmt":"2016-04-17T22:02:14","guid":{"rendered":"https:\/\/wegeblw.pl\/index.php\/produkt\/huzar-activ-plus-1l\/"},"modified":"2026-04-08T16:09:58","modified_gmt":"2026-04-08T14:09:58","slug":"huzar-activ-plus-1l","status":"publish","type":"product","link":"https:\/\/wegeblw.pl\/index.php\/produkt\/huzar-activ-plus-1l\/","title":{"rendered":"Huzar Activ Plus 1L"},"content":{"rendered":"<p>Thorne Iso-Phos Izolat Fosfatydyloseryny 60Vkaps<\/p>\n<p>Uk\u0142ad nerwowy i pami\u0119\u0107<\/p>\n<p>schab w plastrach, nerkowiec orzech, olej z pestek dyni t\u0142oczony na zimno, tu\u0144czyk po angielsku, acai jagody, piwo bezalkoholowe a zdrowie, any\u017c w ci\u0105\u017cy, m\u0105ka z semoliny<\/p>\n<p><a href=\"https:\/\/cudimiod.pl\/catering-dietetyczny-poznan\">https:\/\/cudimiod.pl\/catering-dietetyczny-poznan<\/a><\/p>\n","protected":false},"excerpt":{"rendered":"<p>Thorne Iso-Phos Izolat Fosfatydyloseryny 60Vkaps Uk\u0142ad nerwowy i pami\u0119\u0107 schab w plastrach, nerkowiec orzech, olej z pestek dyni t\u0142oczony na&hellip;<\/p>\n","protected":false},"featured_media":9396,"comment_status":"closed","ping_status":"open","template":"","meta":[],"product_cat":[419],"product_tag":[662,708,817,685,622],"class_list":["post-9395","product","type-product","status-publish","has-post-thumbnail","hentry","product_cat-srodki-ochrony-roslin","product_tag-co-mozna-zrobic-z-kokosa","product_tag-kurkuma-przyprawa-jak-stosowac","product_tag-niepasteryzowane-mleko","product_tag-sekacz-skad-pochodzi","product_tag-vege-mieso"],"_links":{"self":[{"href":"https:\/\/wegeblw.pl\/index.php\/wp-json\/wp\/v2\/product\/9395","targetHints":{"allow":["GET"]}}],"collection":[{"href":"https:\/\/wegeblw.pl\/index.php\/wp-json\/wp\/v2\/product"}],"about":[{"href":"https:\/\/wegeblw.pl\/index.php\/wp-json\/wp\/v2\/types\/product"}],"replies":[{"embeddable":true,"href":"https:\/\/wegeblw.pl\/index.php\/wp-json\/wp\/v2\/comments?post=9395"}],"wp:featuredmedia":[{"embeddable":true,"href":"https:\/\/wegeblw.pl\/index.php\/wp-json\/wp\/v2\/media\/9396"}],"wp:attachment":[{"href":"https:\/\/wegeblw.pl\/index.php\/wp-json\/wp\/v2\/media?parent=9395"}],"wp:term":[{"taxonomy":"product_cat","embeddable":true,"href":"https:\/\/wegeblw.pl\/index.php\/wp-json\/wp\/v2\/product_cat?post=9395"},{"taxonomy":"product_tag","embeddable":true,"href":"https:\/\/wegeblw.pl\/index.php\/wp-json\/wp\/v2\/product_tag?post=9395"}],"curies":[{"name":"wp","href":"https:\/\/api.w.org\/{rel}","templated":true}]}}