{"id":94,"date":"2016-05-29T11:45:08","date_gmt":"2016-05-29T09:45:08","guid":{"rendered":"https:\/\/wegeblw.pl\/index.php\/produkt\/hydrex-cisnienieniomierz-controly-rodzinny-b02-automatyczny-naramienny\/"},"modified":"2026-04-07T04:38:09","modified_gmt":"2026-04-07T02:38:09","slug":"hydrex-cisnienieniomierz-controly-rodzinny-b02-automatyczny-naramienny","status":"publish","type":"product","link":"https:\/\/wegeblw.pl\/index.php\/produkt\/hydrex-cisnienieniomierz-controly-rodzinny-b02-automatyczny-naramienny\/","title":{"rendered":"Hydrex Ci\u015bnienieniomierz Controly Rodzinny B02 automatyczny naramienny"},"content":{"rendered":"<p>Syrop do SodaStream Mountain DewKoncentrat do saturatora Soda stream pozwoli Ci na zrobienie do 9l Mountain Dew. Syrop mo\u017ce by\u0107 r\u00f3wnie\u017c stosowany do rozpuszczania w wodzie, co zagwarantuje niepodrabiany smak Mountain Dew.Pyszny nap\u00f3j w mgnieniu oka!W pierwszym kroku zab\u0105belkuj \u015bwie\u017c\u0105, zimn\u0105 wod\u0119 w ekspresie SodaStream. Nast\u0119pnie przechyl bytelk\u0119 SodaStream pod lekkim k\u0105tem i dodaj kilka kropelek syropu do zab\u0105belkowanej wody. Aby na ko\u0144cu potrz\u0105sn\u0105\u0107 delikatnie butelk\u0105 i wymiesza\u0107 dobrze smak. Po tak kr\u00f3tkiej chwili mo\u017cesz cieszy\u0107 si\u0119 pysznym napojem i orze\u017awij si\u0119 b\u0105belkami!<\/p>\n<p>Soki syropy i nektary<\/p>\n<p>czystek tr\u0105dzik, \u015bwie\u017cych, fasola bia\u0142a ja\u015b, dieta na cholesterol jad\u0142ospis, sk\u00f3rka cytryny, olejek z oregano swanson<\/p>\n<p><a href=\"https:\/\/www.wizytylekarskie-slask.pl\/kategorie\/teleporady\">https:\/\/www.wizytylekarskie-slask.pl\/kategorie\/teleporady<\/a><\/p>\n","protected":false},"excerpt":{"rendered":"<p>Syrop do SodaStream Mountain DewKoncentrat do saturatora Soda stream pozwoli Ci na zrobienie do 9l Mountain Dew. Syrop mo\u017ce by\u0107&hellip;<\/p>\n","protected":false},"featured_media":95,"comment_status":"closed","ping_status":"open","template":"","meta":[],"product_cat":[22],"product_tag":[643,731,732],"class_list":["post-94","product","type-product","status-publish","has-post-thumbnail","hentry","product_cat-cisnieniomierze-i-akcesoria","product_tag-jak-ugotowac-komose","product_tag-margaryna-bez-oleju-palmowego","product_tag-produkty-bez-laktozy"],"_links":{"self":[{"href":"https:\/\/wegeblw.pl\/index.php\/wp-json\/wp\/v2\/product\/94","targetHints":{"allow":["GET"]}}],"collection":[{"href":"https:\/\/wegeblw.pl\/index.php\/wp-json\/wp\/v2\/product"}],"about":[{"href":"https:\/\/wegeblw.pl\/index.php\/wp-json\/wp\/v2\/types\/product"}],"replies":[{"embeddable":true,"href":"https:\/\/wegeblw.pl\/index.php\/wp-json\/wp\/v2\/comments?post=94"}],"wp:featuredmedia":[{"embeddable":true,"href":"https:\/\/wegeblw.pl\/index.php\/wp-json\/wp\/v2\/media\/95"}],"wp:attachment":[{"href":"https:\/\/wegeblw.pl\/index.php\/wp-json\/wp\/v2\/media?parent=94"}],"wp:term":[{"taxonomy":"product_cat","embeddable":true,"href":"https:\/\/wegeblw.pl\/index.php\/wp-json\/wp\/v2\/product_cat?post=94"},{"taxonomy":"product_tag","embeddable":true,"href":"https:\/\/wegeblw.pl\/index.php\/wp-json\/wp\/v2\/product_tag?post=94"}],"curies":[{"name":"wp","href":"https:\/\/api.w.org\/{rel}","templated":true}]}}