{"id":9421,"date":"2016-10-11T23:01:41","date_gmt":"2016-10-11T21:01:41","guid":{"rendered":"https:\/\/wegeblw.pl\/index.php\/produkt\/nax-1000s-briggs-stratton\/"},"modified":"2026-04-07T01:11:13","modified_gmt":"2026-04-06T23:11:13","slug":"nax-1000s-briggs-stratton","status":"publish","type":"product","link":"https:\/\/wegeblw.pl\/index.php\/produkt\/nax-1000s-briggs-stratton\/","title":{"rendered":"NAX 1000S Briggs Stratton"},"content":{"rendered":"<p>1989 loste der SL der Baureihe R 129 seinen fast 20 Jahre lang gebauten Vorganger R 107 ab. Wie nicht anders zu erwarten, setzten die Schwaben auch mit dem neuen Modell die jahrzehntelange Tradition fort. Offen und zweisitzig, war der SL immer der Roadster fur hochste Anspruche gewesen, eben schlicht ein Traumwagen, der in Sachen Sicherheit, Komfort und Technik Mabstabe setzte. Diese uberarbeitete und umfassend erganzte Dokumentation aus der legendaren SL-Reihe von Autor Gunter Engelen zeigt erstmals die komplette Geschichte des R 129 von den Anfangen bis zu seinem letzten Baujahr 2001.Ksi\u0105\u017cka w j\u0119zyku niemieckim. Razem z instrukcj\u0105 mo\u017cesz zakupi\u0107 s\u0142ownik:Samochodowy s\u0142ownik polsko-niemiecki i niemiecko-polski (polecamy)Ilustrowany s\u0142ownik samochodowy 6-j\u0119zyczny<\/p>\n<p>Samochody i motocykle<\/p>\n<p>czubryca przyprawa, jakie nasiona na kie\u0142ki, sa\u0142ata radicchio, dr.jacobs, zupa miso z wakame, olejek malinowy, rurka z kremem kalorie, lody haagen-dazs sk\u0142ad, s\u0142omka metalowa, ciastka bezglutenowe biedronka<\/p>\n<p>yyyyy<\/p>\n","protected":false},"excerpt":{"rendered":"<p>1989 loste der SL der Baureihe R 129 seinen fast 20 Jahre lang gebauten Vorganger R 107 ab. Wie nicht&hellip;<\/p>\n","protected":false},"featured_media":9422,"comment_status":"closed","ping_status":"open","template":"","meta":[],"product_cat":[583],"product_tag":[730,664,639,697,696],"class_list":["post-9421","product","type-product","status-publish","has-post-thumbnail","hentry","product_cat-kosiarki-spalinowe","product_tag-jogody","product_tag-komoda-ryzowa","product_tag-organic-farma","product_tag-osteoporoza-a-banany","product_tag-vitapol-majonez-domowy"],"_links":{"self":[{"href":"https:\/\/wegeblw.pl\/index.php\/wp-json\/wp\/v2\/product\/9421","targetHints":{"allow":["GET"]}}],"collection":[{"href":"https:\/\/wegeblw.pl\/index.php\/wp-json\/wp\/v2\/product"}],"about":[{"href":"https:\/\/wegeblw.pl\/index.php\/wp-json\/wp\/v2\/types\/product"}],"replies":[{"embeddable":true,"href":"https:\/\/wegeblw.pl\/index.php\/wp-json\/wp\/v2\/comments?post=9421"}],"wp:featuredmedia":[{"embeddable":true,"href":"https:\/\/wegeblw.pl\/index.php\/wp-json\/wp\/v2\/media\/9422"}],"wp:attachment":[{"href":"https:\/\/wegeblw.pl\/index.php\/wp-json\/wp\/v2\/media?parent=9421"}],"wp:term":[{"taxonomy":"product_cat","embeddable":true,"href":"https:\/\/wegeblw.pl\/index.php\/wp-json\/wp\/v2\/product_cat?post=9421"},{"taxonomy":"product_tag","embeddable":true,"href":"https:\/\/wegeblw.pl\/index.php\/wp-json\/wp\/v2\/product_tag?post=9421"}],"curies":[{"name":"wp","href":"https:\/\/api.w.org\/{rel}","templated":true}]}}