{"id":9429,"date":"2024-05-04T08:42:22","date_gmt":"2024-05-04T06:42:22","guid":{"rendered":"https:\/\/wegeblw.pl\/?post_type=product&#038;p=9429"},"modified":"2026-04-07T06:38:54","modified_gmt":"2026-04-07T04:38:54","slug":"syngenta-fusilade-forte-150-ec-250ml","status":"publish","type":"product","link":"https:\/\/wegeblw.pl\/index.php\/produkt\/syngenta-fusilade-forte-150-ec-250ml\/","title":{"rendered":"Syngenta Fusilade Forte 150 EC 250ML"},"content":{"rendered":"<p>WSKAZANIA I ZALECENIA: Nadaje si\u0119 do ka\u017cdego rodzaju w\u0142os\u00f3w wymagaj\u0105cych cz\u0119stego (nawet codziennego) mycia. W\u0141A\u015aCIWO\u015aCI I DZIA\u0141ANIE: \u0141agodny \u015brodek myj\u0105cy (nie zawiera detergent\u00f3w), nie narusza hydrolipidowej warstwy ochronnej. Odbudowuje struktur\u0119 w\u0142osa, dzia\u0142a antystatycznie. U\u0142atwia uk\u0142adanie i rozczesywanie w\u0142os\u00f3w. SPOS\u00d3B U\u017bYCIA: Na\u0142o\u017cy\u0107 niewielk\u0105 ilo\u015b\u0107 szamponu na zmoczon\u0105 uprzednio sk\u00f3r\u0119 g\u0142owy. Delikatnie masowa\u0107 sk\u00f3r\u0119 g\u0142owy nast\u0119pnie dok\u0142adnie sp\u0142uka\u0107 wod\u0105. Czynno\u015b\u0107 powt\u00f3rzy\u0107. O ile to mo\u017cliwe, pozostawi\u0107, aby w\u0142osy wysch\u0142y same. Mo\u017ce by\u0107 stosowany tak cz\u0119sto jak to konieczne.<\/p>\n<p>Dermokosmetyki<\/p>\n<p>myd\u0142o alepia, czerwona cebula wlasciwosci lecznicze, gdzie kupi\u0107 erytrytol, przyprawy w ci\u0105\u017cy, lavandulae flos, czaenuszka, akcesoria do wyrobu \u015bwiec, mini mazurek, przyprawa do piernika, sposoby na \u0142adn\u0105 cer\u0119, only bio olejek<\/p>\n<p>yyyyy<\/p>\n","protected":false},"excerpt":{"rendered":"<p>WSKAZANIA I ZALECENIA: Nadaje si\u0119 do ka\u017cdego rodzaju w\u0142os\u00f3w wymagaj\u0105cych cz\u0119stego (nawet codziennego) mycia. W\u0141A\u015aCIWO\u015aCI I DZIA\u0141ANIE: \u0141agodny \u015brodek myj\u0105cy&hellip;<\/p>\n","protected":false},"featured_media":9430,"comment_status":"closed","ping_status":"open","template":"","meta":[],"product_cat":[419],"product_tag":[863,764,717],"class_list":["post-9429","product","type-product","status-publish","has-post-thumbnail","hentry","product_cat-srodki-ochrony-roslin","product_tag-antidotum","product_tag-jogurty-bez-mleka","product_tag-odzywka-onlybio"],"_links":{"self":[{"href":"https:\/\/wegeblw.pl\/index.php\/wp-json\/wp\/v2\/product\/9429","targetHints":{"allow":["GET"]}}],"collection":[{"href":"https:\/\/wegeblw.pl\/index.php\/wp-json\/wp\/v2\/product"}],"about":[{"href":"https:\/\/wegeblw.pl\/index.php\/wp-json\/wp\/v2\/types\/product"}],"replies":[{"embeddable":true,"href":"https:\/\/wegeblw.pl\/index.php\/wp-json\/wp\/v2\/comments?post=9429"}],"wp:featuredmedia":[{"embeddable":true,"href":"https:\/\/wegeblw.pl\/index.php\/wp-json\/wp\/v2\/media\/9430"}],"wp:attachment":[{"href":"https:\/\/wegeblw.pl\/index.php\/wp-json\/wp\/v2\/media?parent=9429"}],"wp:term":[{"taxonomy":"product_cat","embeddable":true,"href":"https:\/\/wegeblw.pl\/index.php\/wp-json\/wp\/v2\/product_cat?post=9429"},{"taxonomy":"product_tag","embeddable":true,"href":"https:\/\/wegeblw.pl\/index.php\/wp-json\/wp\/v2\/product_tag?post=9429"}],"curies":[{"name":"wp","href":"https:\/\/api.w.org\/{rel}","templated":true}]}}