{"id":9443,"date":"2025-02-21T02:15:06","date_gmt":"2025-02-21T01:15:06","guid":{"rendered":"https:\/\/wegeblw.pl\/?post_type=product&#038;p=9443"},"modified":"2026-04-07T06:52:53","modified_gmt":"2026-04-07T04:52:53","slug":"multi-mam-bioaktywny-zel-na-zabkowanie-babydent-15ml","status":"publish","type":"product","link":"https:\/\/wegeblw.pl\/index.php\/produkt\/multi-mam-bioaktywny-zel-na-zabkowanie-babydent-15ml\/","title":{"rendered":"Multi-Mam Bioaktywny \u017cel na z\u0105bkowanie BabyDent 15ml"},"content":{"rendered":"<p>KO01 HMS &#8211; to obrotowy twister magnetyczny. Produkt doskonale sprawdzi si\u0119 jako przyrz\u0105d do \u0107wicze\u0144 fitness w warunkach domowych.<\/p>\n<p>Twistery<\/p>\n<p>pierogi bezglutenowe z m\u0105ki sch\u00e4r, \u015bmietanka krem\u00f3wka, extra virgin, jogurt cena, siarka do k\u0105pieli w domu gdzie kupi\u0107<\/p>\n<p>yyyyy<\/p>\n","protected":false},"excerpt":{"rendered":"<p>KO01 HMS &#8211; to obrotowy twister magnetyczny. Produkt doskonale sprawdzi si\u0119 jako przyrz\u0105d do \u0107wicze\u0144 fitness w warunkach domowych. Twistery&hellip;<\/p>\n","protected":false},"featured_media":9444,"comment_status":"closed","ping_status":"open","template":"","meta":[],"product_cat":[333],"product_tag":[650,820,686,668],"class_list":["post-9443","product","type-product","status-publish","has-post-thumbnail","hentry","product_cat-dzieci-i-niemowleta","product_tag-biala-kielbasa","product_tag-produkty-bez-laktozy-sklep","product_tag-sekacz-skad","product_tag-wolowina-ekologiczna"],"_links":{"self":[{"href":"https:\/\/wegeblw.pl\/index.php\/wp-json\/wp\/v2\/product\/9443","targetHints":{"allow":["GET"]}}],"collection":[{"href":"https:\/\/wegeblw.pl\/index.php\/wp-json\/wp\/v2\/product"}],"about":[{"href":"https:\/\/wegeblw.pl\/index.php\/wp-json\/wp\/v2\/types\/product"}],"replies":[{"embeddable":true,"href":"https:\/\/wegeblw.pl\/index.php\/wp-json\/wp\/v2\/comments?post=9443"}],"wp:featuredmedia":[{"embeddable":true,"href":"https:\/\/wegeblw.pl\/index.php\/wp-json\/wp\/v2\/media\/9444"}],"wp:attachment":[{"href":"https:\/\/wegeblw.pl\/index.php\/wp-json\/wp\/v2\/media?parent=9443"}],"wp:term":[{"taxonomy":"product_cat","embeddable":true,"href":"https:\/\/wegeblw.pl\/index.php\/wp-json\/wp\/v2\/product_cat?post=9443"},{"taxonomy":"product_tag","embeddable":true,"href":"https:\/\/wegeblw.pl\/index.php\/wp-json\/wp\/v2\/product_tag?post=9443"}],"curies":[{"name":"wp","href":"https:\/\/api.w.org\/{rel}","templated":true}]}}