{"id":9445,"date":"2020-03-20T08:52:31","date_gmt":"2020-03-20T07:52:31","guid":{"rendered":"https:\/\/wegeblw.pl\/index.php\/produkt\/wiaterek-na-kolke-kateter-dla-niemowlat-5-szt\/"},"modified":"2026-04-08T01:57:51","modified_gmt":"2026-04-07T23:57:51","slug":"wiaterek-na-kolke-kateter-dla-niemowlat-5-szt","status":"publish","type":"product","link":"https:\/\/wegeblw.pl\/index.php\/produkt\/wiaterek-na-kolke-kateter-dla-niemowlat-5-szt\/","title":{"rendered":"Wiaterek na kolk\u0119 kateter dla niemowl\u0105t 5 szt"},"content":{"rendered":"<p>Zdrowa \u017cywno\u015b\u0107<\/p>\n<p>r\u00f3\u017cd\u017cki smaku, prosty sklad, kurkuma ile dziennie, erytrol dla cukrzyka, rumianek przeciwwskazania, eco torba, maka jaglana gluten, czy sa\u0142ata lodowa jest zdrowa, ser parmezan<\/p>\n<p>yyyyy<\/p>\n","protected":false},"excerpt":{"rendered":"<p>Zdrowa \u017cywno\u015b\u0107 r\u00f3\u017cd\u017cki smaku, prosty sklad, kurkuma ile dziennie, erytrol dla cukrzyka, rumianek przeciwwskazania, eco torba, maka jaglana gluten, czy&hellip;<\/p>\n","protected":false},"featured_media":9446,"comment_status":"closed","ping_status":"open","template":"","meta":[],"product_cat":[333],"product_tag":[874,779,775,691,654],"class_list":["post-9445","product","type-product","status-publish","has-post-thumbnail","hentry","product_cat-dzieci-i-niemowleta","product_tag-czym-mozna-zastapic-jogurt-naturalny","product_tag-jak-gotowac-komose","product_tag-kwasna-smietana","product_tag-olej-ryzowy-wlasciwosci","product_tag-plastik-w-oceanach"],"_links":{"self":[{"href":"https:\/\/wegeblw.pl\/index.php\/wp-json\/wp\/v2\/product\/9445","targetHints":{"allow":["GET"]}}],"collection":[{"href":"https:\/\/wegeblw.pl\/index.php\/wp-json\/wp\/v2\/product"}],"about":[{"href":"https:\/\/wegeblw.pl\/index.php\/wp-json\/wp\/v2\/types\/product"}],"replies":[{"embeddable":true,"href":"https:\/\/wegeblw.pl\/index.php\/wp-json\/wp\/v2\/comments?post=9445"}],"wp:featuredmedia":[{"embeddable":true,"href":"https:\/\/wegeblw.pl\/index.php\/wp-json\/wp\/v2\/media\/9446"}],"wp:attachment":[{"href":"https:\/\/wegeblw.pl\/index.php\/wp-json\/wp\/v2\/media?parent=9445"}],"wp:term":[{"taxonomy":"product_cat","embeddable":true,"href":"https:\/\/wegeblw.pl\/index.php\/wp-json\/wp\/v2\/product_cat?post=9445"},{"taxonomy":"product_tag","embeddable":true,"href":"https:\/\/wegeblw.pl\/index.php\/wp-json\/wp\/v2\/product_tag?post=9445"}],"curies":[{"name":"wp","href":"https:\/\/api.w.org\/{rel}","templated":true}]}}